{"id":35777,"date":"2022-12-10T16:00:28","date_gmt":"2022-12-10T14:00:28","guid":{"rendered":"https:\/\/ddt.lv\/lv\/product\/cr2354-baterija-litija-varta-bl1\/"},"modified":"2026-04-13T09:57:28","modified_gmt":"2026-04-13T06:57:28","slug":"cr2354-baterija-litija-varta-bl1","status":"publish","type":"product","link":"https:\/\/ddt.lv\/lv\/product\/cr2354-baterija-litija-varta-bl1\/","title":{"rendered":"CR2354 baterija Litija VARTA BL1"},"content":{"rendered":"<p>CR2354\/DL2354 3V Litija baterijas lieliski kalpos\u00a0auto pult\u012bs, kalkulatoros, 3D brill\u0113s, svaros, kamer\u0101s, signaliz\u0101cij\u0101s, skait\u012bt\u0101jos un daudz\u0101s cit\u0101s elektronisk\u0101s ier\u012bces. Baterij\u0101m rakstur\u012bgs ilgs der\u012bguma termi\u0146\u0161 &#8211; l\u012bdz pat 10 gadiem.<\/p>","protected":false},"excerpt":{"rendered":"<p>CR2354\/DL2354 3V Litija baterijas lieliski kalpos\u00a0auto pult\u012bs, kalkulatoros, 3D brill\u0113s, svaros, kamer\u0101s, signaliz\u0101cij\u0101s, skait\u012bt\u0101jos un daudz\u0101s cit\u0101s elektronisk\u0101s ier\u012bces. Baterij\u0101m rakstur\u012bgs ilgs der\u012bguma termi\u0146\u0161 &#8211; l\u012bdz pat 10 gadiem.<\/p>\n","protected":false},"featured_media":35821,"comment_status":"closed","ping_status":"closed","template":"","meta":{"inline_featured_image":false},"product_cat":[450],"product_tag":[],"yst_prominent_words":[],"class_list":{"0":"post-35777","1":"product","2":"type-product","3":"status-publish","4":"has-post-thumbnail","6":"product_cat-litija-tablesveida","8":"first","9":"instock","10":"taxable","11":"shipping-taxable","12":"purchasable","13":"product-type-simple"},"jetpack_sharing_enabled":true,"_links":{"self":[{"href":"https:\/\/ddt.lv\/lv\/wp-json\/wp\/v2\/product\/35777"}],"collection":[{"href":"https:\/\/ddt.lv\/lv\/wp-json\/wp\/v2\/product"}],"about":[{"href":"https:\/\/ddt.lv\/lv\/wp-json\/wp\/v2\/types\/product"}],"replies":[{"embeddable":true,"href":"https:\/\/ddt.lv\/lv\/wp-json\/wp\/v2\/comments?post=35777"}],"wp:featuredmedia":[{"embeddable":true,"href":"https:\/\/ddt.lv\/lv\/wp-json\/wp\/v2\/media\/35821"}],"wp:attachment":[{"href":"https:\/\/ddt.lv\/lv\/wp-json\/wp\/v2\/media?parent=35777"}],"wp:term":[{"taxonomy":"product_cat","embeddable":true,"href":"https:\/\/ddt.lv\/lv\/wp-json\/wp\/v2\/product_cat?post=35777"},{"taxonomy":"product_tag","embeddable":true,"href":"https:\/\/ddt.lv\/lv\/wp-json\/wp\/v2\/product_tag?post=35777"},{"taxonomy":"yst_prominent_words","embeddable":true,"href":"https:\/\/ddt.lv\/lv\/wp-json\/wp\/v2\/yst_prominent_words?post=35777"}],"curies":[{"name":"wp","href":"https:\/\/api.w.org\/{rel}","templated":true}]}}