{"id":35693,"date":"2022-12-10T15:20:30","date_gmt":"2022-12-10T13:20:30","guid":{"rendered":"https:\/\/ddt.lv\/lv\/product\/dur-9v-10-intense-procell-baterija-alkaline-tray10-10gb-industrial\/"},"modified":"2026-04-09T12:00:29","modified_gmt":"2026-04-09T09:00:29","slug":"dur-9v-10-intense-procell-baterija-alkaline-tray10-10gb-industrial","status":"publish","type":"product","link":"https:\/\/ddt.lv\/lv\/product\/dur-9v-10-intense-procell-baterija-alkaline-tray10-10gb-industrial\/","title":{"rendered":"DURACELL 9V\/10 Intense PROCELL baterija Alkaline Industrial"},"content":{"rendered":"<p>Duracell Procell Alkaline Intense Power 9V\/6LR61\/6LF22\/MN1604 628mAh baterija. (Cena nor\u0101d\u012bta p\u0113rkot 1 gab iepakojumu, iepakojum\u0101 baterijas &#8211; 10 gab.)<\/p>\n<p>Procell Alkaline Intense Power 9V industrial baterijas ir \u012bpa\u0161i paredz\u0113tas ilg\u0101kam darbam\u00a0profesion\u0101l\u0101s ier\u012bc\u0113s ar lielu ener\u0123ijas pat\u0113ri\u0146u, piem\u0113ram, asinsspiediena m\u0113r\u012bt\u0101ji, ziepju dozatori vai luktur\u012b\u0161i.<\/p>\n<ul>\n<li>L\u012bdz 20% ilg\u0101ks kalpo\u0161anas laiks;<\/li>\n<li>Uzticama veiktsp\u0113ja;<\/li>\n<li>Lieliska iztur\u012bba pret koroziju;<\/li>\n<li>Ra\u017eotas augst\u0101kas kvalit\u0101tes kontroles apst\u0101k\u013cos;<\/li>\n<\/ul>\n<p><\/p>","protected":false},"excerpt":{"rendered":"<p>Duracell Procell Alkaline Intense Power 9V\/6LR61\/6LF22\/MN1604 628mAh baterija. (Cena nor\u0101d\u012bta p\u0113rkot 1 gab iepakojumu, iepakojum\u0101 baterijas &#8211; 10 gab.) Procell Alkaline Intense Power 9V industrial baterijas ir \u012bpa\u0161i paredz\u0113tas ilg\u0101kam darbam\u00a0profesion\u0101l\u0101s ier\u012bc\u0113s ar lielu ener\u0123ijas pat\u0113ri\u0146u, piem\u0113ram, asinsspiediena m\u0113r\u012bt\u0101ji, ziepju dozatori vai luktur\u012b\u0161i. L\u012bdz 20% ilg\u0101ks kalpo\u0161anas laiks; Uzticama veiktsp\u0113ja; Lieliska iztur\u012bba pret koroziju; Ra\u017eotas [&hellip;]<\/p>\n","protected":false},"featured_media":35818,"comment_status":"closed","ping_status":"closed","template":"","meta":{"inline_featured_image":false},"product_cat":[772,446],"product_tag":[],"yst_prominent_words":[],"class_list":{"0":"post-35693","1":"product","2":"type-product","3":"status-publish","4":"has-post-thumbnail","6":"product_cat-atlaides","7":"product_cat-9v","9":"first","10":"instock","11":"sale","12":"taxable","13":"shipping-taxable","14":"purchasable","15":"product-type-simple"},"jetpack_sharing_enabled":true,"_links":{"self":[{"href":"https:\/\/ddt.lv\/lv\/wp-json\/wp\/v2\/product\/35693"}],"collection":[{"href":"https:\/\/ddt.lv\/lv\/wp-json\/wp\/v2\/product"}],"about":[{"href":"https:\/\/ddt.lv\/lv\/wp-json\/wp\/v2\/types\/product"}],"replies":[{"embeddable":true,"href":"https:\/\/ddt.lv\/lv\/wp-json\/wp\/v2\/comments?post=35693"}],"wp:featuredmedia":[{"embeddable":true,"href":"https:\/\/ddt.lv\/lv\/wp-json\/wp\/v2\/media\/35818"}],"wp:attachment":[{"href":"https:\/\/ddt.lv\/lv\/wp-json\/wp\/v2\/media?parent=35693"}],"wp:term":[{"taxonomy":"product_cat","embeddable":true,"href":"https:\/\/ddt.lv\/lv\/wp-json\/wp\/v2\/product_cat?post=35693"},{"taxonomy":"product_tag","embeddable":true,"href":"https:\/\/ddt.lv\/lv\/wp-json\/wp\/v2\/product_tag?post=35693"},{"taxonomy":"yst_prominent_words","embeddable":true,"href":"https:\/\/ddt.lv\/lv\/wp-json\/wp\/v2\/yst_prominent_words?post=35693"}],"curies":[{"name":"wp","href":"https:\/\/api.w.org\/{rel}","templated":true}]}}