{"id":35692,"date":"2022-12-10T15:20:29","date_gmt":"2022-12-10T13:20:29","guid":{"rendered":"https:\/\/ddt.lv\/lv\/product\/dur-aa-10-intense-procell-baterija-alkaline-tray10-10gb-industrial\/"},"modified":"2026-04-14T16:35:28","modified_gmt":"2026-04-14T13:35:28","slug":"dur-aa-10-intense-procell-baterija-alkaline-tray10-10gb-industrial","status":"publish","type":"product","link":"https:\/\/ddt.lv\/lv\/product\/dur-aa-10-intense-procell-baterija-alkaline-tray10-10gb-industrial\/","title":{"rendered":"DURACELL AA\/10 Intense PROCELL baterija Alkaline Industrial"},"content":{"rendered":"<p>Duracell Procell Alkaline Intense Power AA\/LR06\/MIGNON\/MN1500 1.5V 3112mAh baterija.<\/p>\n<p>Procell Alkaline Intense Power AA industrial baterijas ir \u012bpa\u0161i paredz\u0113tas ilg\u0101kam darbam profesion\u0101l\u0101s ier\u012bc\u0113s ar lielu ener\u0123ijas pat\u0113ri\u0146u, piem\u0113ram, asinsspiediena m\u0113r\u012bt\u0101ji, ziepju dozatori vai luktur\u012b\u0161i.<\/p>\n<ul>\n<li>L\u012bdz 30% ilg\u0101ks kalpo\u0161anas laiks;<\/li>\n<li>Uzticama veiktsp\u0113ja;<\/li>\n<li>Lieliska iztur\u012bba pret koroziju;<\/li>\n<li>Ra\u017eotas augst\u0101kas kvalit\u0101tes kontroles apst\u0101k\u013cos;<\/li>\n<\/ul>\n<p><\/p>","protected":false},"excerpt":{"rendered":"<p>Duracell Procell Alkaline Intense Power AA\/LR06\/MIGNON\/MN1500 1.5V 3112mAh baterija. Procell Alkaline Intense Power AA industrial baterijas ir \u012bpa\u0161i paredz\u0113tas ilg\u0101kam darbam profesion\u0101l\u0101s ier\u012bc\u0113s ar lielu ener\u0123ijas pat\u0113ri\u0146u, piem\u0113ram, asinsspiediena m\u0113r\u012bt\u0101ji, ziepju dozatori vai luktur\u012b\u0161i. L\u012bdz 30% ilg\u0101ks kalpo\u0161anas laiks; Uzticama veiktsp\u0113ja; Lieliska iztur\u012bba pret koroziju; Ra\u017eotas augst\u0101kas kvalit\u0101tes kontroles apst\u0101k\u013cos;<\/p>\n","protected":false},"featured_media":35814,"comment_status":"closed","ping_status":"closed","template":"","meta":{"inline_featured_image":false},"product_cat":[772,441],"product_tag":[],"yst_prominent_words":[],"class_list":{"0":"post-35692","1":"product","2":"type-product","3":"status-publish","4":"has-post-thumbnail","6":"product_cat-atlaides","7":"product_cat-aa","9":"first","10":"instock","11":"sale","12":"taxable","13":"shipping-taxable","14":"purchasable","15":"product-type-simple"},"jetpack_sharing_enabled":true,"_links":{"self":[{"href":"https:\/\/ddt.lv\/lv\/wp-json\/wp\/v2\/product\/35692"}],"collection":[{"href":"https:\/\/ddt.lv\/lv\/wp-json\/wp\/v2\/product"}],"about":[{"href":"https:\/\/ddt.lv\/lv\/wp-json\/wp\/v2\/types\/product"}],"replies":[{"embeddable":true,"href":"https:\/\/ddt.lv\/lv\/wp-json\/wp\/v2\/comments?post=35692"}],"wp:featuredmedia":[{"embeddable":true,"href":"https:\/\/ddt.lv\/lv\/wp-json\/wp\/v2\/media\/35814"}],"wp:attachment":[{"href":"https:\/\/ddt.lv\/lv\/wp-json\/wp\/v2\/media?parent=35692"}],"wp:term":[{"taxonomy":"product_cat","embeddable":true,"href":"https:\/\/ddt.lv\/lv\/wp-json\/wp\/v2\/product_cat?post=35692"},{"taxonomy":"product_tag","embeddable":true,"href":"https:\/\/ddt.lv\/lv\/wp-json\/wp\/v2\/product_tag?post=35692"},{"taxonomy":"yst_prominent_words","embeddable":true,"href":"https:\/\/ddt.lv\/lv\/wp-json\/wp\/v2\/yst_prominent_words?post=35692"}],"curies":[{"name":"wp","href":"https:\/\/api.w.org\/{rel}","templated":true}]}}