{"id":35682,"date":"2022-12-10T00:00:29","date_gmt":"2022-12-09T22:00:29","guid":{"rendered":"https:\/\/ddt.lv\/lv\/product\/35682\/"},"modified":"2026-04-13T09:46:32","modified_gmt":"2026-04-13T06:46:32","slug":"35682","status":"publish","type":"product","link":"https:\/\/ddt.lv\/lv\/product\/10613-trilogy-light-lukturis-24903-varta\/","title":{"rendered":"10613 TRILOGY LIGHT Lukturis 2*4903 VARTA"},"content":{"rendered":"<p>Met\u0101la korpuss, ra\u017eot\u0101ja pied\u0101v\u0101jum\u0101 tr\u012bs kr\u0101sas: sarkana, zila un za\u013ca. Pieejama &#8211; sarkana.<\/p>\n<p>Ergonomisks dizains, p\u0101rn\u0113s\u0101\u0161anas siksna.<\/p>\n<p>Svars ar baterij\u0101m 70 g<br \/>\nGalvas diametrs 31 mm<br \/>\nMinim\u0101lais gaismas stara att\u0101lums (apgaismojuma att\u0101lums) 14,7 m<\/p>","protected":false},"excerpt":{"rendered":"<p>Met\u0101la korpuss, ra\u017eot\u0101ja pied\u0101v\u0101jum\u0101 tr\u012bs kr\u0101sas: sarkana, zila un za\u013ca. Pieejama &#8211; sarkana. Ergonomisks dizains, p\u0101rn\u0113s\u0101\u0161anas siksna. Svars ar baterij\u0101m 70 g Galvas diametrs 31 mm Minim\u0101lais gaismas stara att\u0101lums (apgaismojuma att\u0101lums) 14,7 m<\/p>\n","protected":false},"featured_media":35811,"comment_status":"closed","ping_status":"closed","template":"","meta":{"inline_featured_image":false},"product_cat":[772,726],"product_tag":[],"yst_prominent_words":[],"class_list":{"0":"post-35682","1":"product","2":"type-product","3":"status-publish","4":"has-post-thumbnail","6":"product_cat-atlaides","7":"product_cat-kabatas","9":"first","10":"instock","11":"sale","12":"taxable","13":"shipping-taxable","14":"purchasable","15":"product-type-simple"},"jetpack_sharing_enabled":true,"_links":{"self":[{"href":"https:\/\/ddt.lv\/lv\/wp-json\/wp\/v2\/product\/35682"}],"collection":[{"href":"https:\/\/ddt.lv\/lv\/wp-json\/wp\/v2\/product"}],"about":[{"href":"https:\/\/ddt.lv\/lv\/wp-json\/wp\/v2\/types\/product"}],"replies":[{"embeddable":true,"href":"https:\/\/ddt.lv\/lv\/wp-json\/wp\/v2\/comments?post=35682"}],"wp:featuredmedia":[{"embeddable":true,"href":"https:\/\/ddt.lv\/lv\/wp-json\/wp\/v2\/media\/35811"}],"wp:attachment":[{"href":"https:\/\/ddt.lv\/lv\/wp-json\/wp\/v2\/media?parent=35682"}],"wp:term":[{"taxonomy":"product_cat","embeddable":true,"href":"https:\/\/ddt.lv\/lv\/wp-json\/wp\/v2\/product_cat?post=35682"},{"taxonomy":"product_tag","embeddable":true,"href":"https:\/\/ddt.lv\/lv\/wp-json\/wp\/v2\/product_tag?post=35682"},{"taxonomy":"yst_prominent_words","embeddable":true,"href":"https:\/\/ddt.lv\/lv\/wp-json\/wp\/v2\/yst_prominent_words?post=35682"}],"curies":[{"name":"wp","href":"https:\/\/api.w.org\/{rel}","templated":true}]}}