{"id":35681,"date":"2022-12-10T00:00:28","date_gmt":"2022-12-09T22:00:28","guid":{"rendered":"https:\/\/ddt.lv\/lv\/product\/lukturis-palm-light-1x3r12-varta\/"},"modified":"2026-04-08T14:26:26","modified_gmt":"2026-04-08T11:26:26","slug":"lukturis-palm-light-1x3r12-varta","status":"publish","type":"product","link":"https:\/\/ddt.lv\/lv\/product\/lukturis-palm-light-1x3r12-varta\/","title":{"rendered":"Lukturis  PALM LIGHT 1x3R12 VARTA"},"content":{"rendered":"<p>Neatkar\u012bgi no gaismas veida \u2013 \u0161ie \u012bpa\u0161ie lukturi pied\u0101v\u0101 labi p\u0101rdom\u0101tas funkcijas un ir uzticams risin\u0101jums jebkuram lietojumam.z<\/p>","protected":false},"excerpt":{"rendered":"<p>Neatkar\u012bgi no gaismas veida \u2013 \u0161ie \u012bpa\u0161ie lukturi pied\u0101v\u0101 labi p\u0101rdom\u0101tas funkcijas un ir uzticams risin\u0101jums jebkuram lietojumam.z<\/p>\n","protected":false},"featured_media":35808,"comment_status":"closed","ping_status":"closed","template":"","meta":{"inline_featured_image":false},"product_cat":[772,727,726],"product_tag":[],"yst_prominent_words":[],"class_list":{"0":"post-35681","1":"product","2":"type-product","3":"status-publish","4":"has-post-thumbnail","6":"product_cat-atlaides","7":"product_cat-galvas","8":"product_cat-kabatas","10":"first","11":"instock","12":"sale","13":"taxable","14":"shipping-taxable","15":"purchasable","16":"product-type-simple"},"jetpack_sharing_enabled":true,"_links":{"self":[{"href":"https:\/\/ddt.lv\/lv\/wp-json\/wp\/v2\/product\/35681"}],"collection":[{"href":"https:\/\/ddt.lv\/lv\/wp-json\/wp\/v2\/product"}],"about":[{"href":"https:\/\/ddt.lv\/lv\/wp-json\/wp\/v2\/types\/product"}],"replies":[{"embeddable":true,"href":"https:\/\/ddt.lv\/lv\/wp-json\/wp\/v2\/comments?post=35681"}],"wp:featuredmedia":[{"embeddable":true,"href":"https:\/\/ddt.lv\/lv\/wp-json\/wp\/v2\/media\/35808"}],"wp:attachment":[{"href":"https:\/\/ddt.lv\/lv\/wp-json\/wp\/v2\/media?parent=35681"}],"wp:term":[{"taxonomy":"product_cat","embeddable":true,"href":"https:\/\/ddt.lv\/lv\/wp-json\/wp\/v2\/product_cat?post=35681"},{"taxonomy":"product_tag","embeddable":true,"href":"https:\/\/ddt.lv\/lv\/wp-json\/wp\/v2\/product_tag?post=35681"},{"taxonomy":"yst_prominent_words","embeddable":true,"href":"https:\/\/ddt.lv\/lv\/wp-json\/wp\/v2\/yst_prominent_words?post=35681"}],"curies":[{"name":"wp","href":"https:\/\/api.w.org\/{rel}","templated":true}]}}