{"id":35680,"date":"2022-12-09T22:20:30","date_gmt":"2022-12-09T20:20:30","guid":{"rendered":"https:\/\/ddt.lv\/lv\/product\/18660-led-work-light-435-lukturis-varta\/"},"modified":"2026-04-06T10:46:55","modified_gmt":"2026-04-06T07:46:55","slug":"18660-led-work-light-435-lukturis-varta","status":"publish","type":"product","link":"https:\/\/ddt.lv\/lv\/product\/18660-led-work-light-435-lukturis-varta\/","title":{"rendered":"18660 LED WORK LIGHT 435  Lukturis  VARTA"},"content":{"rendered":"<p>Darbam piem\u0113rots lukturis no Varta.<\/p>\n<p>2 spilgtuma l\u012bme\u0146i:<br \/>\n&#8211; 100% parastaj\u0101 re\u017e\u012bm\u0101<br \/>\n&#8211; 50% ener\u0123ijas taup\u012b\u0161anas re\u017e\u012bm\u0101<\/p>\n<p>145\u00b0 groz\u0101ma galva, regul\u0113jams augstums<br \/>\nPretsk\u0101bes, prete\u013c\u013cas laka<br \/>\nP\u0101rn\u0113s\u0101\u0161anas siksna optim\u0101lam lieto\u0161anas komfortam.<\/p>","protected":false},"excerpt":{"rendered":"<p>Darbam piem\u0113rots lukturis no Varta. 2 spilgtuma l\u012bme\u0146i: &#8211; 100% parastaj\u0101 re\u017e\u012bm\u0101 &#8211; 50% ener\u0123ijas taup\u012b\u0161anas re\u017e\u012bm\u0101 145\u00b0 groz\u0101ma galva, regul\u0113jams augstums Pretsk\u0101bes, prete\u013c\u013cas laka P\u0101rn\u0113s\u0101\u0161anas siksna optim\u0101lam lieto\u0161anas komfortam.<\/p>\n","protected":false},"featured_media":35804,"comment_status":"closed","ping_status":"closed","template":"","meta":{"inline_featured_image":false},"product_cat":[772,728],"product_tag":[],"yst_prominent_words":[],"class_list":{"0":"post-35680","1":"product","2":"type-product","3":"status-publish","4":"has-post-thumbnail","6":"product_cat-atlaides","7":"product_cat-ar-magnetu","9":"first","10":"outofstock","11":"sale","12":"taxable","13":"shipping-taxable","14":"purchasable","15":"product-type-simple"},"jetpack_sharing_enabled":true,"_links":{"self":[{"href":"https:\/\/ddt.lv\/lv\/wp-json\/wp\/v2\/product\/35680"}],"collection":[{"href":"https:\/\/ddt.lv\/lv\/wp-json\/wp\/v2\/product"}],"about":[{"href":"https:\/\/ddt.lv\/lv\/wp-json\/wp\/v2\/types\/product"}],"replies":[{"embeddable":true,"href":"https:\/\/ddt.lv\/lv\/wp-json\/wp\/v2\/comments?post=35680"}],"wp:featuredmedia":[{"embeddable":true,"href":"https:\/\/ddt.lv\/lv\/wp-json\/wp\/v2\/media\/35804"}],"wp:attachment":[{"href":"https:\/\/ddt.lv\/lv\/wp-json\/wp\/v2\/media?parent=35680"}],"wp:term":[{"taxonomy":"product_cat","embeddable":true,"href":"https:\/\/ddt.lv\/lv\/wp-json\/wp\/v2\/product_cat?post=35680"},{"taxonomy":"product_tag","embeddable":true,"href":"https:\/\/ddt.lv\/lv\/wp-json\/wp\/v2\/product_tag?post=35680"},{"taxonomy":"yst_prominent_words","embeddable":true,"href":"https:\/\/ddt.lv\/lv\/wp-json\/wp\/v2\/yst_prominent_words?post=35680"}],"curies":[{"name":"wp","href":"https:\/\/api.w.org\/{rel}","templated":true}]}}