{"id":35679,"date":"2022-12-09T22:20:29","date_gmt":"2022-12-09T20:20:29","guid":{"rendered":"https:\/\/ddt.lv\/lv\/product\/18629-led-outdoor-sports-f30-3c-lukturis-varta\/"},"modified":"2026-04-06T11:06:06","modified_gmt":"2026-04-06T08:06:06","slug":"18629-led-outdoor-sports-f30-3c-lukturis-varta","status":"publish","type":"product","link":"https:\/\/ddt.lv\/lv\/product\/18629-led-outdoor-sports-f30-3c-lukturis-varta\/","title":{"rendered":"18629 LED OUTDOOR SPORTS F30 3C Lukturis VARTA"},"content":{"rendered":"<p>Varta Outdoor Sports s\u0113rijas lukturi ir stabili un uzticami piedz\u012bvojumu mekl\u0113t\u0101ju pavado\u0146i. Aizsardz\u012bba pret \u016bdeni un putek\u013ciem, stabils korpuss un ilgs darb\u012bbas laiks raksturo \u0161\u012bs gaismas izmanto\u0161anai \u0101rpus telp\u0101m. Outdoor Sports F30 darbojas ar 3 Baby C baterij\u0101m un sasniedz l\u012bdz 350 lm spilgtumu, apgaismojuma ilgumu l\u012bdz 120 stund\u0101m un apgaismojuma diapazonu l\u012bdz 145 metriem. Papildus jaud\u012bgajai LED uz luktura galvas ir uzst\u0101d\u012bts luminisc\u0113jo\u0161ais gredzens.<\/p>","protected":false},"excerpt":{"rendered":"<p>Varta Outdoor Sports s\u0113rijas lukturi ir stabili un uzticami piedz\u012bvojumu mekl\u0113t\u0101ju pavado\u0146i. Aizsardz\u012bba pret \u016bdeni un putek\u013ciem, stabils korpuss un ilgs darb\u012bbas laiks raksturo \u0161\u012bs gaismas izmanto\u0161anai \u0101rpus telp\u0101m. Outdoor Sports F30 darbojas ar 3 Baby C baterij\u0101m un sasniedz l\u012bdz 350 lm spilgtumu, apgaismojuma ilgumu l\u012bdz 120 stund\u0101m un apgaismojuma diapazonu l\u012bdz 145 metriem. [&hellip;]<\/p>\n","protected":false},"featured_media":35794,"comment_status":"closed","ping_status":"closed","template":"","meta":{"inline_featured_image":false},"product_cat":[772,727,726],"product_tag":[],"yst_prominent_words":[],"class_list":{"0":"post-35679","1":"product","2":"type-product","3":"status-publish","4":"has-post-thumbnail","6":"product_cat-atlaides","7":"product_cat-galvas","8":"product_cat-kabatas","10":"first","11":"instock","12":"sale","13":"taxable","14":"shipping-taxable","15":"purchasable","16":"product-type-simple"},"jetpack_sharing_enabled":true,"_links":{"self":[{"href":"https:\/\/ddt.lv\/lv\/wp-json\/wp\/v2\/product\/35679"}],"collection":[{"href":"https:\/\/ddt.lv\/lv\/wp-json\/wp\/v2\/product"}],"about":[{"href":"https:\/\/ddt.lv\/lv\/wp-json\/wp\/v2\/types\/product"}],"replies":[{"embeddable":true,"href":"https:\/\/ddt.lv\/lv\/wp-json\/wp\/v2\/comments?post=35679"}],"wp:featuredmedia":[{"embeddable":true,"href":"https:\/\/ddt.lv\/lv\/wp-json\/wp\/v2\/media\/35794"}],"wp:attachment":[{"href":"https:\/\/ddt.lv\/lv\/wp-json\/wp\/v2\/media?parent=35679"}],"wp:term":[{"taxonomy":"product_cat","embeddable":true,"href":"https:\/\/ddt.lv\/lv\/wp-json\/wp\/v2\/product_cat?post=35679"},{"taxonomy":"product_tag","embeddable":true,"href":"https:\/\/ddt.lv\/lv\/wp-json\/wp\/v2\/product_tag?post=35679"},{"taxonomy":"yst_prominent_words","embeddable":true,"href":"https:\/\/ddt.lv\/lv\/wp-json\/wp\/v2\/yst_prominent_words?post=35679"}],"curies":[{"name":"wp","href":"https:\/\/api.w.org\/{rel}","templated":true}]}}