{"id":35678,"date":"2022-12-09T22:20:29","date_gmt":"2022-12-09T20:20:29","guid":{"rendered":"https:\/\/ddt.lv\/lv\/product\/18628-led-outdoor-sports-f20-3aa-lukturis-varta\/"},"modified":"2026-04-08T14:45:55","modified_gmt":"2026-04-08T11:45:55","slug":"18628-led-outdoor-sports-f20-3aa-lukturis-varta","status":"publish","type":"product","link":"https:\/\/ddt.lv\/lv\/product\/18628-led-outdoor-sports-f20-3aa-lukturis-varta\/","title":{"rendered":"18628 LED OUTDOOR SPORTS F20 3AA Lukturis VARTA"},"content":{"rendered":"<p>Neatkar\u012bgi no t\u0101, vai dodaties nakts p\u0101rg\u0101jienos vai cit\u0101s \u0101ra aktivit\u0101t\u0113s \u2013 Varta LED luktur\u012btis Outdoor Sports ir tik viegls un paroc\u012bgs, ka piem\u0113rots visda\u017e\u0101d\u0101kaj\u0101m aktivit\u0101t\u0113m. Lampai ir augstas veiktsp\u0113jas LED, kas tiek regul\u0113ta ar diviem apgaismojuma re\u017e\u012bmiem, un, pateicoties gumijotajam rokturim, to ir viegli tur\u0113t. Gaismas lampa ir \u012bpa\u0161i iztur\u012bga un iztur\u012bga pret \u0161\u013cakat\u0101m, t\u0101p\u0113c j\u016bs noteikti to izbaud\u012bsiet ilgu laiku.<\/p>","protected":false},"excerpt":{"rendered":"<p>Neatkar\u012bgi no t\u0101, vai dodaties nakts p\u0101rg\u0101jienos vai cit\u0101s \u0101ra aktivit\u0101t\u0113s \u2013 Varta LED luktur\u012btis Outdoor Sports ir tik viegls un paroc\u012bgs, ka piem\u0113rots visda\u017e\u0101d\u0101kaj\u0101m aktivit\u0101t\u0113m. Lampai ir augstas veiktsp\u0113jas LED, kas tiek regul\u0113ta ar diviem apgaismojuma re\u017e\u012bmiem, un, pateicoties gumijotajam rokturim, to ir viegli tur\u0113t. Gaismas lampa ir \u012bpa\u0161i iztur\u012bga un iztur\u012bga pret \u0161\u013cakat\u0101m, [&hellip;]<\/p>\n","protected":false},"featured_media":35797,"comment_status":"closed","ping_status":"closed","template":"","meta":{"inline_featured_image":false},"product_cat":[772,727,726],"product_tag":[],"yst_prominent_words":[],"class_list":{"0":"post-35678","1":"product","2":"type-product","3":"status-publish","4":"has-post-thumbnail","6":"product_cat-atlaides","7":"product_cat-galvas","8":"product_cat-kabatas","10":"first","11":"outofstock","12":"sale","13":"taxable","14":"shipping-taxable","15":"purchasable","16":"product-type-simple"},"jetpack_sharing_enabled":true,"_links":{"self":[{"href":"https:\/\/ddt.lv\/lv\/wp-json\/wp\/v2\/product\/35678"}],"collection":[{"href":"https:\/\/ddt.lv\/lv\/wp-json\/wp\/v2\/product"}],"about":[{"href":"https:\/\/ddt.lv\/lv\/wp-json\/wp\/v2\/types\/product"}],"replies":[{"embeddable":true,"href":"https:\/\/ddt.lv\/lv\/wp-json\/wp\/v2\/comments?post=35678"}],"wp:featuredmedia":[{"embeddable":true,"href":"https:\/\/ddt.lv\/lv\/wp-json\/wp\/v2\/media\/35797"}],"wp:attachment":[{"href":"https:\/\/ddt.lv\/lv\/wp-json\/wp\/v2\/media?parent=35678"}],"wp:term":[{"taxonomy":"product_cat","embeddable":true,"href":"https:\/\/ddt.lv\/lv\/wp-json\/wp\/v2\/product_cat?post=35678"},{"taxonomy":"product_tag","embeddable":true,"href":"https:\/\/ddt.lv\/lv\/wp-json\/wp\/v2\/product_tag?post=35678"},{"taxonomy":"yst_prominent_words","embeddable":true,"href":"https:\/\/ddt.lv\/lv\/wp-json\/wp\/v2\/yst_prominent_words?post=35678"}],"curies":[{"name":"wp","href":"https:\/\/api.w.org\/{rel}","templated":true}]}}