{"id":35677,"date":"2022-12-09T22:20:29","date_gmt":"2022-12-09T20:20:29","guid":{"rendered":"https:\/\/ddt.lv\/lv\/product\/17627-led-outdoor-sports-f10-3aaa-lukturis-varta-bl1\/"},"modified":"2026-04-06T11:06:05","modified_gmt":"2026-04-06T08:06:05","slug":"17627-led-outdoor-sports-f10-3aaa-lukturis-varta-bl1","status":"publish","type":"product","link":"https:\/\/ddt.lv\/lv\/product\/17627-led-outdoor-sports-f10-3aaa-lukturis-varta-bl1\/","title":{"rendered":"17627 LED OUTDOOR SPORTS F10 3AAA Lukturis VARTA BL1"},"content":{"rendered":"<p>Inovat\u012bvas funkcijas, svaigs dizains un p\u0101rsteidzo\u0161as kr\u0101sas padara Outdoor Sport kabatas luktur\u012bti par ide\u0101lu pavadoni jebkurai \u0101ra aktivit\u0101tei.<\/p>\n<p>Lukturis visiem gad\u012bjumiem, \u012bpa\u0161i noder\u012bgs sare\u017e\u0123\u012btos apst\u0101k\u013cos vai lietus laik\u0101. \u012apa\u0161i iztur\u012bgs, aizsarg\u0101ts pret triecieniem un putek\u013cu un mitruma iztur\u012bgs. Iesl\u0113g\u0161anas poga atrodas \u0113rt\u0101 viet\u0101 \u2013 t\u0101 atrodas luktura gal\u0101, \u0113rti sasniedzam\u0101 viet\u0101. Lukturim ir pieejami divi gaismas re\u017e\u012bmi, kas pal\u012bdz taup\u012bt akumulatoru, kad nav nepiecie\u0161ams p\u0101r\u0101k spilgts apgaismojums.<\/p>","protected":false},"excerpt":{"rendered":"<p>Inovat\u012bvas funkcijas, svaigs dizains un p\u0101rsteidzo\u0161as kr\u0101sas padara Outdoor Sport kabatas luktur\u012bti par ide\u0101lu pavadoni jebkurai \u0101ra aktivit\u0101tei. Lukturis visiem gad\u012bjumiem, \u012bpa\u0161i noder\u012bgs sare\u017e\u0123\u012btos apst\u0101k\u013cos vai lietus laik\u0101. \u012apa\u0161i iztur\u012bgs, aizsarg\u0101ts pret triecieniem un putek\u013cu un mitruma iztur\u012bgs. Iesl\u0113g\u0161anas poga atrodas \u0113rt\u0101 viet\u0101 \u2013 t\u0101 atrodas luktura gal\u0101, \u0113rti sasniedzam\u0101 viet\u0101. Lukturim ir pieejami divi [&hellip;]<\/p>\n","protected":false},"featured_media":35801,"comment_status":"closed","ping_status":"closed","template":"","meta":{"inline_featured_image":false},"product_cat":[772,727,726],"product_tag":[],"yst_prominent_words":[],"class_list":{"0":"post-35677","1":"product","2":"type-product","3":"status-publish","4":"has-post-thumbnail","6":"product_cat-atlaides","7":"product_cat-galvas","8":"product_cat-kabatas","10":"first","11":"instock","12":"sale","13":"taxable","14":"shipping-taxable","15":"purchasable","16":"product-type-simple"},"jetpack_sharing_enabled":true,"_links":{"self":[{"href":"https:\/\/ddt.lv\/lv\/wp-json\/wp\/v2\/product\/35677"}],"collection":[{"href":"https:\/\/ddt.lv\/lv\/wp-json\/wp\/v2\/product"}],"about":[{"href":"https:\/\/ddt.lv\/lv\/wp-json\/wp\/v2\/types\/product"}],"replies":[{"embeddable":true,"href":"https:\/\/ddt.lv\/lv\/wp-json\/wp\/v2\/comments?post=35677"}],"wp:featuredmedia":[{"embeddable":true,"href":"https:\/\/ddt.lv\/lv\/wp-json\/wp\/v2\/media\/35801"}],"wp:attachment":[{"href":"https:\/\/ddt.lv\/lv\/wp-json\/wp\/v2\/media?parent=35677"}],"wp:term":[{"taxonomy":"product_cat","embeddable":true,"href":"https:\/\/ddt.lv\/lv\/wp-json\/wp\/v2\/product_cat?post=35677"},{"taxonomy":"product_tag","embeddable":true,"href":"https:\/\/ddt.lv\/lv\/wp-json\/wp\/v2\/product_tag?post=35677"},{"taxonomy":"yst_prominent_words","embeddable":true,"href":"https:\/\/ddt.lv\/lv\/wp-json\/wp\/v2\/yst_prominent_words?post=35677"}],"curies":[{"name":"wp","href":"https:\/\/api.w.org\/{rel}","templated":true}]}}