{"id":35676,"date":"2022-12-09T21:20:31","date_gmt":"2022-12-09T19:20:31","guid":{"rendered":"https:\/\/ddt.lv\/lv\/product\/17732-indestructible-h20-led-galvas-lukturis-34903-varta\/"},"modified":"2026-04-17T13:26:05","modified_gmt":"2026-04-17T10:26:05","slug":"17732-indestructible-h20-led-galvas-lukturis-34903-varta","status":"publish","type":"product","link":"https:\/\/ddt.lv\/lv\/product\/17732-indestructible-h20-led-galvas-lukturis-34903-varta\/","title":{"rendered":"17732 INDESTRUCTIBLE H20 LED galvas Lukturis 3*4903 VARTA"},"content":{"rendered":"<p>Neatkar\u012bgi no t\u0101, vai esat piedz\u012bvojumu mekl\u0113t\u0101js br\u012bv\u0101 dab\u0101 vai vienk\u0101r\u0161i dar\u0101t savu darbu \u2013 j\u016bs vienm\u0113r varat pa\u013cauties triecieniztur\u012bgo galvas lukturi no Varta H20. Apr\u012bkots ar groz\u0101mu galvu, main\u0101mu galvas stiprin\u0101juma lentu, LED 350lm lukturis, darbojas ar baterij\u0101m, kas iek\u013cautas komplekt\u0101.<\/p>","protected":false},"excerpt":{"rendered":"<p>Neatkar\u012bgi no t\u0101, vai esat piedz\u012bvojumu mekl\u0113t\u0101js br\u012bv\u0101 dab\u0101 vai vienk\u0101r\u0161i dar\u0101t savu darbu \u2013 j\u016bs vienm\u0113r varat pa\u013cauties triecieniztur\u012bgo galvas lukturi no Varta H20. Apr\u012bkots ar groz\u0101mu galvu, main\u0101mu galvas stiprin\u0101juma lentu, LED 350lm lukturis, darbojas ar baterij\u0101m, kas iek\u013cautas komplekt\u0101.<\/p>\n","protected":false},"featured_media":35792,"comment_status":"closed","ping_status":"closed","template":"","meta":{"inline_featured_image":false},"product_cat":[772,727],"product_tag":[],"yst_prominent_words":[],"class_list":{"0":"post-35676","1":"product","2":"type-product","3":"status-publish","4":"has-post-thumbnail","6":"product_cat-atlaides","7":"product_cat-galvas","9":"first","10":"instock","11":"sale","12":"taxable","13":"shipping-taxable","14":"purchasable","15":"product-type-simple"},"jetpack_sharing_enabled":true,"_links":{"self":[{"href":"https:\/\/ddt.lv\/lv\/wp-json\/wp\/v2\/product\/35676"}],"collection":[{"href":"https:\/\/ddt.lv\/lv\/wp-json\/wp\/v2\/product"}],"about":[{"href":"https:\/\/ddt.lv\/lv\/wp-json\/wp\/v2\/types\/product"}],"replies":[{"embeddable":true,"href":"https:\/\/ddt.lv\/lv\/wp-json\/wp\/v2\/comments?post=35676"}],"wp:featuredmedia":[{"embeddable":true,"href":"https:\/\/ddt.lv\/lv\/wp-json\/wp\/v2\/media\/35792"}],"wp:attachment":[{"href":"https:\/\/ddt.lv\/lv\/wp-json\/wp\/v2\/media?parent=35676"}],"wp:term":[{"taxonomy":"product_cat","embeddable":true,"href":"https:\/\/ddt.lv\/lv\/wp-json\/wp\/v2\/product_cat?post=35676"},{"taxonomy":"product_tag","embeddable":true,"href":"https:\/\/ddt.lv\/lv\/wp-json\/wp\/v2\/product_tag?post=35676"},{"taxonomy":"yst_prominent_words","embeddable":true,"href":"https:\/\/ddt.lv\/lv\/wp-json\/wp\/v2\/yst_prominent_words?post=35676"}],"curies":[{"name":"wp","href":"https:\/\/api.w.org\/{rel}","templated":true}]}}