{"id":35675,"date":"2022-12-09T16:20:22","date_gmt":"2022-12-09T14:20:22","guid":{"rendered":"https:\/\/ddt.lv\/lv\/product\/english-digital-thermometer-indoor-outdoor-clock-2xaaa-emos\/"},"modified":"2026-04-05T11:55:32","modified_gmt":"2026-04-05T08:55:32","slug":"english-digital-thermometer-indoor-outdoor-clock-2xaaa-emos","status":"publish","type":"product","link":"https:\/\/ddt.lv\/lv\/product\/digitals-termometrs-iekst-ara-pulkstenis-2xaaa-emos\/","title":{"rendered":"Digit\u0101ls termometrs iek\u0161t., \u0101ra\/pulkstenis (2xAAA) EMOS"},"content":{"rendered":"<p>Vai mekl\u0113jat bezvadu termometru, kas apvienots ar modin\u0101t\u0101ju? \u0160is EMOS termometrs m\u0113r\u012bs j\u016bsu iek\u0161telpu un \u0101ra temperat\u016bru no -30 l\u012bdz +60 \u00b0C ar diapazonu (ide\u0101los apst\u0101k\u013cos) l\u012bdz 50 m un to var\u0113siet izmantot ar\u012b k\u0101 modin\u0101t\u0101ju. Var izv\u0113l\u0113ties 12 vai 24h form\u0101tu.<\/p>","protected":false},"excerpt":{"rendered":"<p>Vai mekl\u0113jat bezvadu termometru, kas apvienots ar modin\u0101t\u0101ju? \u0160is EMOS termometrs m\u0113r\u012bs j\u016bsu iek\u0161telpu un \u0101ra temperat\u016bru no -30 l\u012bdz +60 \u00b0C ar diapazonu (ide\u0101los apst\u0101k\u013cos) l\u012bdz 50 m un to var\u0113siet izmantot ar\u012b k\u0101 modin\u0101t\u0101ju. Var izv\u0113l\u0113ties 12 vai 24h form\u0101tu.<\/p>\n","protected":false},"featured_media":35784,"comment_status":"closed","ping_status":"closed","template":"","meta":{"inline_featured_image":false},"product_cat":[541],"product_tag":[],"yst_prominent_words":[],"class_list":{"0":"post-35675","1":"product","2":"type-product","3":"status-publish","4":"has-post-thumbnail","6":"product_cat-termometri-meteostacijas","8":"first","9":"instock","10":"taxable","11":"shipping-taxable","12":"purchasable","13":"product-type-simple"},"jetpack_sharing_enabled":true,"_links":{"self":[{"href":"https:\/\/ddt.lv\/lv\/wp-json\/wp\/v2\/product\/35675"}],"collection":[{"href":"https:\/\/ddt.lv\/lv\/wp-json\/wp\/v2\/product"}],"about":[{"href":"https:\/\/ddt.lv\/lv\/wp-json\/wp\/v2\/types\/product"}],"replies":[{"embeddable":true,"href":"https:\/\/ddt.lv\/lv\/wp-json\/wp\/v2\/comments?post=35675"}],"wp:featuredmedia":[{"embeddable":true,"href":"https:\/\/ddt.lv\/lv\/wp-json\/wp\/v2\/media\/35784"}],"wp:attachment":[{"href":"https:\/\/ddt.lv\/lv\/wp-json\/wp\/v2\/media?parent=35675"}],"wp:term":[{"taxonomy":"product_cat","embeddable":true,"href":"https:\/\/ddt.lv\/lv\/wp-json\/wp\/v2\/product_cat?post=35675"},{"taxonomy":"product_tag","embeddable":true,"href":"https:\/\/ddt.lv\/lv\/wp-json\/wp\/v2\/product_tag?post=35675"},{"taxonomy":"yst_prominent_words","embeddable":true,"href":"https:\/\/ddt.lv\/lv\/wp-json\/wp\/v2\/yst_prominent_words?post=35675"}],"curies":[{"name":"wp","href":"https:\/\/api.w.org\/{rel}","templated":true}]}}