{"id":35673,"date":"2022-12-09T15:20:22","date_gmt":"2022-12-09T13:20:22","guid":{"rendered":"https:\/\/ddt.lv\/lv\/product\/dur-d-10-intense-procell-baterija-alkaline-tray10\/"},"modified":"2026-04-09T12:00:29","modified_gmt":"2026-04-09T09:00:29","slug":"dur-d-10-intense-procell-baterija-alkaline-tray10","status":"publish","type":"product","link":"https:\/\/ddt.lv\/lv\/product\/dur-d-10-intense-procell-baterija-alkaline-tray10\/","title":{"rendered":"DURACELL D\/10 Intense PROCELL baterija Alkaline Industrial"},"content":{"rendered":"<p><strong>\u0160\u012bs Procell Intense Power D baterija<\/strong>s ir \u012bpa\u0161i paredz\u0113tas ier\u012bc\u0113m, kas pat\u0113r\u0113 daudz ener\u0123ijas, jo t\u0101s sp\u0113j nodro\u0161in\u0101t ilgsto\u0161u ener\u0123ijas padevi profesion\u0101l\u0101m ier\u012bc\u0113m ar lielu slodzi. \u0160o 10 jauno bateriju spriegums ir 1,5 V, un t\u0101s tiek izmantotas visda\u017e\u0101d\u0101kaj\u0101s ier\u012bc\u0113s, piem\u0113ram, asinsspiediena m\u0113r\u012bt\u0101jos, luktur\u012b\u0161os, d\u016bmu detektoros un fotograf\u0113\u0161anas iek\u0101rt\u0101s. Iepakojum\u0101 10gab.<\/p>","protected":false},"excerpt":{"rendered":"<p>\u0160\u012bs Procell Intense Power D baterijas ir \u012bpa\u0161i paredz\u0113tas ier\u012bc\u0113m, kas pat\u0113r\u0113 daudz ener\u0123ijas, jo t\u0101s sp\u0113j nodro\u0161in\u0101t ilgsto\u0161u ener\u0123ijas padevi profesion\u0101l\u0101m ier\u012bc\u0113m ar lielu slodzi. \u0160o 10 jauno bateriju spriegums ir 1,5 V, un t\u0101s tiek izmantotas visda\u017e\u0101d\u0101kaj\u0101s ier\u012bc\u0113s, piem\u0113ram, asinsspiediena m\u0113r\u012bt\u0101jos, luktur\u012b\u0161os, d\u016bmu detektoros un fotograf\u0113\u0161anas iek\u0101rt\u0101s. Iepakojum\u0101 10gab.<\/p>\n","protected":false},"featured_media":35778,"comment_status":"closed","ping_status":"closed","template":"","meta":{"inline_featured_image":false},"product_cat":[772,444],"product_tag":[],"yst_prominent_words":[],"class_list":{"0":"post-35673","1":"product","2":"type-product","3":"status-publish","4":"has-post-thumbnail","6":"product_cat-atlaides","7":"product_cat-d","9":"first","10":"instock","11":"sale","12":"taxable","13":"shipping-taxable","14":"purchasable","15":"product-type-simple"},"jetpack_sharing_enabled":true,"_links":{"self":[{"href":"https:\/\/ddt.lv\/lv\/wp-json\/wp\/v2\/product\/35673"}],"collection":[{"href":"https:\/\/ddt.lv\/lv\/wp-json\/wp\/v2\/product"}],"about":[{"href":"https:\/\/ddt.lv\/lv\/wp-json\/wp\/v2\/types\/product"}],"replies":[{"embeddable":true,"href":"https:\/\/ddt.lv\/lv\/wp-json\/wp\/v2\/comments?post=35673"}],"wp:featuredmedia":[{"embeddable":true,"href":"https:\/\/ddt.lv\/lv\/wp-json\/wp\/v2\/media\/35778"}],"wp:attachment":[{"href":"https:\/\/ddt.lv\/lv\/wp-json\/wp\/v2\/media?parent=35673"}],"wp:term":[{"taxonomy":"product_cat","embeddable":true,"href":"https:\/\/ddt.lv\/lv\/wp-json\/wp\/v2\/product_cat?post=35673"},{"taxonomy":"product_tag","embeddable":true,"href":"https:\/\/ddt.lv\/lv\/wp-json\/wp\/v2\/product_tag?post=35673"},{"taxonomy":"yst_prominent_words","embeddable":true,"href":"https:\/\/ddt.lv\/lv\/wp-json\/wp\/v2\/yst_prominent_words?post=35673"}],"curies":[{"name":"wp","href":"https:\/\/api.w.org\/{rel}","templated":true}]}}