{"id":35657,"date":"2022-12-09T14:40:32","date_gmt":"2022-12-09T12:40:32","guid":{"rendered":"https:\/\/ddt.lv\/lv\/product\/led-virtene-emos-150led-3-6w-zala-nano-stieplite-ww-ip44-15m-ar-taimeri\/"},"modified":"2026-04-08T14:45:36","modified_gmt":"2026-04-08T11:45:36","slug":"led-virtene-emos-150led-3-6w-zala-nano-stieplite-ww-ip44-15m-ar-taimeri","status":"publish","type":"product","link":"https:\/\/ddt.lv\/lv\/product\/led-virtene-emos-150led-3-6w-zala-nano-stieplite-ww-ip44-15m-ar-taimeri\/","title":{"rendered":"LED virtene EMOS 150LED 3.6W za\u013ca nano stiepl\u012bte WW IP44 15m, ar taimeri"},"content":{"rendered":"<p>Izgaismojiet savu Ziemassv\u0113tku egl\u012bti zaigojo\u0161\u0101s kr\u0101s\u0101s, siltaj\u0101 sv\u0113tku gaism\u0101 vai ledaini balt\u0101 kr\u0101s\u0101, lai izceltu Ziemassv\u0113tku prieka dzirksti! Ziemassv\u0113tku visten\u0113 ir 150 nano gaismas LED diodes un t\u0101 ir 15 metrus gara, kas padara to ide\u0101li piem\u0113rotu lieto\u0161anai logos vai uz balkona vai terases marg\u0101m. <span class=\"HwtZe\" lang=\"lv\"><span class=\"jCAhz\"><span class=\"ryNqvb\">EMOS z\u012bmola virtenes m\u0113s varam izmantot rot\u0101\u0161anai gan telp\u0101s, gan \u0101rpus telp\u0101m, ko nodro\u0161ina aizsardz\u012bbas pak\u0101pe &#8211;<\/span><\/span><\/span><span class=\"HwtZe\" lang=\"lv\"><span class=\"jCAhz\"><span class=\"ryNqvb\">\u00a0IP44<\/span><\/span><\/span>. Izstarot\u0101s gaismas kr\u0101sa ir silti balta.<\/p>","protected":false},"excerpt":{"rendered":"<p>Izgaismojiet savu Ziemassv\u0113tku egl\u012bti zaigojo\u0161\u0101s kr\u0101s\u0101s, siltaj\u0101 sv\u0113tku gaism\u0101 vai ledaini balt\u0101 kr\u0101s\u0101, lai izceltu Ziemassv\u0113tku prieka dzirksti! Ziemassv\u0113tku visten\u0113 ir 150 nano gaismas LED diodes un t\u0101 ir 15 metrus gara, kas padara to ide\u0101li piem\u0113rotu lieto\u0161anai logos vai uz balkona vai terases marg\u0101m. EMOS z\u012bmola virtenes m\u0113s varam izmantot rot\u0101\u0161anai gan telp\u0101s, gan [&hellip;]<\/p>\n","protected":false},"featured_media":35771,"comment_status":"closed","ping_status":"closed","template":"","meta":{"inline_featured_image":false},"product_cat":[772,912],"product_tag":[],"yst_prominent_words":[],"class_list":{"0":"post-35657","1":"product","2":"type-product","3":"status-publish","4":"has-post-thumbnail","6":"product_cat-atlaides","7":"product_cat-ara-virtenes","9":"first","10":"outofstock","11":"sale","12":"taxable","13":"shipping-taxable","14":"purchasable","15":"product-type-simple"},"jetpack_sharing_enabled":true,"_links":{"self":[{"href":"https:\/\/ddt.lv\/lv\/wp-json\/wp\/v2\/product\/35657"}],"collection":[{"href":"https:\/\/ddt.lv\/lv\/wp-json\/wp\/v2\/product"}],"about":[{"href":"https:\/\/ddt.lv\/lv\/wp-json\/wp\/v2\/types\/product"}],"replies":[{"embeddable":true,"href":"https:\/\/ddt.lv\/lv\/wp-json\/wp\/v2\/comments?post=35657"}],"wp:featuredmedia":[{"embeddable":true,"href":"https:\/\/ddt.lv\/lv\/wp-json\/wp\/v2\/media\/35771"}],"wp:attachment":[{"href":"https:\/\/ddt.lv\/lv\/wp-json\/wp\/v2\/media?parent=35657"}],"wp:term":[{"taxonomy":"product_cat","embeddable":true,"href":"https:\/\/ddt.lv\/lv\/wp-json\/wp\/v2\/product_cat?post=35657"},{"taxonomy":"product_tag","embeddable":true,"href":"https:\/\/ddt.lv\/lv\/wp-json\/wp\/v2\/product_tag?post=35657"},{"taxonomy":"yst_prominent_words","embeddable":true,"href":"https:\/\/ddt.lv\/lv\/wp-json\/wp\/v2\/yst_prominent_words?post=35657"}],"curies":[{"name":"wp","href":"https:\/\/api.w.org\/{rel}","templated":true}]}}