{"id":35656,"date":"2022-12-09T14:40:31","date_gmt":"2022-12-09T12:40:31","guid":{"rendered":"https:\/\/ddt.lv\/lv\/product\/led-virtene-emos-75led-2-4w-sudraba-nano-stieplite-ww-ip44-7-5m-ar-taimeri-2\/"},"modified":"2026-04-06T11:05:43","modified_gmt":"2026-04-06T08:05:43","slug":"led-virtene-emos-75led-2-4w-sudraba-nano-stieplite-ww-ip44-7-5m-ar-taimeri-2","status":"publish","type":"product","link":"https:\/\/ddt.lv\/lv\/product\/led-virtene-emos-75led-2-4w-sudraba-nano-stieplite-ww-ip44-7-5m-ar-taimeri-2\/","title":{"rendered":"LED virtene EMOS 75LED 2.4W sudraba nano stiepl\u012bte WW IP44 7.5m, ar taimeri"},"content":{"rendered":"<p>Emos ziemassv\u0113tku virtene sast\u0101v no 75 gaismas diod\u0113m un to var papla\u0161in\u0101t l\u012bdz 7,5 m garum\u0101. EMOS gaismas virtene viegli tiek gal\u0101 ar salu vai sniegu, pateicoties IP44 aizsardz\u012bbas klasei, t\u0101p\u0113c ar to var izveidot \u0161ovu d\u0101rz\u0101 vai uz balkona. Ar taimeri \u0161is modelis ir viens no modern\u0101kajiem, pateicoties kuriem var izvair\u012bties no nevajadz\u012bga apgaismojuma nepareiz\u0101 laik\u0101. Virtene darbojas no elektrot\u012bkla, izmantojot \u013coti praktisku 5 m garu vadu, kas \u013cauj uzst\u0101d\u012bt t\u0101l\u0101k nek\u0101 tie\u0161i pie kontaktligzdas.<\/p>","protected":false},"excerpt":{"rendered":"<p>Emos ziemassv\u0113tku virtene sast\u0101v no 75 gaismas diod\u0113m un to var papla\u0161in\u0101t l\u012bdz 7,5 m garum\u0101. EMOS gaismas virtene viegli tiek gal\u0101 ar salu vai sniegu, pateicoties IP44 aizsardz\u012bbas klasei, t\u0101p\u0113c ar to var izveidot \u0161ovu d\u0101rz\u0101 vai uz balkona. Ar taimeri \u0161is modelis ir viens no modern\u0101kajiem, pateicoties kuriem var izvair\u012bties no nevajadz\u012bga apgaismojuma [&hellip;]<\/p>\n","protected":false},"featured_media":35683,"comment_status":"closed","ping_status":"closed","template":"","meta":{"inline_featured_image":false},"product_cat":[772,912],"product_tag":[],"yst_prominent_words":[],"class_list":{"0":"post-35656","1":"product","2":"type-product","3":"status-publish","4":"has-post-thumbnail","6":"product_cat-atlaides","7":"product_cat-ara-virtenes","9":"first","10":"outofstock","11":"sale","12":"taxable","13":"shipping-taxable","14":"purchasable","15":"product-type-simple"},"jetpack_sharing_enabled":true,"_links":{"self":[{"href":"https:\/\/ddt.lv\/lv\/wp-json\/wp\/v2\/product\/35656"}],"collection":[{"href":"https:\/\/ddt.lv\/lv\/wp-json\/wp\/v2\/product"}],"about":[{"href":"https:\/\/ddt.lv\/lv\/wp-json\/wp\/v2\/types\/product"}],"replies":[{"embeddable":true,"href":"https:\/\/ddt.lv\/lv\/wp-json\/wp\/v2\/comments?post=35656"}],"wp:featuredmedia":[{"embeddable":true,"href":"https:\/\/ddt.lv\/lv\/wp-json\/wp\/v2\/media\/35683"}],"wp:attachment":[{"href":"https:\/\/ddt.lv\/lv\/wp-json\/wp\/v2\/media?parent=35656"}],"wp:term":[{"taxonomy":"product_cat","embeddable":true,"href":"https:\/\/ddt.lv\/lv\/wp-json\/wp\/v2\/product_cat?post=35656"},{"taxonomy":"product_tag","embeddable":true,"href":"https:\/\/ddt.lv\/lv\/wp-json\/wp\/v2\/product_tag?post=35656"},{"taxonomy":"yst_prominent_words","embeddable":true,"href":"https:\/\/ddt.lv\/lv\/wp-json\/wp\/v2\/yst_prominent_words?post=35656"}],"curies":[{"name":"wp","href":"https:\/\/api.w.org\/{rel}","templated":true}]}}