{"id":35654,"date":"2022-12-09T14:20:29","date_gmt":"2022-12-09T12:20:29","guid":{"rendered":"https:\/\/ddt.lv\/lv\/product\/dek-projektors-led-melns-cw-ww-3w-ip20-usb-3xaaa-emos\/"},"modified":"2026-04-13T10:05:38","modified_gmt":"2026-04-13T07:05:38","slug":"dek-projektors-led-melns-cw-ww-3w-ip20-usb-3xaaa-emos","status":"publish","type":"product","link":"https:\/\/ddt.lv\/lv\/product\/dek-projektors-led-melns-cw-ww-3w-ip20-usb-3xaaa-emos\/","title":{"rendered":"DEK PROJEKTORS LED melns CW\/WW 3W IP20 USB+3xAAA EMOS"},"content":{"rendered":"<p>EMOS LED dekorat\u012bvais projektors &#8211; zvaigznes<\/p>\n<p>Jums vairs nav j\u0101iet \u0101r\u0101, lai mekl\u0113tu zvaigznes. Ar dekorat\u012bvo projektoru no EMOS j\u016bs varat izveidot zvaig\u017e\u0146otas debesis sav\u0101s m\u0101j\u0101s. Projektors projic\u0113s zvaigznes uz sienas j\u016bsu gu\u013camistab\u0101 un b\u0113rnistab\u0101, lai rad\u012btu pat\u012bkamu atmosf\u0113ru, skatoties filmas vai nodro\u0161in\u0101tu b\u0113rniem pat\u012bkamu miegu. Izstarot\u0101 gaisma grie\u017eas, lai j\u016bs justos t\u0101, it k\u0101 j\u016bs gu\u013cat \u0101r\u0101 z\u0101l\u0113 un v\u0113rojat naksn\u012bgo debesu kust\u012bbu. Darbojas ar akumulatoru.<\/p>\n<p>Ier\u012bces pievieno\u0161anai nav nepiecie\u0161ams adapteris, pietiek ar trim AA baterij\u0101m. Ar IP20 aizsardz\u012bbu projektors ir iztur\u012bgs pret putek\u013ciem un mitrumu, padarot to par lielisku papildin\u0101jumu jebkurai m\u0101jai. Iek\u0161pus\u0113 ir LED gaismas, kas sp\u012bd silt\u0101 un aukst\u0101 balt\u0101 kr\u0101s\u0101. LED tehnolo\u0123ija izce\u013cas ar ekonomisku darb\u012bbu un ilgu kalpo\u0161anas laiku l\u012bdz 10 000 stund\u0101m, t\u0101p\u0113c t\u0101 nevainojami kalpos daudzus gadus.<\/p>","protected":false},"excerpt":{"rendered":"<p>EMOS LED dekorat\u012bvais projektors &#8211; zvaigznes Jums vairs nav j\u0101iet \u0101r\u0101, lai mekl\u0113tu zvaigznes. Ar dekorat\u012bvo projektoru no EMOS j\u016bs varat izveidot zvaig\u017e\u0146otas debesis sav\u0101s m\u0101j\u0101s. Projektors projic\u0113s zvaigznes uz sienas j\u016bsu gu\u013camistab\u0101 un b\u0113rnistab\u0101, lai rad\u012btu pat\u012bkamu atmosf\u0113ru, skatoties filmas vai nodro\u0161in\u0101tu b\u0113rniem pat\u012bkamu miegu. Izstarot\u0101 gaisma grie\u017eas, lai j\u016bs justos t\u0101, it k\u0101 [&hellip;]<\/p>\n","protected":false},"featured_media":35659,"comment_status":"closed","ping_status":"closed","template":"","meta":{"inline_featured_image":false},"product_cat":[913],"product_tag":[],"yst_prominent_words":[],"class_list":{"0":"post-35654","1":"product","2":"type-product","3":"status-publish","4":"has-post-thumbnail","6":"product_cat-iekstelpu-dekori-led-virtenes-un-dekoracijas","8":"first","9":"instock","10":"taxable","11":"shipping-taxable","12":"purchasable","13":"product-type-simple"},"jetpack_sharing_enabled":true,"_links":{"self":[{"href":"https:\/\/ddt.lv\/lv\/wp-json\/wp\/v2\/product\/35654"}],"collection":[{"href":"https:\/\/ddt.lv\/lv\/wp-json\/wp\/v2\/product"}],"about":[{"href":"https:\/\/ddt.lv\/lv\/wp-json\/wp\/v2\/types\/product"}],"replies":[{"embeddable":true,"href":"https:\/\/ddt.lv\/lv\/wp-json\/wp\/v2\/comments?post=35654"}],"wp:featuredmedia":[{"embeddable":true,"href":"https:\/\/ddt.lv\/lv\/wp-json\/wp\/v2\/media\/35659"}],"wp:attachment":[{"href":"https:\/\/ddt.lv\/lv\/wp-json\/wp\/v2\/media?parent=35654"}],"wp:term":[{"taxonomy":"product_cat","embeddable":true,"href":"https:\/\/ddt.lv\/lv\/wp-json\/wp\/v2\/product_cat?post=35654"},{"taxonomy":"product_tag","embeddable":true,"href":"https:\/\/ddt.lv\/lv\/wp-json\/wp\/v2\/product_tag?post=35654"},{"taxonomy":"yst_prominent_words","embeddable":true,"href":"https:\/\/ddt.lv\/lv\/wp-json\/wp\/v2\/yst_prominent_words?post=35654"}],"curies":[{"name":"wp","href":"https:\/\/api.w.org\/{rel}","templated":true}]}}