{"id":35612,"date":"2022-12-08T16:40:27","date_gmt":"2022-12-08T14:40:27","guid":{"rendered":"https:\/\/ddt.lv\/lv\/product\/meteostacija-digitala-bezvadu-melna-3xaaa-2aa-emos\/"},"modified":"2026-04-01T00:26:03","modified_gmt":"2026-03-31T21:26:03","slug":"meteostacija-digitala-bezvadu-melna-3xaaa-2aa-emos","status":"publish","type":"product","link":"https:\/\/ddt.lv\/lv\/product\/meteostacija-digitala-bezvadu-melna-3xaaa-2aa-emos\/","title":{"rendered":"Meteostacija digit\u0101la bezvadu melna (3xAAA+2AA) EMOS"},"content":{"rendered":"<p>Bezvadu meteorolo\u0123isk\u0101 stacija E8670 no Emos var izm\u0113r\u012bt iek\u0161telpu un \u0101ra temperat\u016bru, k\u0101 ar\u012b piem\u0113ram, mitrumu un spiedienu. M\u0113r\u012bto \u0101ra temperat\u016bru diapazons no -30\u00b0C l\u012bdz +60\u00b0C un iek\u0161telp\u0101s no -10\u00b0C l\u012bdz +50\u00b0C. Sensora darb\u012bbas r\u0101diuss br\u012bv\u0101 telp\u0101 ir l\u012bdz 50 m.<\/p>\n<p><span class=\"HwtZe\" lang=\"lv\"><span class=\"jCAhz ChMk0b\"><span class=\"ryNqvb\">Ja v\u0113laties uzzin\u0101t pa\u0161reiz\u0113jo temperat\u016bru m\u0101j\u0101s un \u0101r\u0101, un v\u0113laties uzzin\u0101t, k\u0101di laikapst\u0101k\u013ci b\u016bs p\u0113c da\u017e\u0101m stund\u0101m, bezvadu m\u0101jas meteorolo\u0123isk\u0101 stacija EMOS E8670 noder\u0113s.<\/span><\/span> <span class=\"jCAhz ChMk0b\"><span class=\"ryNqvb\">Izmantojot \u0161o paroc\u012bgo pal\u012bgu, laikapst\u0101k\u013ci j\u016bs vairs nekad nep\u0101rsteigs, un turkl\u0101t j\u016bs varat sagaid\u012bt ar\u012b veselu virkni praktisku iesp\u0113ju.<\/span><\/span> <span class=\"jCAhz ChMk0b\"><span class=\"ryNqvb\">Papildus iek\u0161telpu un \u0101ra temperat\u016brai un mitrumam, kr\u0101sains\u00a0 displejs par\u0101da ar\u012b prec\u012bzu laiku, ko kontrol\u0113 DCF sign\u0101ls, datums un kalend\u0101rs.<\/span><\/span> <span class=\"jCAhz ChMk0b\"><span class=\"ryNqvb\">Tikpat praktiska funkcija ir modin\u0101t\u0101js ar atk\u0101rtotu pamo\u0161anos.<\/span><\/span> <span class=\"jCAhz ChMk0b\"><span class=\"ryNqvb\">EMOS meteorolo\u0123isk\u0101 stacija ne tikai par\u0101da pa\u0161reiz\u0113jo temperat\u016bru ar 0,1 \u00b0C iz\u0161\u0137irtsp\u0113ju, bet ar\u012b pied\u0101v\u0101 iepriek\u0161\u0113jo dienu datu ierakstu un \u013coti noder\u012bgu laika prognozi, pateicoties kurai j\u016bs vienm\u0113r iepriek\u0161 zin\u0101t, vai ir j\u0113ga laist\u012bt d\u0101rz\u0101 vai doties pastaig\u0101.<\/span><\/span> <span class=\"jCAhz ChMk0b\"><span class=\"ryNqvb\">Kas attiecas uz pa\u0161reiz\u0113jo iek\u0161\u0113jo temperat\u016bru, tas m\u0113ra to diapazon\u0101 no -10 \u00b0C l\u012bdz +50 \u00b0C.<\/span><\/span> <span class=\"jCAhz ChMk0b\"><span class=\"ryNqvb\">\u0100ra temperat\u016bras gad\u012bjum\u0101 tas ir diapazon\u0101 no -30 \u00b0C l\u012bdz +60 \u00b0C.<\/span><\/span> <span class=\"jCAhz ChMk0b\"><span class=\"ryNqvb\">Laika stacijas priek\u0161roc\u012bba ir VA sk\u0101rienjut\u012bgais displejs ar izm\u0113riem 169&#215;94 mm, kas lepojas ar augstu skata le\u0146\u0137i un vair\u0101k\u0101m fona apgaismojuma iesp\u0113j\u0101m.<\/span><\/span> <span class=\"jCAhz ChMk0b\"><span class=\"ryNqvb\">Visbeidzot, displejs jums noteikti patiks, jo tas ir kr\u0101sains, kas padara att\u0113lotos datus v\u0113l skaidr\u0101kus.<\/span><\/span> <span class=\"jCAhz ChMk0b\"><span class=\"ryNqvb\">Meteorolo\u0123isk\u0101 stacija ir apr\u012bkota ar sensoru, kura izm\u0113ri ir 117x117x164 mm ar darb\u012bbas r\u0101diusu l\u012bdz 50 metriem.<\/span><\/span> <span class=\"jCAhz ChMk0b\"><span class=\"ryNqvb\">Pateicoties praktiskajam stat\u012bvam, laikapst\u0101k\u013cu staciju var novietot uz plaukta vai skap\u012b\u0161a vai vienk\u0101r\u0161i piek\u0101rt pie sienas.<\/span><\/span> <span class=\"jCAhz ChMk0b\"><span class=\"ryNqvb\">Laika staciju darbina t\u012bkla adapteris vai tr\u012bs AAA baterijas, sensors no div\u0101m AA baterij\u0101m.<\/span><\/span> <span class=\"jCAhz ChMk0b\"><span class=\"ryNqvb\">Baterijas nav iek\u013cautas komplekt\u0101.<\/span><\/span><\/span><\/p>","protected":false},"excerpt":{"rendered":"<p>Bezvadu meteorolo\u0123isk\u0101 stacija E8670 no Emos var izm\u0113r\u012bt iek\u0161telpu un \u0101ra temperat\u016bru, k\u0101 ar\u012b piem\u0113ram, mitrumu un spiedienu. M\u0113r\u012bto \u0101ra temperat\u016bru diapazons no -30\u00b0C l\u012bdz +60\u00b0C un iek\u0161telp\u0101s no -10\u00b0C l\u012bdz +50\u00b0C. Sensora darb\u012bbas r\u0101diuss br\u012bv\u0101 telp\u0101 ir l\u012bdz 50 m. Ja v\u0113laties uzzin\u0101t pa\u0161reiz\u0113jo temperat\u016bru m\u0101j\u0101s un \u0101r\u0101, un v\u0113laties uzzin\u0101t, k\u0101di laikapst\u0101k\u013ci b\u016bs [&hellip;]<\/p>\n","protected":false},"featured_media":35619,"comment_status":"closed","ping_status":"closed","template":"","meta":{"inline_featured_image":false},"product_cat":[772,541],"product_tag":[],"yst_prominent_words":[],"class_list":{"0":"post-35612","1":"product","2":"type-product","3":"status-publish","4":"has-post-thumbnail","6":"product_cat-atlaides","7":"product_cat-termometri-meteostacijas","9":"first","10":"outofstock","11":"sale","12":"taxable","13":"shipping-taxable","14":"purchasable","15":"product-type-simple"},"jetpack_sharing_enabled":true,"_links":{"self":[{"href":"https:\/\/ddt.lv\/lv\/wp-json\/wp\/v2\/product\/35612"}],"collection":[{"href":"https:\/\/ddt.lv\/lv\/wp-json\/wp\/v2\/product"}],"about":[{"href":"https:\/\/ddt.lv\/lv\/wp-json\/wp\/v2\/types\/product"}],"replies":[{"embeddable":true,"href":"https:\/\/ddt.lv\/lv\/wp-json\/wp\/v2\/comments?post=35612"}],"wp:featuredmedia":[{"embeddable":true,"href":"https:\/\/ddt.lv\/lv\/wp-json\/wp\/v2\/media\/35619"}],"wp:attachment":[{"href":"https:\/\/ddt.lv\/lv\/wp-json\/wp\/v2\/media?parent=35612"}],"wp:term":[{"taxonomy":"product_cat","embeddable":true,"href":"https:\/\/ddt.lv\/lv\/wp-json\/wp\/v2\/product_cat?post=35612"},{"taxonomy":"product_tag","embeddable":true,"href":"https:\/\/ddt.lv\/lv\/wp-json\/wp\/v2\/product_tag?post=35612"},{"taxonomy":"yst_prominent_words","embeddable":true,"href":"https:\/\/ddt.lv\/lv\/wp-json\/wp\/v2\/yst_prominent_words?post=35612"}],"curies":[{"name":"wp","href":"https:\/\/api.w.org\/{rel}","templated":true}]}}