{"id":35611,"date":"2022-12-08T16:40:27","date_gmt":"2022-12-08T14:40:27","guid":{"rendered":"https:\/\/ddt.lv\/lv\/product\/meteostacija-digitala-bezvadu-melna-2xaaa-2aaa-emos\/"},"modified":"2026-04-13T10:06:03","modified_gmt":"2026-04-13T07:06:03","slug":"meteostacija-digitala-bezvadu-melna-2xaaa-2aaa-emos","status":"publish","type":"product","link":"https:\/\/ddt.lv\/lv\/product\/meteostacija-digitala-bezvadu-melna-2xaaa-2aaa-emos\/","title":{"rendered":"Meteostacija digit\u0101la bezvadu melna (2xAAA+2AAA) EMOS"},"content":{"rendered":"<p>Bezvadu meteorolo\u0123isk\u0101 stacija E8670 no Emos var izm\u0113r\u012bt iek\u0161telpu un \u0101ra temperat\u016bru, k\u0101 ar\u012b piem\u0113ram, mitrumu un spiedienu. T\u0101 r\u0101da pareizo laiku 12\/24h form\u0101t\u0101. M\u0113r\u012bto \u0101ra temperat\u016bru diapazons no -50\u00b0C l\u012bdz +70\u00b0C un iek\u0161telp\u0101s no -10\u00b0C l\u012bdz +50\u00b0C. <span dir=\"ltr\" role=\"presentation\">Temperat\u016bras m\u0113r\u012bjumu precizit\u0101te: \u00b11 \u00b0C. Mitruma m\u0113r\u012bjumu precizit\u0101te: \u00b15 % relat\u012bv\u0101 gaisa mitruma. <\/span>Sensora darb\u012bbas r\u0101diuss br\u012bv\u0101 telp\u0101 ir l\u012bdz 50 m.<\/p>","protected":false},"excerpt":{"rendered":"<p>Bezvadu meteorolo\u0123isk\u0101 stacija E8670 no Emos var izm\u0113r\u012bt iek\u0161telpu un \u0101ra temperat\u016bru, k\u0101 ar\u012b piem\u0113ram, mitrumu un spiedienu. T\u0101 r\u0101da pareizo laiku 12\/24h form\u0101t\u0101. M\u0113r\u012bto \u0101ra temperat\u016bru diapazons no -50\u00b0C l\u012bdz +70\u00b0C un iek\u0161telp\u0101s no -10\u00b0C l\u012bdz +50\u00b0C. Temperat\u016bras m\u0113r\u012bjumu precizit\u0101te: \u00b11 \u00b0C. Mitruma m\u0113r\u012bjumu precizit\u0101te: \u00b15 % relat\u012bv\u0101 gaisa mitruma. Sensora darb\u012bbas r\u0101diuss br\u012bv\u0101 [&hellip;]<\/p>\n","protected":false},"featured_media":35628,"comment_status":"closed","ping_status":"closed","template":"","meta":{"inline_featured_image":false},"product_cat":[541],"product_tag":[],"yst_prominent_words":[],"class_list":{"0":"post-35611","1":"product","2":"type-product","3":"status-publish","4":"has-post-thumbnail","6":"product_cat-termometri-meteostacijas","8":"first","9":"outofstock","10":"taxable","11":"shipping-taxable","12":"purchasable","13":"product-type-simple"},"jetpack_sharing_enabled":true,"_links":{"self":[{"href":"https:\/\/ddt.lv\/lv\/wp-json\/wp\/v2\/product\/35611"}],"collection":[{"href":"https:\/\/ddt.lv\/lv\/wp-json\/wp\/v2\/product"}],"about":[{"href":"https:\/\/ddt.lv\/lv\/wp-json\/wp\/v2\/types\/product"}],"replies":[{"embeddable":true,"href":"https:\/\/ddt.lv\/lv\/wp-json\/wp\/v2\/comments?post=35611"}],"wp:featuredmedia":[{"embeddable":true,"href":"https:\/\/ddt.lv\/lv\/wp-json\/wp\/v2\/media\/35628"}],"wp:attachment":[{"href":"https:\/\/ddt.lv\/lv\/wp-json\/wp\/v2\/media?parent=35611"}],"wp:term":[{"taxonomy":"product_cat","embeddable":true,"href":"https:\/\/ddt.lv\/lv\/wp-json\/wp\/v2\/product_cat?post=35611"},{"taxonomy":"product_tag","embeddable":true,"href":"https:\/\/ddt.lv\/lv\/wp-json\/wp\/v2\/product_tag?post=35611"},{"taxonomy":"yst_prominent_words","embeddable":true,"href":"https:\/\/ddt.lv\/lv\/wp-json\/wp\/v2\/yst_prominent_words?post=35611"}],"curies":[{"name":"wp","href":"https:\/\/api.w.org\/{rel}","templated":true}]}}