{"id":35610,"date":"2022-12-08T16:40:26","date_gmt":"2022-12-08T14:40:26","guid":{"rendered":"https:\/\/ddt.lv\/lv\/product\/s-meteostacija-digitala-bezvadu-sudraba-3xaa-2xaaa-emos\/"},"modified":"2026-04-01T00:26:03","modified_gmt":"2026-03-31T21:26:03","slug":"s-meteostacija-digitala-bezvadu-sudraba-3xaa-2xaaa-emos","status":"publish","type":"product","link":"https:\/\/ddt.lv\/lv\/product\/s-meteostacija-digitala-bezvadu-sudraba-3xaa-2xaaa-emos\/","title":{"rendered":"s Meteostacija digit\u0101la bezvadu sudraba (3xAA+2xAAA) EMOS"},"content":{"rendered":"<p>Pateicoties \u0161ai meteorolo\u0123iskajai stacijai, j\u016bs vienm\u0113r dro\u0161i zin\u0101t, k\u0101diem laikapst\u0101k\u013ciem sagatavoties, un nekas j\u016bs nep\u0101rsteigs. Vienm\u0113r pieejama aktu\u0101l\u0101 inform\u0101cija par eso\u0161ajiem un gaid\u0101majiem laika apst\u0101k\u013ciem. Balts LED displeja fona apgaismojums, pulkstenis vad\u0101ms ar radiosign\u0101lu, r\u0101da pareizu pulkste\u0146a laiku 12\/24h form\u0101t\u0101, gaisa mitrumu iek\u0161t\u0113lp\u0101s un \u0101r\u0101, barometrisk\u0101 spiediena r\u0101d\u012bt\u0101ji, m\u0113ness f\u0101zes, k\u0101 ar\u012b r\u0101da iek\u0161telpu un \u0101ra temperat\u016bru.<\/p>","protected":false},"excerpt":{"rendered":"<p>Pateicoties \u0161ai meteorolo\u0123iskajai stacijai, j\u016bs vienm\u0113r dro\u0161i zin\u0101t, k\u0101diem laikapst\u0101k\u013ciem sagatavoties, un nekas j\u016bs nep\u0101rsteigs. Vienm\u0113r pieejama aktu\u0101l\u0101 inform\u0101cija par eso\u0161ajiem un gaid\u0101majiem laika apst\u0101k\u013ciem. Balts LED displeja fona apgaismojums, pulkstenis vad\u0101ms ar radiosign\u0101lu, r\u0101da pareizu pulkste\u0146a laiku 12\/24h form\u0101t\u0101, gaisa mitrumu iek\u0161t\u0113lp\u0101s un \u0101r\u0101, barometrisk\u0101 spiediena r\u0101d\u012bt\u0101ji, m\u0113ness f\u0101zes, k\u0101 ar\u012b r\u0101da iek\u0161telpu un [&hellip;]<\/p>\n","protected":false},"featured_media":35614,"comment_status":"closed","ping_status":"closed","template":"","meta":{"inline_featured_image":false},"product_cat":[772,541],"product_tag":[],"yst_prominent_words":[],"class_list":{"0":"post-35610","1":"product","2":"type-product","3":"status-publish","4":"has-post-thumbnail","6":"product_cat-atlaides","7":"product_cat-termometri-meteostacijas","9":"first","10":"instock","11":"sale","12":"taxable","13":"shipping-taxable","14":"purchasable","15":"product-type-simple"},"jetpack_sharing_enabled":true,"_links":{"self":[{"href":"https:\/\/ddt.lv\/lv\/wp-json\/wp\/v2\/product\/35610"}],"collection":[{"href":"https:\/\/ddt.lv\/lv\/wp-json\/wp\/v2\/product"}],"about":[{"href":"https:\/\/ddt.lv\/lv\/wp-json\/wp\/v2\/types\/product"}],"replies":[{"embeddable":true,"href":"https:\/\/ddt.lv\/lv\/wp-json\/wp\/v2\/comments?post=35610"}],"wp:featuredmedia":[{"embeddable":true,"href":"https:\/\/ddt.lv\/lv\/wp-json\/wp\/v2\/media\/35614"}],"wp:attachment":[{"href":"https:\/\/ddt.lv\/lv\/wp-json\/wp\/v2\/media?parent=35610"}],"wp:term":[{"taxonomy":"product_cat","embeddable":true,"href":"https:\/\/ddt.lv\/lv\/wp-json\/wp\/v2\/product_cat?post=35610"},{"taxonomy":"product_tag","embeddable":true,"href":"https:\/\/ddt.lv\/lv\/wp-json\/wp\/v2\/product_tag?post=35610"},{"taxonomy":"yst_prominent_words","embeddable":true,"href":"https:\/\/ddt.lv\/lv\/wp-json\/wp\/v2\/yst_prominent_words?post=35610"}],"curies":[{"name":"wp","href":"https:\/\/api.w.org\/{rel}","templated":true}]}}