{"id":35573,"date":"2022-12-02T15:20:25","date_gmt":"2022-12-02T13:20:25","guid":{"rendered":"https:\/\/ddt.lv\/lv\/product\/kustibu-sensors-emos-180-max-12m-1200w-ip65\/"},"modified":"2026-04-01T00:21:22","modified_gmt":"2026-03-31T21:21:22","slug":"kustibu-sensors-emos-180-max-12m-1200w-ip65","status":"publish","type":"product","link":"https:\/\/ddt.lv\/lv\/product\/kustibu-sensors-emos-180-max-12m-1200w-ip65\/","title":{"rendered":"Kust\u012bbu sensors EMOS 180&#8242;, max 12m 1200W IP65"},"content":{"rendered":"<p>M\u016bsdien\u012bga dizaina infrasarkanais PIR sensors ar rea\u0123\u0113\u0161anas diapazonu 180 gr\u0101di un 12 metru noteik\u0161anas distanci. Aizsardz\u012bbas klases tips: IP65. Neierobe\u017eota izmanto\u0161ana \u0101rpus telp\u0101m: piem\u0113rota d\u0101rzam, iek\u0161pagalmam, lievenim, pagrab\u0101, gaiten\u012b, vannas istab\u0101, mitr\u0101 telp\u0101, \u0101ra lieto\u0161anai.<br \/>\nGaismas jut\u012bba: no 3 luksiem l\u012bdz 2000 luksiem: ja gaismas l\u012bmenis nokr\u012btas zem iestat\u012bt\u0101s spilgtuma v\u0113rt\u012bbas, sensors tiek aktiviz\u0113ts. Kr\u0113slas sliek\u0161\u0146a piel\u0101go\u0161ana dienas gaismai.<br \/>\nDarba cikls (gaismas ilgums) regul\u0113jams no 10 sekund\u0113m l\u012bdz 15 min\u016bt\u0113m, piem\u0113rots lieto\u0161anai ar LED.<br \/>\nGroz\u0101mais sensora objekt\u012bvs, maks. Jaudas pat\u0113ri\u0146\u0161 600 W.<br \/>\nIzm\u0113ri: 70 x 60 mm, kr\u0101sa: balta.<\/p>","protected":false},"excerpt":{"rendered":"<p>M\u016bsdien\u012bga dizaina infrasarkanais PIR sensors ar rea\u0123\u0113\u0161anas diapazonu 180 gr\u0101di un 12 metru noteik\u0161anas distanci. Aizsardz\u012bbas klases tips: IP65. Neierobe\u017eota izmanto\u0161ana \u0101rpus telp\u0101m: piem\u0113rota d\u0101rzam, iek\u0161pagalmam, lievenim, pagrab\u0101, gaiten\u012b, vannas istab\u0101, mitr\u0101 telp\u0101, \u0101ra lieto\u0161anai. Gaismas jut\u012bba: no 3 luksiem l\u012bdz 2000 luksiem: ja gaismas l\u012bmenis nokr\u012btas zem iestat\u012bt\u0101s spilgtuma v\u0113rt\u012bbas, sensors tiek aktiviz\u0113ts. Kr\u0113slas [&hellip;]<\/p>\n","protected":false},"featured_media":35574,"comment_status":"closed","ping_status":"closed","template":"","meta":{"inline_featured_image":false},"product_cat":[900],"product_tag":[],"yst_prominent_words":[],"class_list":{"0":"post-35573","1":"product","2":"type-product","3":"status-publish","4":"has-post-thumbnail","6":"product_cat-sensori-u-c-piederumi","8":"first","9":"instock","10":"taxable","11":"shipping-taxable","12":"purchasable","13":"product-type-simple"},"jetpack_sharing_enabled":true,"_links":{"self":[{"href":"https:\/\/ddt.lv\/lv\/wp-json\/wp\/v2\/product\/35573"}],"collection":[{"href":"https:\/\/ddt.lv\/lv\/wp-json\/wp\/v2\/product"}],"about":[{"href":"https:\/\/ddt.lv\/lv\/wp-json\/wp\/v2\/types\/product"}],"replies":[{"embeddable":true,"href":"https:\/\/ddt.lv\/lv\/wp-json\/wp\/v2\/comments?post=35573"}],"wp:featuredmedia":[{"embeddable":true,"href":"https:\/\/ddt.lv\/lv\/wp-json\/wp\/v2\/media\/35574"}],"wp:attachment":[{"href":"https:\/\/ddt.lv\/lv\/wp-json\/wp\/v2\/media?parent=35573"}],"wp:term":[{"taxonomy":"product_cat","embeddable":true,"href":"https:\/\/ddt.lv\/lv\/wp-json\/wp\/v2\/product_cat?post=35573"},{"taxonomy":"product_tag","embeddable":true,"href":"https:\/\/ddt.lv\/lv\/wp-json\/wp\/v2\/product_tag?post=35573"},{"taxonomy":"yst_prominent_words","embeddable":true,"href":"https:\/\/ddt.lv\/lv\/wp-json\/wp\/v2\/yst_prominent_words?post=35573"}],"curies":[{"name":"wp","href":"https:\/\/api.w.org\/{rel}","templated":true}]}}