{"id":35566,"date":"2022-12-02T14:20:18","date_gmt":"2022-12-02T12:20:18","guid":{"rendered":"https:\/\/ddt.lv\/lv\/product\/termometrs-ar-vadu-ara-un-iekstelpam-ar-displ-2xaaa-emos\/"},"modified":"2026-04-27T08:45:58","modified_gmt":"2026-04-27T05:45:58","slug":"termometrs-ar-vadu-ara-un-iekstelpam-ar-displ-2xaaa-emos","status":"publish","type":"product","link":"https:\/\/ddt.lv\/lv\/product\/termometrs-ar-vadu-ara-un-iekstelpam-ar-displ-2xaaa-emos\/","title":{"rendered":"Termometrs ar vadu \u0101ra un iek\u0161telp\u0101m ar displ. (2xAAA) EMOS"},"content":{"rendered":"<p>Digit\u0101lais termometrs ar elegantu dizainu un ar lielu las\u0101mu displeju. Darbojas ar 2x AAA baterij\u0101m, digit\u0101lais stieples termometrs ir piem\u0113rots jebkurai telpai, gan iek\u0161\u0101, gan \u0101r\u0101. Prec\u012bzs dizains un displejs ar lieliem salas\u0101miem cipariem pace\u013c \u0161o modeli augst\u0101k\u0101 l\u012bmen\u012b un padara to ne tikai par praktisku pal\u012bgu, bet ar\u012b par interesantu aksesu\u0101ru. Varat to novietot uz plaukta vai pak\u0101rt pie sienas.<\/p>","protected":false},"excerpt":{"rendered":"<p>Digit\u0101lais termometrs ar elegantu dizainu un ar lielu las\u0101mu displeju. Darbojas ar 2x AAA baterij\u0101m, digit\u0101lais stieples termometrs ir piem\u0113rots jebkurai telpai, gan iek\u0161\u0101, gan \u0101r\u0101. Prec\u012bzs dizains un displejs ar lieliem salas\u0101miem cipariem pace\u013c \u0161o modeli augst\u0101k\u0101 l\u012bmen\u012b un padara to ne tikai par praktisku pal\u012bgu, bet ar\u012b par interesantu aksesu\u0101ru. Varat to novietot [&hellip;]<\/p>\n","protected":false},"featured_media":35567,"comment_status":"closed","ping_status":"closed","template":"","meta":{"inline_featured_image":false},"product_cat":[541],"product_tag":[],"yst_prominent_words":[],"class_list":{"0":"post-35566","1":"product","2":"type-product","3":"status-publish","4":"has-post-thumbnail","6":"product_cat-termometri-meteostacijas","8":"first","9":"instock","10":"taxable","11":"shipping-taxable","12":"purchasable","13":"product-type-simple"},"jetpack_sharing_enabled":true,"_links":{"self":[{"href":"https:\/\/ddt.lv\/lv\/wp-json\/wp\/v2\/product\/35566"}],"collection":[{"href":"https:\/\/ddt.lv\/lv\/wp-json\/wp\/v2\/product"}],"about":[{"href":"https:\/\/ddt.lv\/lv\/wp-json\/wp\/v2\/types\/product"}],"replies":[{"embeddable":true,"href":"https:\/\/ddt.lv\/lv\/wp-json\/wp\/v2\/comments?post=35566"}],"wp:featuredmedia":[{"embeddable":true,"href":"https:\/\/ddt.lv\/lv\/wp-json\/wp\/v2\/media\/35567"}],"wp:attachment":[{"href":"https:\/\/ddt.lv\/lv\/wp-json\/wp\/v2\/media?parent=35566"}],"wp:term":[{"taxonomy":"product_cat","embeddable":true,"href":"https:\/\/ddt.lv\/lv\/wp-json\/wp\/v2\/product_cat?post=35566"},{"taxonomy":"product_tag","embeddable":true,"href":"https:\/\/ddt.lv\/lv\/wp-json\/wp\/v2\/product_tag?post=35566"},{"taxonomy":"yst_prominent_words","embeddable":true,"href":"https:\/\/ddt.lv\/lv\/wp-json\/wp\/v2\/yst_prominent_words?post=35566"}],"curies":[{"name":"wp","href":"https:\/\/api.w.org\/{rel}","templated":true}]}}