{"id":35559,"date":"2022-12-02T13:40:19","date_gmt":"2022-12-02T11:40:19","guid":{"rendered":"https:\/\/ddt.lv\/lv\/product\/lime-super-entac-3g-bl1\/"},"modified":"2026-04-09T11:45:20","modified_gmt":"2026-04-09T08:45:20","slug":"lime-super-entac-3g-bl1","status":"publish","type":"product","link":"https:\/\/ddt.lv\/lv\/product\/lime-super-entac-3g-bl1\/","title":{"rendered":"L\u012bme SUPER ENTAC 3g  BL1"},"content":{"rendered":"<p>Entac Superglue momentl\u012bme. T\u0101 \u013cauj \u0101tri un viegli piel\u012bm\u0113t da\u017e\u0101dus priek\u0161metus. T\u0101 nodro\u0161ina sp\u0113c\u012bgu un ilgsto\u0161u l\u012bm\u0113\u0161anas efektu, t\u0101d\u0113j\u0101di pagarinot m\u016bsu iecien\u012bto priek\u0161metu kalpo\u0161anas laiku. To var univers\u0101li izmantot ar\u012b uz koka, met\u0101la, stikla, plastmasas, \u0101das un keramikas. Tas ir pieejams 2 un 3 gramu \u0161\u0137idr\u0101s versij\u0101s, k\u0101 ar\u012b \u017eelejas veid\u0101 3 gramu iepakojum\u0101.<\/p>","protected":false},"excerpt":{"rendered":"<p>Entac Superglue momentl\u012bme. T\u0101 \u013cauj \u0101tri un viegli piel\u012bm\u0113t da\u017e\u0101dus priek\u0161metus. T\u0101 nodro\u0161ina sp\u0113c\u012bgu un ilgsto\u0161u l\u012bm\u0113\u0161anas efektu, t\u0101d\u0113j\u0101di pagarinot m\u016bsu iecien\u012bto priek\u0161metu kalpo\u0161anas laiku. To var univers\u0101li izmantot ar\u012b uz koka, met\u0101la, stikla, plastmasas, \u0101das un keramikas. Tas ir pieejams 2 un 3 gramu \u0161\u0137idr\u0101s versij\u0101s, k\u0101 ar\u012b \u017eelejas veid\u0101 3 gramu iepakojum\u0101.<\/p>\n","protected":false},"featured_media":35561,"comment_status":"closed","ping_status":"closed","template":"","meta":{"inline_featured_image":false},"product_cat":[772,1395],"product_tag":[],"yst_prominent_words":[],"class_list":{"0":"post-35559","1":"product","2":"type-product","3":"status-publish","4":"has-post-thumbnail","6":"product_cat-atlaides","7":"product_cat-limes","9":"first","10":"instock","11":"sale","12":"taxable","13":"shipping-taxable","14":"purchasable","15":"product-type-simple"},"jetpack_sharing_enabled":true,"_links":{"self":[{"href":"https:\/\/ddt.lv\/lv\/wp-json\/wp\/v2\/product\/35559"}],"collection":[{"href":"https:\/\/ddt.lv\/lv\/wp-json\/wp\/v2\/product"}],"about":[{"href":"https:\/\/ddt.lv\/lv\/wp-json\/wp\/v2\/types\/product"}],"replies":[{"embeddable":true,"href":"https:\/\/ddt.lv\/lv\/wp-json\/wp\/v2\/comments?post=35559"}],"wp:featuredmedia":[{"embeddable":true,"href":"https:\/\/ddt.lv\/lv\/wp-json\/wp\/v2\/media\/35561"}],"wp:attachment":[{"href":"https:\/\/ddt.lv\/lv\/wp-json\/wp\/v2\/media?parent=35559"}],"wp:term":[{"taxonomy":"product_cat","embeddable":true,"href":"https:\/\/ddt.lv\/lv\/wp-json\/wp\/v2\/product_cat?post=35559"},{"taxonomy":"product_tag","embeddable":true,"href":"https:\/\/ddt.lv\/lv\/wp-json\/wp\/v2\/product_tag?post=35559"},{"taxonomy":"yst_prominent_words","embeddable":true,"href":"https:\/\/ddt.lv\/lv\/wp-json\/wp\/v2\/yst_prominent_words?post=35559"}],"curies":[{"name":"wp","href":"https:\/\/api.w.org\/{rel}","templated":true}]}}