{"id":35558,"date":"2022-12-02T13:40:19","date_gmt":"2022-12-02T11:40:19","guid":{"rendered":"https:\/\/ddt.lv\/lv\/product\/vads-ar-kontaktdaksu-1-75m-2x0-5mm2-plakans-melns-emos\/"},"modified":"2026-04-13T10:05:35","modified_gmt":"2026-04-13T07:05:35","slug":"vads-ar-kontaktdaksu-1-75m-2x0-5mm2-plakans-melns-emos","status":"publish","type":"product","link":"https:\/\/ddt.lv\/lv\/product\/vads-ar-kontaktdaksu-1-75m-2x0-5mm2-plakans-melns-emos\/","title":{"rendered":"Vads ar kontaktdak\u0161u 1.75m 2&#215;0.5mm2 plakans melns EMOS"},"content":{"rendered":"<p>IEC savienojums ar Euro spraudni, kas piem\u0113rots datoriem, person\u0101lajiem datoriem, monitoriem, printeriem, DVD atska\u0146ot\u0101jiem, LCD televizoriem un cit\u0101m elektroier\u012bc\u0113m.<br \/>\n     Materi\u0101ls: PVC, \u0161\u0137\u0113rsgriezums: 2 x 0,5 mm &#8211; 2 pavedieni, apz\u012bm\u0113jums: H03VVH2-F<br \/>\n     Kabe\u013ca garums: 1,75 m<\/p>","protected":false},"excerpt":{"rendered":"<p>IEC savienojums ar Euro spraudni, kas piem\u0113rots datoriem, person\u0101lajiem datoriem, monitoriem, printeriem, DVD atska\u0146ot\u0101jiem, LCD televizoriem un cit\u0101m elektroier\u012bc\u0113m. Materi\u0101ls: PVC, \u0161\u0137\u0113rsgriezums: 2 x 0,5 mm &#8211; 2 pavedieni, apz\u012bm\u0113jums: H03VVH2-F Kabe\u013ca garums: 1,75 m<\/p>\n","protected":false},"featured_media":35562,"comment_status":"closed","ping_status":"closed","template":"","meta":{"inline_featured_image":false},"product_cat":[841],"product_tag":[],"yst_prominent_words":[],"class_list":{"0":"post-35558","1":"product","2":"type-product","3":"status-publish","4":"has-post-thumbnail","6":"product_cat-pagarinatajvadi-plakani","8":"first","9":"instock","10":"taxable","11":"shipping-taxable","12":"purchasable","13":"product-type-simple"},"jetpack_sharing_enabled":true,"_links":{"self":[{"href":"https:\/\/ddt.lv\/lv\/wp-json\/wp\/v2\/product\/35558"}],"collection":[{"href":"https:\/\/ddt.lv\/lv\/wp-json\/wp\/v2\/product"}],"about":[{"href":"https:\/\/ddt.lv\/lv\/wp-json\/wp\/v2\/types\/product"}],"replies":[{"embeddable":true,"href":"https:\/\/ddt.lv\/lv\/wp-json\/wp\/v2\/comments?post=35558"}],"wp:featuredmedia":[{"embeddable":true,"href":"https:\/\/ddt.lv\/lv\/wp-json\/wp\/v2\/media\/35562"}],"wp:attachment":[{"href":"https:\/\/ddt.lv\/lv\/wp-json\/wp\/v2\/media?parent=35558"}],"wp:term":[{"taxonomy":"product_cat","embeddable":true,"href":"https:\/\/ddt.lv\/lv\/wp-json\/wp\/v2\/product_cat?post=35558"},{"taxonomy":"product_tag","embeddable":true,"href":"https:\/\/ddt.lv\/lv\/wp-json\/wp\/v2\/product_tag?post=35558"},{"taxonomy":"yst_prominent_words","embeddable":true,"href":"https:\/\/ddt.lv\/lv\/wp-json\/wp\/v2\/yst_prominent_words?post=35558"}],"curies":[{"name":"wp","href":"https:\/\/api.w.org\/{rel}","templated":true}]}}