{"id":35520,"date":"2022-11-28T10:00:27","date_gmt":"2022-11-28T08:00:27","guid":{"rendered":"https:\/\/ddt.lv\/lv\/product\/15615-minions-night-light-3xaa-naktslampa-2020-lukturis-varta\/"},"modified":"2026-04-08T14:36:07","modified_gmt":"2026-04-08T11:36:07","slug":"15615-minions-night-light-3xaa-naktslampa-2020-lukturis-varta","status":"publish","type":"product","link":"https:\/\/ddt.lv\/lv\/product\/15615-minions-night-light-3xaa-naktslampa-2020-lukturis-varta\/","title":{"rendered":"15615 MINIONS NIGHT LIGHT 3XAA Naktslampa Lukturis VARTA"},"content":{"rendered":"<p>\u2022 Pievilc\u012bga Minions formas naktslampi\u0146a<br \/>\n\u2022 Rada m\u0101j\u012bgu un siltu atmosf\u0113ru<br \/>\n\u2022 Piesk\u0101riena sensors pie kabatas, lai iesl\u0113gtu nakts gaismu<br \/>\niesl\u0113g\u0161ana\/izsl\u0113g\u0161ana maksim\u0101lai \u0113rt\u012bbai<br \/>\n\u2022 Divi gaismas re\u017e\u012bmi: 100% un zemais re\u017e\u012bms<br \/>\n\u2022 Vado\u0161ais b\u012bd\u0101mais sl\u0113dzis aizmugur\u0113<br \/>\n(augstaj\u0101 re\u017e\u012bm\u0101, zemaj\u0101 re\u017e\u012bm\u0101, izsl\u0113gts)<\/p>","protected":false},"excerpt":{"rendered":"<p>\u2022 Pievilc\u012bga Minions formas naktslampi\u0146a \u2022 Rada m\u0101j\u012bgu un siltu atmosf\u0113ru \u2022 Piesk\u0101riena sensors pie kabatas, lai iesl\u0113gtu nakts gaismu iesl\u0113g\u0161ana\/izsl\u0113g\u0161ana maksim\u0101lai \u0113rt\u012bbai \u2022 Divi gaismas re\u017e\u012bmi: 100% un zemais re\u017e\u012bms \u2022 Vado\u0161ais b\u012bd\u0101mais sl\u0113dzis aizmugur\u0113 (augstaj\u0101 re\u017e\u012bm\u0101, zemaj\u0101 re\u017e\u012bm\u0101, izsl\u0113gts)<\/p>\n","protected":false},"featured_media":35540,"comment_status":"closed","ping_status":"closed","template":"","meta":{"inline_featured_image":false},"product_cat":[772,1293],"product_tag":[],"yst_prominent_words":[],"class_list":{"0":"post-35520","1":"product","2":"type-product","3":"status-publish","4":"has-post-thumbnail","6":"product_cat-atlaides","7":"product_cat-naktslampas","9":"first","10":"instock","11":"sale","12":"taxable","13":"shipping-taxable","14":"purchasable","15":"product-type-simple"},"jetpack_sharing_enabled":true,"_links":{"self":[{"href":"https:\/\/ddt.lv\/lv\/wp-json\/wp\/v2\/product\/35520"}],"collection":[{"href":"https:\/\/ddt.lv\/lv\/wp-json\/wp\/v2\/product"}],"about":[{"href":"https:\/\/ddt.lv\/lv\/wp-json\/wp\/v2\/types\/product"}],"replies":[{"embeddable":true,"href":"https:\/\/ddt.lv\/lv\/wp-json\/wp\/v2\/comments?post=35520"}],"wp:featuredmedia":[{"embeddable":true,"href":"https:\/\/ddt.lv\/lv\/wp-json\/wp\/v2\/media\/35540"}],"wp:attachment":[{"href":"https:\/\/ddt.lv\/lv\/wp-json\/wp\/v2\/media?parent=35520"}],"wp:term":[{"taxonomy":"product_cat","embeddable":true,"href":"https:\/\/ddt.lv\/lv\/wp-json\/wp\/v2\/product_cat?post=35520"},{"taxonomy":"product_tag","embeddable":true,"href":"https:\/\/ddt.lv\/lv\/wp-json\/wp\/v2\/product_tag?post=35520"},{"taxonomy":"yst_prominent_words","embeddable":true,"href":"https:\/\/ddt.lv\/lv\/wp-json\/wp\/v2\/yst_prominent_words?post=35520"}],"curies":[{"name":"wp","href":"https:\/\/api.w.org\/{rel}","templated":true}]}}