{"id":35517,"date":"2022-11-28T09:40:21","date_gmt":"2022-11-28T07:40:21","guid":{"rendered":"https:\/\/ddt.lv\/lv\/product\/led-dekors-emos-svecturis-melns-20led-1-2w-ip20-25x27-5cm3xaa-ar-taimeri\/"},"modified":"2026-04-06T11:05:39","modified_gmt":"2026-04-06T08:05:39","slug":"led-dekors-emos-svecturis-melns-20led-1-2w-ip20-25x27-5cm3xaa-ar-taimeri","status":"publish","type":"product","link":"https:\/\/ddt.lv\/lv\/product\/led-dekors-emos-svecturis-melns-20led-1-2w-ip20-25x27-5cm3xaa-ar-taimeri\/","title":{"rendered":"LED Dekors EMOS Sve\u010dturis melns 20LED 1.2W IP20 25&#215;27.5cm(3xAA), ar taimeri"},"content":{"rendered":"<p>LED gaismu dekor\u0101cija<br \/>\nTriju poz\u012bciju sl\u0113d\u017ea funkcijas:<br \/>\nOFF \u2013 izstr\u0101d\u0101jums paliek past\u0101v\u012bgi izsl\u0113gts<br \/>\nTAIMERIS \u2013 p\u0113c iesl\u0113g\u0161anas izstr\u0101d\u0101jums iedegas atk\u0101rtotos ciklos 6 stundas, tad izsl\u0113dzas uz<br \/>\n18 stund\u0101m<br \/>\nON \u2013 izstr\u0101d\u0101jums paliek past\u0101v\u012bgi iesl\u0113gts<\/p>\n<p>Tehnisk\u0101s specifik\u0101cijas:<br \/>\nBaro\u0161ana ar baterij\u0101m \u2013 3\u00d7 AA 1,5 V DC | 2\u00d7 AA 1,5 V DC | 3\u00d7 AAA 1,5 V DC | 2\u00d7 AAA 1,5 V DC<br \/>\n(baterijas nav iek\u013cautas)<br \/>\nKorpusa aizsardz\u012bbas v\u0113rt\u0113jums \u2013 IP20<\/p>","protected":false},"excerpt":{"rendered":"<p>LED gaismu dekor\u0101cija Triju poz\u012bciju sl\u0113d\u017ea funkcijas: OFF \u2013 izstr\u0101d\u0101jums paliek past\u0101v\u012bgi izsl\u0113gts TAIMERIS \u2013 p\u0113c iesl\u0113g\u0161anas izstr\u0101d\u0101jums iedegas atk\u0101rtotos ciklos 6 stundas, tad izsl\u0113dzas uz 18 stund\u0101m ON \u2013 izstr\u0101d\u0101jums paliek past\u0101v\u012bgi iesl\u0113gts Tehnisk\u0101s specifik\u0101cijas: Baro\u0161ana ar baterij\u0101m \u2013 3\u00d7 AA 1,5 V DC | 2\u00d7 AA 1,5 V DC | 3\u00d7 AAA 1,5 [&hellip;]<\/p>\n","protected":false},"featured_media":35534,"comment_status":"closed","ping_status":"closed","template":"","meta":{"inline_featured_image":false},"product_cat":[772,913],"product_tag":[],"yst_prominent_words":[],"class_list":{"0":"post-35517","1":"product","2":"type-product","3":"status-publish","4":"has-post-thumbnail","6":"product_cat-atlaides","7":"product_cat-iekstelpu-dekori-led-virtenes-un-dekoracijas","9":"first","10":"instock","11":"sale","12":"taxable","13":"shipping-taxable","14":"purchasable","15":"product-type-simple"},"jetpack_sharing_enabled":true,"_links":{"self":[{"href":"https:\/\/ddt.lv\/lv\/wp-json\/wp\/v2\/product\/35517"}],"collection":[{"href":"https:\/\/ddt.lv\/lv\/wp-json\/wp\/v2\/product"}],"about":[{"href":"https:\/\/ddt.lv\/lv\/wp-json\/wp\/v2\/types\/product"}],"replies":[{"embeddable":true,"href":"https:\/\/ddt.lv\/lv\/wp-json\/wp\/v2\/comments?post=35517"}],"wp:featuredmedia":[{"embeddable":true,"href":"https:\/\/ddt.lv\/lv\/wp-json\/wp\/v2\/media\/35534"}],"wp:attachment":[{"href":"https:\/\/ddt.lv\/lv\/wp-json\/wp\/v2\/media?parent=35517"}],"wp:term":[{"taxonomy":"product_cat","embeddable":true,"href":"https:\/\/ddt.lv\/lv\/wp-json\/wp\/v2\/product_cat?post=35517"},{"taxonomy":"product_tag","embeddable":true,"href":"https:\/\/ddt.lv\/lv\/wp-json\/wp\/v2\/product_tag?post=35517"},{"taxonomy":"yst_prominent_words","embeddable":true,"href":"https:\/\/ddt.lv\/lv\/wp-json\/wp\/v2\/yst_prominent_words?post=35517"}],"curies":[{"name":"wp","href":"https:\/\/api.w.org\/{rel}","templated":true}]}}