{"id":35516,"date":"2022-11-28T09:40:20","date_gmt":"2022-11-28T07:40:20","guid":{"rendered":"https:\/\/ddt.lv\/lv\/product\/powerbank-10-000-mah-micro-usb-usb-c-melns-alpha10s-emos\/"},"modified":"2026-04-13T10:05:57","modified_gmt":"2026-04-13T07:05:57","slug":"powerbank-10-000-mah-micro-usb-usb-c-melns-alpha10s-emos","status":"publish","type":"product","link":"https:\/\/ddt.lv\/lv\/product\/powerbank-10-000-mah-micro-usb-usb-c-melns-alpha10s-emos\/","title":{"rendered":"Powerbank 10 000 mAh Micro USB\/USB-C melns ALPHA10S EMOS"},"content":{"rendered":"<p>Emos pied\u0101v\u0101 elegantu un kompaktu powerbanku ar\u00a0 10 000 mAh jaudu un 74 Wh kop\u0113jo jaudu. EMOS\u00a0 10000 mAh powerbankai\u00a0 ir 1x USB-C un 1x USB savienot\u0101js, t\u0101p\u0113c tas b\u016bs piem\u0113rots liel\u0101kajai da\u013cai j\u016bsu ier\u012b\u010du. Atbalsta Qualcomm QuickCharge 3.0 un 10 W ener\u0123ijas pieg\u0101des tehnolo\u0123iju.<\/p>","protected":false},"excerpt":{"rendered":"<p>Emos pied\u0101v\u0101 elegantu un kompaktu powerbanku ar\u00a0 10 000 mAh jaudu un 74 Wh kop\u0113jo jaudu. EMOS\u00a0 10000 mAh powerbankai\u00a0 ir 1x USB-C un 1x USB savienot\u0101js, t\u0101p\u0113c tas b\u016bs piem\u0113rots liel\u0101kajai da\u013cai j\u016bsu ier\u012b\u010du. Atbalsta Qualcomm QuickCharge 3.0 un 10 W ener\u0123ijas pieg\u0101des tehnolo\u0123iju.<\/p>\n","protected":false},"featured_media":35521,"comment_status":"closed","ping_status":"closed","template":"","meta":{"inline_featured_image":false},"product_cat":[772,460],"product_tag":[],"yst_prominent_words":[],"class_list":{"0":"post-35516","1":"product","2":"type-product","3":"status-publish","4":"has-post-thumbnail","6":"product_cat-atlaides","7":"product_cat-uzlades-stacijas","9":"first","10":"instock","11":"sale","12":"taxable","13":"shipping-taxable","14":"purchasable","15":"product-type-simple"},"jetpack_sharing_enabled":true,"_links":{"self":[{"href":"https:\/\/ddt.lv\/lv\/wp-json\/wp\/v2\/product\/35516"}],"collection":[{"href":"https:\/\/ddt.lv\/lv\/wp-json\/wp\/v2\/product"}],"about":[{"href":"https:\/\/ddt.lv\/lv\/wp-json\/wp\/v2\/types\/product"}],"replies":[{"embeddable":true,"href":"https:\/\/ddt.lv\/lv\/wp-json\/wp\/v2\/comments?post=35516"}],"wp:featuredmedia":[{"embeddable":true,"href":"https:\/\/ddt.lv\/lv\/wp-json\/wp\/v2\/media\/35521"}],"wp:attachment":[{"href":"https:\/\/ddt.lv\/lv\/wp-json\/wp\/v2\/media?parent=35516"}],"wp:term":[{"taxonomy":"product_cat","embeddable":true,"href":"https:\/\/ddt.lv\/lv\/wp-json\/wp\/v2\/product_cat?post=35516"},{"taxonomy":"product_tag","embeddable":true,"href":"https:\/\/ddt.lv\/lv\/wp-json\/wp\/v2\/product_tag?post=35516"},{"taxonomy":"yst_prominent_words","embeddable":true,"href":"https:\/\/ddt.lv\/lv\/wp-json\/wp\/v2\/yst_prominent_words?post=35516"}],"curies":[{"name":"wp","href":"https:\/\/api.w.org\/{rel}","templated":true}]}}