{"id":35403,"date":"2022-11-14T15:40:42","date_gmt":"2022-11-14T13:40:42","guid":{"rendered":"https:\/\/ddt.lv\/lv\/product\/stativs-ladetajam-wallbox-24-x-112-x-1117-cm\/"},"modified":"2026-04-13T10:02:16","modified_gmt":"2026-04-13T07:02:16","slug":"stativs-ladetajam-wallbox-24-x-112-x-1117-cm","status":"publish","type":"product","link":"https:\/\/ddt.lv\/lv\/product\/stativs-ladetajam-wallbox-24-x-112-x-1117-cm\/","title":{"rendered":"Stat\u012bvs l\u0101d\u0113t\u0101jam Wallbox 24 x 11,2 x 111,7 cm"},"content":{"rendered":"<p>Pjedest\u0101ls OCPP EM2GO EV l\u0101d\u0113t\u0101ju uzst\u0101d\u012b\u0161anai. izgatavots no ner\u016bs\u0113jo\u0161\u0101 met\u0101la ar kr\u0101sainu p\u0101rkl\u0101jumu izmanto\u0161anai \u0101rpus telp\u0101m. Viengabala kolonna nodro\u0161ina dro\u0161u stat\u012bvu un nodro\u0161ina vietu taupo\u0161u mont\u0101\u017eu visur, kur transportl\u012bdzek\u013ciem ir nepiecie\u0161ama jauda un nav iesp\u0113jama mont\u0101\u017ea pie sienas. Pateicoties ide\u0101lajam augstumam, EV l\u0101d\u0113t\u0101jus var darbin\u0101t optim\u0101li, un kaitino\u0161\u0101 kabe\u013cu juceklis ir pag\u0101tne.<\/p>","protected":false},"excerpt":{"rendered":"<p>Pjedest\u0101ls OCPP EM2GO EV l\u0101d\u0113t\u0101ju uzst\u0101d\u012b\u0161anai. izgatavots no ner\u016bs\u0113jo\u0161\u0101 met\u0101la ar kr\u0101sainu p\u0101rkl\u0101jumu izmanto\u0161anai \u0101rpus telp\u0101m. Viengabala kolonna nodro\u0161ina dro\u0161u stat\u012bvu un nodro\u0161ina vietu taupo\u0161u mont\u0101\u017eu visur, kur transportl\u012bdzek\u013ciem ir nepiecie\u0161ama jauda un nav iesp\u0113jama mont\u0101\u017ea pie sienas. Pateicoties ide\u0101lajam augstumam, EV l\u0101d\u0113t\u0101jus var darbin\u0101t optim\u0101li, un kaitino\u0161\u0101 kabe\u013cu juceklis ir pag\u0101tne.<\/p>\n","protected":false},"featured_media":35409,"comment_status":"closed","ping_status":"closed","template":"","meta":{"inline_featured_image":false},"product_cat":[1554],"product_tag":[],"yst_prominent_words":[],"class_list":{"0":"post-35403","1":"product","2":"type-product","3":"status-publish","4":"has-post-thumbnail","6":"product_cat-elektroauto-uzlade","8":"first","9":"outofstock","10":"taxable","11":"shipping-taxable","12":"purchasable","13":"product-type-simple"},"jetpack_sharing_enabled":true,"_links":{"self":[{"href":"https:\/\/ddt.lv\/lv\/wp-json\/wp\/v2\/product\/35403"}],"collection":[{"href":"https:\/\/ddt.lv\/lv\/wp-json\/wp\/v2\/product"}],"about":[{"href":"https:\/\/ddt.lv\/lv\/wp-json\/wp\/v2\/types\/product"}],"replies":[{"embeddable":true,"href":"https:\/\/ddt.lv\/lv\/wp-json\/wp\/v2\/comments?post=35403"}],"wp:featuredmedia":[{"embeddable":true,"href":"https:\/\/ddt.lv\/lv\/wp-json\/wp\/v2\/media\/35409"}],"wp:attachment":[{"href":"https:\/\/ddt.lv\/lv\/wp-json\/wp\/v2\/media?parent=35403"}],"wp:term":[{"taxonomy":"product_cat","embeddable":true,"href":"https:\/\/ddt.lv\/lv\/wp-json\/wp\/v2\/product_cat?post=35403"},{"taxonomy":"product_tag","embeddable":true,"href":"https:\/\/ddt.lv\/lv\/wp-json\/wp\/v2\/product_tag?post=35403"},{"taxonomy":"yst_prominent_words","embeddable":true,"href":"https:\/\/ddt.lv\/lv\/wp-json\/wp\/v2\/yst_prominent_words?post=35403"}],"curies":[{"name":"wp","href":"https:\/\/api.w.org\/{rel}","templated":true}]}}