{"id":35402,"date":"2022-11-14T15:40:42","date_gmt":"2022-11-14T13:40:42","guid":{"rendered":"https:\/\/ddt.lv\/lv\/product\/rfid-karte-elektro-auto-ladetajiem\/"},"modified":"2026-04-13T10:02:16","modified_gmt":"2026-04-13T07:02:16","slug":"rfid-karte-elektro-auto-ladetajiem","status":"publish","type":"product","link":"https:\/\/ddt.lv\/lv\/product\/rfid-karte-elektro-auto-ladetajiem\/","title":{"rendered":"RFID karte elektro auto l\u0101d\u0113t\u0101jiem"},"content":{"rendered":"<p>RFID tie\u0161saistes karte lieto\u0161anai ar OCPP sist\u0113mu savienojum\u0101 ar mai\u0146str\u0101vas automa\u0161\u012bnu sienas l\u0101d\u0113t\u0101jiem EM011AC1OCPP, EM022AC1OCPP un EM022AS0OCPP. RFID kartei ir uzdruk\u0101ts identifik\u0101cijas numurs, kas j\u0101re\u0123istr\u0113 OCPP sist\u0113m\u0101. RFID kartes tie\u0161saistes re\u017e\u012bmam var individu\u0101li personaliz\u0113t ar unik\u0101lu identifik\u0101cijas numuru. Tie\u0161saistes RFID karti nevar izmantot, lai s\u0101ktu vai aptur\u0113tu uzl\u0101des procesu bez OCPP sist\u0113mas.<\/p>","protected":false},"excerpt":{"rendered":"<p>RFID tie\u0161saistes karte lieto\u0161anai ar OCPP sist\u0113mu savienojum\u0101 ar mai\u0146str\u0101vas automa\u0161\u012bnu sienas l\u0101d\u0113t\u0101jiem EM011AC1OCPP, EM022AC1OCPP un EM022AS0OCPP. RFID kartei ir uzdruk\u0101ts identifik\u0101cijas numurs, kas j\u0101re\u0123istr\u0113 OCPP sist\u0113m\u0101. RFID kartes tie\u0161saistes re\u017e\u012bmam var individu\u0101li personaliz\u0113t ar unik\u0101lu identifik\u0101cijas numuru. Tie\u0161saistes RFID karti nevar izmantot, lai s\u0101ktu vai aptur\u0113tu uzl\u0101des procesu bez OCPP sist\u0113mas.<\/p>\n","protected":false},"featured_media":35424,"comment_status":"closed","ping_status":"closed","template":"","meta":{"inline_featured_image":false},"product_cat":[1554],"product_tag":[],"yst_prominent_words":[],"class_list":{"0":"post-35402","1":"product","2":"type-product","3":"status-publish","4":"has-post-thumbnail","6":"product_cat-elektroauto-uzlade","8":"first","9":"outofstock","10":"taxable","11":"shipping-taxable","12":"purchasable","13":"product-type-simple"},"jetpack_sharing_enabled":true,"_links":{"self":[{"href":"https:\/\/ddt.lv\/lv\/wp-json\/wp\/v2\/product\/35402"}],"collection":[{"href":"https:\/\/ddt.lv\/lv\/wp-json\/wp\/v2\/product"}],"about":[{"href":"https:\/\/ddt.lv\/lv\/wp-json\/wp\/v2\/types\/product"}],"replies":[{"embeddable":true,"href":"https:\/\/ddt.lv\/lv\/wp-json\/wp\/v2\/comments?post=35402"}],"wp:featuredmedia":[{"embeddable":true,"href":"https:\/\/ddt.lv\/lv\/wp-json\/wp\/v2\/media\/35424"}],"wp:attachment":[{"href":"https:\/\/ddt.lv\/lv\/wp-json\/wp\/v2\/media?parent=35402"}],"wp:term":[{"taxonomy":"product_cat","embeddable":true,"href":"https:\/\/ddt.lv\/lv\/wp-json\/wp\/v2\/product_cat?post=35402"},{"taxonomy":"product_tag","embeddable":true,"href":"https:\/\/ddt.lv\/lv\/wp-json\/wp\/v2\/product_tag?post=35402"},{"taxonomy":"yst_prominent_words","embeddable":true,"href":"https:\/\/ddt.lv\/lv\/wp-json\/wp\/v2\/yst_prominent_words?post=35402"}],"curies":[{"name":"wp","href":"https:\/\/api.w.org\/{rel}","templated":true}]}}