{"id":35401,"date":"2022-11-14T15:40:42","date_gmt":"2022-11-14T13:40:42","guid":{"rendered":"https:\/\/ddt.lv\/lv\/product\/elektro-auto-ladetajs-universals-uni-mobile-ev-programmejams-parnesajams-lidz16-kw-ar-1-fazes-vai-3-fazes-pieslegumiem-ip66\/"},"modified":"2026-04-08T14:42:04","modified_gmt":"2026-04-08T11:42:04","slug":"elektro-auto-ladetajs-universals-uni-mobile-ev-programmejams-parnesajams-lidz16-kw-ar-1-fazes-vai-3-fazes-pieslegumiem-ip66","status":"publish","type":"product","link":"https:\/\/ddt.lv\/lv\/product\/elektro-auto-ladetajs-universals-uni-mobile-ev-programmejams-parnesajams-lidz16-kw-ar-1-fazes-vai-3-fazes-pieslegumiem-ip66\/","title":{"rendered":"Elektro auto l\u0101d\u0113t\u0101js univers\u0101ls Uni-Mobile EV, programm\u0113jams, p\u0101rn\u0113s\u0101jams, l\u012bdz16 kW ar 1 f\u0101zes vai 3 f\u0101zes piesl\u0113gumiem, IP66"},"content":{"rendered":"<p>Izmantojot mobilo uzl\u0101des ier\u012bci EM2GO EV, varat dro\u0161i uzl\u0101d\u0113t savu elektrisko transportl\u012bdzekli jebkur\u0101 mai\u0146str\u0101vas vai tr\u012bsf\u0101zu kontaktligzd\u0101. Vienk\u0101r\u0161i pievienojiet l\u0101d\u0113t\u0101ju ar atbilsto\u0161u adapteri piem\u0113rotai kontaktligzdai, pievienojiet ier\u012bces 2. tipa kontaktdak\u0161u savam elektromobilim, un transportl\u012bdzeklis ir dro\u0161i uzl\u0101d\u0113ts. F\u0101zes un str\u0101vas stiprums ir regul\u0113jami. P\u0101rn\u0113s\u0101jamais l\u0101d\u0113t\u0101js ir apr\u012bkots ar inteli\u0123entu elektroniku un autom\u0101tiski nosaka izmantoto adapteri un atbilsto\u0161o str\u0101vas ierobe\u017eojumu. Ir iesp\u0113jama ar\u012b laika un atlikt\u0101s uzl\u0101des iestat\u012b\u0161ana. Ieb\u016bv\u0113tais kr\u0101su displejs inform\u0113 j\u016bs par pa\u0161reiz\u0113jo uzl\u0101des st\u0101vokli, uzl\u0101des spriegumu, str\u0101vu un temperat\u016bru uzl\u0101des procesa laik\u0101. LED indikators inform\u0113 par pareizu uzl\u0101des procesu. L\u0101d\u0113t\u0101js pied\u0101v\u0101 visaugst\u0101ko dro\u0161\u012bbas l\u012bmeni un ir aizsarg\u0101ts pret p\u0101rspriegumu, zemspriegumu, p\u0101rslodzi, \u012bssavienojumu, p\u0101rm\u0113r\u012bgu temperat\u016bru, zibens un atliku\u0161o str\u0101vu. Iztur\u012bga p\u0101rn\u0113s\u0101\u0161anas somi\u0146a, kas paredz\u0113ts l\u0101d\u0113t\u0101jam, k\u0101 ar\u012b sienas stiprin\u0101juma kron\u0161teins un kabe\u013ca sienas kron\u0161teins ir iek\u013cauti pieg\u0101des komplekt\u0101 kop\u0101 ar adapteriem.<\/p>","protected":false},"excerpt":{"rendered":"<p>Izmantojot mobilo uzl\u0101des ier\u012bci EM2GO EV, varat dro\u0161i uzl\u0101d\u0113t savu elektrisko transportl\u012bdzekli jebkur\u0101 mai\u0146str\u0101vas vai tr\u012bsf\u0101zu kontaktligzd\u0101. Vienk\u0101r\u0161i pievienojiet l\u0101d\u0113t\u0101ju ar atbilsto\u0161u adapteri piem\u0113rotai kontaktligzdai, pievienojiet ier\u012bces 2. tipa kontaktdak\u0161u savam elektromobilim, un transportl\u012bdzeklis ir dro\u0161i uzl\u0101d\u0113ts. F\u0101zes un str\u0101vas stiprums ir regul\u0113jami. P\u0101rn\u0113s\u0101jamais l\u0101d\u0113t\u0101js ir apr\u012bkots ar inteli\u0123entu elektroniku un autom\u0101tiski nosaka izmantoto adapteri [&hellip;]<\/p>\n","protected":false},"featured_media":35421,"comment_status":"closed","ping_status":"closed","template":"","meta":{"inline_featured_image":false},"product_cat":[1554,772],"product_tag":[],"yst_prominent_words":[],"class_list":{"0":"post-35401","1":"product","2":"type-product","3":"status-publish","4":"has-post-thumbnail","6":"product_cat-elektroauto-uzlade","7":"product_cat-atlaides","9":"first","10":"outofstock","11":"sale","12":"taxable","13":"shipping-taxable","14":"purchasable","15":"product-type-simple"},"jetpack_sharing_enabled":true,"_links":{"self":[{"href":"https:\/\/ddt.lv\/lv\/wp-json\/wp\/v2\/product\/35401"}],"collection":[{"href":"https:\/\/ddt.lv\/lv\/wp-json\/wp\/v2\/product"}],"about":[{"href":"https:\/\/ddt.lv\/lv\/wp-json\/wp\/v2\/types\/product"}],"replies":[{"embeddable":true,"href":"https:\/\/ddt.lv\/lv\/wp-json\/wp\/v2\/comments?post=35401"}],"wp:featuredmedia":[{"embeddable":true,"href":"https:\/\/ddt.lv\/lv\/wp-json\/wp\/v2\/media\/35421"}],"wp:attachment":[{"href":"https:\/\/ddt.lv\/lv\/wp-json\/wp\/v2\/media?parent=35401"}],"wp:term":[{"taxonomy":"product_cat","embeddable":true,"href":"https:\/\/ddt.lv\/lv\/wp-json\/wp\/v2\/product_cat?post=35401"},{"taxonomy":"product_tag","embeddable":true,"href":"https:\/\/ddt.lv\/lv\/wp-json\/wp\/v2\/product_tag?post=35401"},{"taxonomy":"yst_prominent_words","embeddable":true,"href":"https:\/\/ddt.lv\/lv\/wp-json\/wp\/v2\/yst_prominent_words?post=35401"}],"curies":[{"name":"wp","href":"https:\/\/api.w.org\/{rel}","templated":true}]}}