{"id":35400,"date":"2022-11-14T15:40:41","date_gmt":"2022-11-14T13:40:41","guid":{"rendered":"https:\/\/ddt.lv\/lv\/product\/elektro-auto-ladetajs-sienas-11-kw-lan-wifi-rs485-rfid-lcd-ip54\/"},"modified":"2026-04-13T10:02:16","modified_gmt":"2026-04-13T07:02:16","slug":"elektro-auto-ladetajs-sienas-11-kw-lan-wifi-rs485-rfid-lcd-ip54","status":"publish","type":"product","link":"https:\/\/ddt.lv\/lv\/product\/elektro-auto-ladetajs-sienas-11-kw-lan-wifi-rs485-rfid-lcd-ip54\/","title":{"rendered":"Elektro auto l\u0101d\u0113t\u0101js, sienas, 11 kW, LAN\/WiFi\/RS485 RFID LCD IP54"},"content":{"rendered":"<p>Ar \u0161o 3 f\u0101\u017eu EM2GO EV uzl\u0101des staciju un 7,5 metru piesl\u0113guma kabeli un 2. tipa spraudni, J\u016bs varat dro\u0161i un \u0101tri uzl\u0101d\u0113t savu e-automobili. EM2GO Wallbox ar inteli\u0123ento vad\u012bbu ir da\u017e\u0101das komunik\u0101cijas saskarnes, piem\u0113ram: Ethernet, WiFi un RS-485. Lai savienotos ar OCPP 1.6-J iesp\u0113jams izmantot ModBus TCP un AT komandas. Wallbox ir ar\u012b integr\u0113ts RFID kar\u0161u las\u012bt\u0101js. Ieb\u016bv\u0113tais mai\u0146str\u0101vas un l\u012bdzstr\u0101vas nopl\u016b\u017eu uzraudz\u012bbas bloks (RCMU) aizsarg\u0101 pret nopl\u016bdes str\u0101vu l\u0101d\u0113\u0161anas laik\u0101, un ieb\u016bv\u0113tais miniat\u016brais \u0137\u0113des p\u0101rtrauc\u0113js (MCB) aizsarg\u0101 pret \u012bssavienojumiem, un tas tiek izmantots sienas l\u0101d\u0113t\u0101ja atsl\u0113g\u0161anai. Kr\u0101su displejs, kas integr\u0113ts l\u0101d\u0113t\u0101ja priek\u0161pus\u0113, inform\u0113 j\u016bs par pa\u0161reiz\u0113jo uzl\u0101des st\u0101vokli, uzl\u0101des spriegumu, str\u0101vu un jaudu uzl\u0101des procesa laik\u0101. \u010cetras gaismas diodes nor\u0101da sienas l\u0101d\u0113t\u0101ja statusu un inform\u0113 par pareizu uzl\u0101des procesu. EM2GO EV uzl\u0101des stacija ir apr\u012bkota ar inteli\u0123entu elektroniku, t\u0101p\u0113c j\u016bsu automa\u0161\u012bna ir labi aizsarg\u0101ta pret boj\u0101juma str\u0101vu, \u012bssavienojumu un augstu temperat\u016bru. Uzl\u0101des stacij\u0101 ir iek\u013cauts mont\u0101\u017eas kron\u0161teins l\u0101d\u0113t\u0101ja mont\u0101\u017eai pie sienas. P\u0113c iek\u0101rtas re\u0123istr\u0101cijas uzl\u0101des staciju var \u0113rti vad\u012bt caur centr\u0101lo instrumentu paneli, t.sk. lietotne. Inform\u0101cijas panel\u012b ir iek\u013cauts uzl\u0101des stacijas\/lietot\u0101ja p\u0101rskats un uzl\u0101des procesu grafiskie nov\u0113rt\u0113jumi. Visus veiktos dar\u012bjumus var eksport\u0113t caur RS485, Ethernet (RJ-45), WiFi (2,4 GHz) p\u0101rskatu un atskai\u0161u snieg\u0161anas nol\u016bkos. Vienk\u0101r\u0161a piesl\u0113guma slodzes vad\u012bba \u013cauj ierobe\u017eot uzl\u0101des stacijas pat\u0113r\u0113t\u0101s elektroener\u0123ijas daudzumu lai nep\u0101rslogotu t\u012bklu. Papildu funkcijas var bez maksas atblo\u0137\u0113t, izmantojot pievienot\u0101s v\u0113rt\u012bbas pakalpojumus inform\u0101cijas panel\u012b.<\/p>","protected":false},"excerpt":{"rendered":"<p>Ar \u0161o 3 f\u0101\u017eu EM2GO EV uzl\u0101des staciju un 7,5 metru piesl\u0113guma kabeli un 2. tipa spraudni, J\u016bs varat dro\u0161i un \u0101tri uzl\u0101d\u0113t savu e-automobili. EM2GO Wallbox ar inteli\u0123ento vad\u012bbu ir da\u017e\u0101das komunik\u0101cijas saskarnes, piem\u0113ram: Ethernet, WiFi un RS-485. Lai savienotos ar OCPP 1.6-J iesp\u0113jams izmantot ModBus TCP un AT komandas. Wallbox ir ar\u012b integr\u0113ts [&hellip;]<\/p>\n","protected":false},"featured_media":35431,"comment_status":"closed","ping_status":"closed","template":"","meta":{"inline_featured_image":false},"product_cat":[1554,772],"product_tag":[],"yst_prominent_words":[],"class_list":{"0":"post-35400","1":"product","2":"type-product","3":"status-publish","4":"has-post-thumbnail","6":"product_cat-elektroauto-uzlade","7":"product_cat-atlaides","9":"first","10":"outofstock","11":"sale","12":"taxable","13":"shipping-taxable","14":"purchasable","15":"product-type-simple"},"jetpack_sharing_enabled":true,"_links":{"self":[{"href":"https:\/\/ddt.lv\/lv\/wp-json\/wp\/v2\/product\/35400"}],"collection":[{"href":"https:\/\/ddt.lv\/lv\/wp-json\/wp\/v2\/product"}],"about":[{"href":"https:\/\/ddt.lv\/lv\/wp-json\/wp\/v2\/types\/product"}],"replies":[{"embeddable":true,"href":"https:\/\/ddt.lv\/lv\/wp-json\/wp\/v2\/comments?post=35400"}],"wp:featuredmedia":[{"embeddable":true,"href":"https:\/\/ddt.lv\/lv\/wp-json\/wp\/v2\/media\/35431"}],"wp:attachment":[{"href":"https:\/\/ddt.lv\/lv\/wp-json\/wp\/v2\/media?parent=35400"}],"wp:term":[{"taxonomy":"product_cat","embeddable":true,"href":"https:\/\/ddt.lv\/lv\/wp-json\/wp\/v2\/product_cat?post=35400"},{"taxonomy":"product_tag","embeddable":true,"href":"https:\/\/ddt.lv\/lv\/wp-json\/wp\/v2\/product_tag?post=35400"},{"taxonomy":"yst_prominent_words","embeddable":true,"href":"https:\/\/ddt.lv\/lv\/wp-json\/wp\/v2\/yst_prominent_words?post=35400"}],"curies":[{"name":"wp","href":"https:\/\/api.w.org\/{rel}","templated":true}]}}