{"id":35374,"date":"2022-11-14T12:00:41","date_gmt":"2022-11-14T10:00:41","guid":{"rendered":"https:\/\/ddt.lv\/lv\/product\/led-virtene-emos-40led-big-cherry-3-6w-krasaina-ip44-4m-ar-taimeri\/"},"modified":"2026-04-06T11:05:47","modified_gmt":"2026-04-06T08:05:47","slug":"led-virtene-emos-40led-big-cherry-3-6w-krasaina-ip44-4m-ar-taimeri","status":"publish","type":"product","link":"https:\/\/ddt.lv\/lv\/product\/led-virtene-emos-40led-big-cherry-3-6w-krasaina-ip44-4m-ar-taimeri\/","title":{"rendered":"LED virtene EMOS 40LED Big Cherry 3.6W kr\u0101saina IP44 4m, ar taimeri"},"content":{"rendered":"<p>Ziemassv\u0113tku visten\u0113 ir 40 gaismas LED diodes &#8220;cherry&#8221; bumbi\u0146as un t\u0101 ir 4 metrus gara, kas padara to ide\u0101li piem\u0113rotu lieto\u0161anai logos vai uz balkona vai terases marg\u0101m. <span class=\"HwtZe\" lang=\"lv\"><span class=\"jCAhz\"><span class=\"ryNqvb\">EMOS z\u012bmola virtenes m\u0113s varam izmantot rot\u0101\u0161anai gan telp\u0101s, gan \u0101rpus telp\u0101m, ko nodro\u0161ina aizsardz\u012bbas pak\u0101pe &#8211;<\/span><\/span><\/span><span class=\"HwtZe\" lang=\"lv\"><span class=\"jCAhz\"><span class=\"ryNqvb\"> IP44<\/span><\/span><\/span>. Virtenes bumbi\u0146ass ir kr\u0101sainas , kas sniedz prieku un rada m\u0101j\u012bgumu. Ziemassv\u0113tku virtene ir apr\u012bkota ar taimeri, kas iesl\u0113dz\/izsl\u0113dz virteni p\u0113c noteikta laika.<\/p>","protected":false},"excerpt":{"rendered":"<p>Ziemassv\u0113tku visten\u0113 ir 40 gaismas LED diodes &#8220;cherry&#8221; bumbi\u0146as un t\u0101 ir 4 metrus gara, kas padara to ide\u0101li piem\u0113rotu lieto\u0161anai logos vai uz balkona vai terases marg\u0101m. EMOS z\u012bmola virtenes m\u0113s varam izmantot rot\u0101\u0161anai gan telp\u0101s, gan \u0101rpus telp\u0101m, ko nodro\u0161ina aizsardz\u012bbas pak\u0101pe &#8211; IP44. Virtenes bumbi\u0146ass ir kr\u0101sainas , kas sniedz prieku un [&hellip;]<\/p>\n","protected":false},"featured_media":35487,"comment_status":"closed","ping_status":"closed","template":"","meta":{"inline_featured_image":false},"product_cat":[772,912],"product_tag":[],"yst_prominent_words":[],"class_list":{"0":"post-35374","1":"product","2":"type-product","3":"status-publish","4":"has-post-thumbnail","6":"product_cat-atlaides","7":"product_cat-ara-virtenes","9":"first","10":"outofstock","11":"sale","12":"taxable","13":"shipping-taxable","14":"purchasable","15":"product-type-simple"},"jetpack_sharing_enabled":true,"_links":{"self":[{"href":"https:\/\/ddt.lv\/lv\/wp-json\/wp\/v2\/product\/35374"}],"collection":[{"href":"https:\/\/ddt.lv\/lv\/wp-json\/wp\/v2\/product"}],"about":[{"href":"https:\/\/ddt.lv\/lv\/wp-json\/wp\/v2\/types\/product"}],"replies":[{"embeddable":true,"href":"https:\/\/ddt.lv\/lv\/wp-json\/wp\/v2\/comments?post=35374"}],"wp:featuredmedia":[{"embeddable":true,"href":"https:\/\/ddt.lv\/lv\/wp-json\/wp\/v2\/media\/35487"}],"wp:attachment":[{"href":"https:\/\/ddt.lv\/lv\/wp-json\/wp\/v2\/media?parent=35374"}],"wp:term":[{"taxonomy":"product_cat","embeddable":true,"href":"https:\/\/ddt.lv\/lv\/wp-json\/wp\/v2\/product_cat?post=35374"},{"taxonomy":"product_tag","embeddable":true,"href":"https:\/\/ddt.lv\/lv\/wp-json\/wp\/v2\/product_tag?post=35374"},{"taxonomy":"yst_prominent_words","embeddable":true,"href":"https:\/\/ddt.lv\/lv\/wp-json\/wp\/v2\/yst_prominent_words?post=35374"}],"curies":[{"name":"wp","href":"https:\/\/api.w.org\/{rel}","templated":true}]}}