{"id":35373,"date":"2022-11-14T12:00:40","date_gmt":"2022-11-14T10:00:40","guid":{"rendered":"https:\/\/ddt.lv\/lv\/product\/led-virtene-emos-40led-big-cherry-3-6w-roza-ip44-4m-ar-taimeri\/"},"modified":"2026-04-01T00:25:45","modified_gmt":"2026-03-31T21:25:45","slug":"led-virtene-emos-40led-big-cherry-3-6w-roza-ip44-4m-ar-taimeri","status":"publish","type":"product","link":"https:\/\/ddt.lv\/lv\/product\/led-virtene-emos-40led-big-cherry-3-6w-roza-ip44-4m-ar-taimeri\/","title":{"rendered":"LED virtene EMOS 40LED Big Cherry 3.6W roz\u0101 IP44 4m, ar taimeri"},"content":{"rendered":"<p>Ziemassv\u0113tku visten\u0113 ir 40 gaismas LED diodes &#8220;cherry&#8221; bumbi\u0146as un t\u0101 ir 4 metrus gara, kas padara to ide\u0101li piem\u0113rotu lieto\u0161anai logos vai uz balkona vai terases marg\u0101m. <span class=\"HwtZe\" lang=\"lv\"><span class=\"jCAhz\"><span class=\"ryNqvb\">EMOS z\u012bmola virtenes m\u0113s varam izmantot rot\u0101\u0161anai gan telp\u0101s, gan \u0101rpus telp\u0101m, ko nodro\u0161ina aizsardz\u012bbas pak\u0101pe &#8211;<\/span><\/span><\/span><span class=\"HwtZe\" lang=\"lv\"><span class=\"jCAhz\"><span class=\"ryNqvb\"> IP44<\/span><\/span><\/span>. Izstarot\u0101s gaismas kr\u0101sa ir roz\u0101 , kas rada m\u0101j\u012bgumu. Ziemassv\u0113tku virtene\u00a0ir apr\u012bkota ar taimeri, kas iesl\u0113dz\/izsl\u0113dz virteni p\u0113c noteikta laika.<\/p>","protected":false},"excerpt":{"rendered":"<p>Ziemassv\u0113tku visten\u0113 ir 40 gaismas LED diodes &#8220;cherry&#8221; bumbi\u0146as un t\u0101 ir 4 metrus gara, kas padara to ide\u0101li piem\u0113rotu lieto\u0161anai logos vai uz balkona vai terases marg\u0101m. EMOS z\u012bmola virtenes m\u0113s varam izmantot rot\u0101\u0161anai gan telp\u0101s, gan \u0101rpus telp\u0101m, ko nodro\u0161ina aizsardz\u012bbas pak\u0101pe &#8211; IP44. Izstarot\u0101s gaismas kr\u0101sa ir roz\u0101 , kas rada m\u0101j\u012bgumu. [&hellip;]<\/p>\n","protected":false},"featured_media":35478,"comment_status":"closed","ping_status":"closed","template":"","meta":{"inline_featured_image":false},"product_cat":[912],"product_tag":[],"yst_prominent_words":[],"class_list":{"0":"post-35373","1":"product","2":"type-product","3":"status-publish","4":"has-post-thumbnail","6":"product_cat-ara-virtenes","8":"first","9":"outofstock","10":"taxable","11":"shipping-taxable","12":"purchasable","13":"product-type-simple"},"jetpack_sharing_enabled":true,"_links":{"self":[{"href":"https:\/\/ddt.lv\/lv\/wp-json\/wp\/v2\/product\/35373"}],"collection":[{"href":"https:\/\/ddt.lv\/lv\/wp-json\/wp\/v2\/product"}],"about":[{"href":"https:\/\/ddt.lv\/lv\/wp-json\/wp\/v2\/types\/product"}],"replies":[{"embeddable":true,"href":"https:\/\/ddt.lv\/lv\/wp-json\/wp\/v2\/comments?post=35373"}],"wp:featuredmedia":[{"embeddable":true,"href":"https:\/\/ddt.lv\/lv\/wp-json\/wp\/v2\/media\/35478"}],"wp:attachment":[{"href":"https:\/\/ddt.lv\/lv\/wp-json\/wp\/v2\/media?parent=35373"}],"wp:term":[{"taxonomy":"product_cat","embeddable":true,"href":"https:\/\/ddt.lv\/lv\/wp-json\/wp\/v2\/product_cat?post=35373"},{"taxonomy":"product_tag","embeddable":true,"href":"https:\/\/ddt.lv\/lv\/wp-json\/wp\/v2\/product_tag?post=35373"},{"taxonomy":"yst_prominent_words","embeddable":true,"href":"https:\/\/ddt.lv\/lv\/wp-json\/wp\/v2\/yst_prominent_words?post=35373"}],"curies":[{"name":"wp","href":"https:\/\/api.w.org\/{rel}","templated":true}]}}