{"id":35371,"date":"2022-11-14T12:00:39","date_gmt":"2022-11-14T10:00:39","guid":{"rendered":"https:\/\/ddt.lv\/lv\/product\/led-virtene-emos-300led-6w-bumbinas-baltas-ww-ip44-30m-ar-taimeri\/"},"modified":"2026-04-01T00:25:44","modified_gmt":"2026-03-31T21:25:44","slug":"led-virtene-emos-300led-6w-bumbinas-baltas-ww-ip44-30m-ar-taimeri","status":"publish","type":"product","link":"https:\/\/ddt.lv\/lv\/product\/led-virtene-emos-300led-6w-bumbinas-baltas-ww-ip44-30m-ar-taimeri\/","title":{"rendered":"LED virtene EMOS 300LED 6W bumbi\u0146as baltas WW IP44 30m, ar taimeri"},"content":{"rendered":"<p>Izgaismojiet savu Ziemassv\u0113tku egl\u012bti zaigojo\u0161\u0101s kr\u0101s\u0101s, ar virteni silti balt\u0101 kr\u0101s\u0101, lai izceltu Ziemassv\u0113tku prieka dzirksti!<\/p>\n<p>Ziemassv\u0113tku visten\u0113 ir 300 gaismas LED diodes un t\u0101 ir 30 metrus gara, kas padara to ide\u0101li piem\u0113rotu lieto\u0161anai logos vai uz balkona vai terases marg\u0101m. <span class=\"HwtZe\" lang=\"lv\"><span class=\"jCAhz\"><span class=\"ryNqvb\">EMOS z\u012bmola virtenes m\u0113s varam izmantot rot\u0101\u0161anai gan telp\u0101s, gan \u0101rpus telp\u0101m, ko nodro\u0161ina aizsardz\u012bbas pak\u0101pe &#8211;<\/span><\/span><\/span><span class=\"HwtZe\" lang=\"lv\"><span class=\"jCAhz\"><span class=\"ryNqvb\"> IP44<\/span><\/span><\/span>. Izstarot\u0101s gaismas kr\u0101sa ir silti balta , kas rada m\u0101j\u012bgumu. Ziemassv\u0113tku virtenei ir ar taimeri, kas iesl\u0113dzas un izsl\u0113dzas p\u0113c noteikta laika.<\/p>","protected":false},"excerpt":{"rendered":"<p>Izgaismojiet savu Ziemassv\u0113tku egl\u012bti zaigojo\u0161\u0101s kr\u0101s\u0101s, ar virteni silti balt\u0101 kr\u0101s\u0101, lai izceltu Ziemassv\u0113tku prieka dzirksti! Ziemassv\u0113tku visten\u0113 ir 300 gaismas LED diodes un t\u0101 ir 30 metrus gara, kas padara to ide\u0101li piem\u0113rotu lieto\u0161anai logos vai uz balkona vai terases marg\u0101m. EMOS z\u012bmola virtenes m\u0113s varam izmantot rot\u0101\u0161anai gan telp\u0101s, gan \u0101rpus telp\u0101m, ko [&hellip;]<\/p>\n","protected":false},"featured_media":35460,"comment_status":"closed","ping_status":"closed","template":"","meta":{"inline_featured_image":false},"product_cat":[912],"product_tag":[],"yst_prominent_words":[],"class_list":{"0":"post-35371","1":"product","2":"type-product","3":"status-publish","4":"has-post-thumbnail","6":"product_cat-ara-virtenes","8":"first","9":"outofstock","10":"taxable","11":"shipping-taxable","12":"purchasable","13":"product-type-simple"},"jetpack_sharing_enabled":true,"_links":{"self":[{"href":"https:\/\/ddt.lv\/lv\/wp-json\/wp\/v2\/product\/35371"}],"collection":[{"href":"https:\/\/ddt.lv\/lv\/wp-json\/wp\/v2\/product"}],"about":[{"href":"https:\/\/ddt.lv\/lv\/wp-json\/wp\/v2\/types\/product"}],"replies":[{"embeddable":true,"href":"https:\/\/ddt.lv\/lv\/wp-json\/wp\/v2\/comments?post=35371"}],"wp:featuredmedia":[{"embeddable":true,"href":"https:\/\/ddt.lv\/lv\/wp-json\/wp\/v2\/media\/35460"}],"wp:attachment":[{"href":"https:\/\/ddt.lv\/lv\/wp-json\/wp\/v2\/media?parent=35371"}],"wp:term":[{"taxonomy":"product_cat","embeddable":true,"href":"https:\/\/ddt.lv\/lv\/wp-json\/wp\/v2\/product_cat?post=35371"},{"taxonomy":"product_tag","embeddable":true,"href":"https:\/\/ddt.lv\/lv\/wp-json\/wp\/v2\/product_tag?post=35371"},{"taxonomy":"yst_prominent_words","embeddable":true,"href":"https:\/\/ddt.lv\/lv\/wp-json\/wp\/v2\/yst_prominent_words?post=35371"}],"curies":[{"name":"wp","href":"https:\/\/api.w.org\/{rel}","templated":true}]}}