{"id":35370,"date":"2022-11-14T12:00:38","date_gmt":"2022-11-14T10:00:38","guid":{"rendered":"https:\/\/ddt.lv\/lv\/product\/led-virtene-emos-240led-6w-krasaina-ip44-24m-ar-taimeri\/"},"modified":"2026-04-22T08:50:44","modified_gmt":"2026-04-22T05:50:44","slug":"led-virtene-emos-240led-6w-krasaina-ip44-24m-ar-taimeri","status":"publish","type":"product","link":"https:\/\/ddt.lv\/lv\/product\/led-virtene-emos-240led-6w-krasaina-ip44-24m-ar-taimeri\/","title":{"rendered":"LED virtene EMOS 240LED 6W kr\u0101saina IP44 24m, ar taimeri"},"content":{"rendered":"<p>EMOS D4AM05 ziemassv\u0113tku virtene ar\u00a0 240 LED gaismas diod\u0113m, kr\u0101sainas, ar taimeri.<\/p>\n<p>Ar mirgojo\u0161u ziemassv\u0113tku virteni ik katri Ziemassv\u0113tki ir mazliet idillisk\u0101ki. \u0160\u012b ziemassv\u0113tku virtene main\u0101s starp siltu un aukstu baltu gaismu.<\/p>\n<p><span class=\"HwtZe\" lang=\"lv\"><span class=\"jCAhz\"><span class=\"ryNqvb\">EMOS z\u012bmola virtenes m\u0113s varam izmantot rot\u0101\u0161anai gan telp\u0101s, gan \u0101rpus telp\u0101m, ko nodro\u0161ina aizsardz\u012bbas pak\u0101pe &#8211;<\/span><\/span><\/span><span class=\"HwtZe\" lang=\"lv\"><span class=\"jCAhz\"><span class=\"ryNqvb\"> IP44. Virtenes garums 24m.\u00a0<\/span><\/span><\/span><\/p>","protected":false},"excerpt":{"rendered":"<p>EMOS D4AM05 ziemassv\u0113tku virtene ar\u00a0 240 LED gaismas diod\u0113m, kr\u0101sainas, ar taimeri. Ar mirgojo\u0161u ziemassv\u0113tku virteni ik katri Ziemassv\u0113tki ir mazliet idillisk\u0101ki. \u0160\u012b ziemassv\u0113tku virtene main\u0101s starp siltu un aukstu baltu gaismu. EMOS z\u012bmola virtenes m\u0113s varam izmantot rot\u0101\u0161anai gan telp\u0101s, gan \u0101rpus telp\u0101m, ko nodro\u0161ina aizsardz\u012bbas pak\u0101pe &#8211; IP44. Virtenes garums 24m.\u00a0<\/p>\n","protected":false},"featured_media":35439,"comment_status":"closed","ping_status":"closed","template":"","meta":{"inline_featured_image":false},"product_cat":[772,912],"product_tag":[],"yst_prominent_words":[],"class_list":{"0":"post-35370","1":"product","2":"type-product","3":"status-publish","4":"has-post-thumbnail","6":"product_cat-atlaides","7":"product_cat-ara-virtenes","9":"first","10":"outofstock","11":"sale","12":"taxable","13":"shipping-taxable","14":"purchasable","15":"product-type-simple"},"jetpack_sharing_enabled":true,"_links":{"self":[{"href":"https:\/\/ddt.lv\/lv\/wp-json\/wp\/v2\/product\/35370"}],"collection":[{"href":"https:\/\/ddt.lv\/lv\/wp-json\/wp\/v2\/product"}],"about":[{"href":"https:\/\/ddt.lv\/lv\/wp-json\/wp\/v2\/types\/product"}],"replies":[{"embeddable":true,"href":"https:\/\/ddt.lv\/lv\/wp-json\/wp\/v2\/comments?post=35370"}],"wp:featuredmedia":[{"embeddable":true,"href":"https:\/\/ddt.lv\/lv\/wp-json\/wp\/v2\/media\/35439"}],"wp:attachment":[{"href":"https:\/\/ddt.lv\/lv\/wp-json\/wp\/v2\/media?parent=35370"}],"wp:term":[{"taxonomy":"product_cat","embeddable":true,"href":"https:\/\/ddt.lv\/lv\/wp-json\/wp\/v2\/product_cat?post=35370"},{"taxonomy":"product_tag","embeddable":true,"href":"https:\/\/ddt.lv\/lv\/wp-json\/wp\/v2\/product_tag?post=35370"},{"taxonomy":"yst_prominent_words","embeddable":true,"href":"https:\/\/ddt.lv\/lv\/wp-json\/wp\/v2\/yst_prominent_words?post=35370"}],"curies":[{"name":"wp","href":"https:\/\/api.w.org\/{rel}","templated":true}]}}