{"id":35251,"date":"2022-11-11T14:00:12","date_gmt":"2022-11-11T12:00:12","guid":{"rendered":"https:\/\/ddt.lv\/lv\/product\/virtene-ziemassv-120led-3-6w-vt-red-ip44-12m-mirgojosa-emos\/"},"modified":"2026-04-13T10:05:46","modified_gmt":"2026-04-13T07:05:46","slug":"virtene-ziemassv-120led-3-6w-vt-red-ip44-12m-mirgojosa-emos","status":"publish","type":"product","link":"https:\/\/ddt.lv\/lv\/product\/virtene-ziemassv-120led-3-6w-vt-red-ip44-12m-mirgojosa-emos\/","title":{"rendered":"Virtene Ziemassv 120LED 3.6W VT\/RED IP44 12m mirgojo\u0161a EMOS"},"content":{"rendered":"<p>Izgaismojiet savu Ziemassv\u0113tku egl\u012bti zaigojo\u0161\u0101s kr\u0101s\u0101s, siltaj\u0101 sv\u0113tku gaism\u0101 vai ledaini balt\u0101 kr\u0101s\u0101, lai izceltu Ziemassv\u0113tku sezonas dzirksti!<\/p>\n<p>Ar\u012b j\u016bsu m\u0101j\u0101s nedr\u012bkst pietr\u016bkt skaistas daudzkr\u0101sainas Ziemassv\u0113tku virtenes. Ziemassv\u0113tku dekorat\u012bvais LED apgaismojums ar 120 LED sarkan\u0101m un vintage kr\u0101sas gaismas diod\u0113m. Virtenes garums 12m. Ir piem\u0113rotas lieto\u0161anai iek\u0161telp\u0101s un \u0101r\u0101, pateicoties augstajai IP44 aizsardz\u012bbai, kas pasarg\u0101 to no \u016bdens \u0161\u013cakat\u0101m.<\/p>\n<p>\u0160o daudzfunkcion\u0101lo gaismas virteni var p\u0101rsl\u0113gt uz asto\u0146iem da\u017e\u0101diem apgaismojuma re\u017e\u012bmiem, atk\u0101rtoti nospie\u017eot pogu.<\/p>","protected":false},"excerpt":{"rendered":"<p>Izgaismojiet savu Ziemassv\u0113tku egl\u012bti zaigojo\u0161\u0101s kr\u0101s\u0101s, siltaj\u0101 sv\u0113tku gaism\u0101 vai ledaini balt\u0101 kr\u0101s\u0101, lai izceltu Ziemassv\u0113tku sezonas dzirksti! Ar\u012b j\u016bsu m\u0101j\u0101s nedr\u012bkst pietr\u016bkt skaistas daudzkr\u0101sainas Ziemassv\u0113tku virtenes. Ziemassv\u0113tku dekorat\u012bvais LED apgaismojums ar 120 LED sarkan\u0101m un vintage kr\u0101sas gaismas diod\u0113m. Virtenes garums 12m. Ir piem\u0113rotas lieto\u0161anai iek\u0161telp\u0101s un \u0101r\u0101, pateicoties augstajai IP44 aizsardz\u012bbai, kas pasarg\u0101 [&hellip;]<\/p>\n","protected":false},"featured_media":35352,"comment_status":"closed","ping_status":"closed","template":"","meta":{"inline_featured_image":false},"product_cat":[912],"product_tag":[],"yst_prominent_words":[],"class_list":{"0":"post-35251","1":"product","2":"type-product","3":"status-publish","4":"has-post-thumbnail","6":"product_cat-ara-virtenes","8":"first","9":"outofstock","10":"taxable","11":"shipping-taxable","12":"purchasable","13":"product-type-simple"},"jetpack_sharing_enabled":true,"_links":{"self":[{"href":"https:\/\/ddt.lv\/lv\/wp-json\/wp\/v2\/product\/35251"}],"collection":[{"href":"https:\/\/ddt.lv\/lv\/wp-json\/wp\/v2\/product"}],"about":[{"href":"https:\/\/ddt.lv\/lv\/wp-json\/wp\/v2\/types\/product"}],"replies":[{"embeddable":true,"href":"https:\/\/ddt.lv\/lv\/wp-json\/wp\/v2\/comments?post=35251"}],"wp:featuredmedia":[{"embeddable":true,"href":"https:\/\/ddt.lv\/lv\/wp-json\/wp\/v2\/media\/35352"}],"wp:attachment":[{"href":"https:\/\/ddt.lv\/lv\/wp-json\/wp\/v2\/media?parent=35251"}],"wp:term":[{"taxonomy":"product_cat","embeddable":true,"href":"https:\/\/ddt.lv\/lv\/wp-json\/wp\/v2\/product_cat?post=35251"},{"taxonomy":"product_tag","embeddable":true,"href":"https:\/\/ddt.lv\/lv\/wp-json\/wp\/v2\/product_tag?post=35251"},{"taxonomy":"yst_prominent_words","embeddable":true,"href":"https:\/\/ddt.lv\/lv\/wp-json\/wp\/v2\/yst_prominent_words?post=35251"}],"curies":[{"name":"wp","href":"https:\/\/api.w.org\/{rel}","templated":true}]}}