{"id":35244,"date":"2022-11-11T12:01:41","date_gmt":"2022-11-11T10:01:41","guid":{"rendered":"https:\/\/ddt.lv\/lv\/product\/led-virtene-emos-lastekas-300led-6w-baltas-rgb-ww-8mode-ip44-5m-ar-taimeri\/"},"modified":"2026-04-13T10:05:44","modified_gmt":"2026-04-13T07:05:44","slug":"led-virtene-emos-lastekas-300led-6w-baltas-rgb-ww-8mode-ip44-5m-ar-taimeri","status":"publish","type":"product","link":"https:\/\/ddt.lv\/lv\/product\/led-virtene-emos-lastekas-300led-6w-baltas-rgb-ww-8mode-ip44-5m-ar-taimeri\/","title":{"rendered":"LED virtene EMOS L\u0101stekas 300LED 6W baltas\/RGB WW 8MODE IP44 5m, ar taimeri"},"content":{"rendered":"<p>Izgaismojiet savu Ziemassv\u0113tku egl\u012bti zaigojo\u0161\u0101s kr\u0101s\u0101s, siltaj\u0101 sv\u0113tku gaism\u0101 vai ledaini balt\u0101 kr\u0101s\u0101, lai izceltu Ziemassv\u0113tku prieka dzirksti!<\/p>\n<p>Ziemassv\u0113tku visten\u0113 ir 300 gaismas LED diodes un t\u0101 ir 5 metrus gara, ar 5 vertik\u0101liem aizkariem 0,7 m garum\u0101, kas padara to ide\u0101li piem\u0113rotu lieto\u0161anai logos vai uz balkona vai terases marg\u0101m. <span class=\"HwtZe\" lang=\"lv\"><span class=\"jCAhz\"><span class=\"ryNqvb\">EMOS z\u012bmola virtenes m\u0113s varam izmantot rot\u0101\u0161anai gan telp\u0101s, gan \u0101rpus telp\u0101m, ko nodro\u0161ina aizsardz\u012bbas pak\u0101pe &#8211;<\/span><\/span><\/span><span class=\"HwtZe\" lang=\"lv\"><span class=\"jCAhz\"><span class=\"ryNqvb\"> IP44<\/span><\/span><\/span>. Izstarot\u0101s gaismas kr\u0101sa ir silti balta , kas rada m\u0101j\u012bgumu. Ziemassv\u0113tku virtenei ir t\u0101lvad\u012bbas pults, un j\u016bs varat iesl\u0113gt un izsl\u0113gt gaismu no jebkuras vietas telp\u0101.<\/p>\n<p><\/p>","protected":false},"excerpt":{"rendered":"<p>Izgaismojiet savu Ziemassv\u0113tku egl\u012bti zaigojo\u0161\u0101s kr\u0101s\u0101s, siltaj\u0101 sv\u0113tku gaism\u0101 vai ledaini balt\u0101 kr\u0101s\u0101, lai izceltu Ziemassv\u0113tku prieka dzirksti! Ziemassv\u0113tku visten\u0113 ir 300 gaismas LED diodes un t\u0101 ir 5 metrus gara, ar 5 vertik\u0101liem aizkariem 0,7 m garum\u0101, kas padara to ide\u0101li piem\u0113rotu lieto\u0161anai logos vai uz balkona vai terases marg\u0101m. EMOS z\u012bmola virtenes m\u0113s [&hellip;]<\/p>\n","protected":false},"featured_media":35337,"comment_status":"closed","ping_status":"closed","template":"","meta":{"inline_featured_image":false},"product_cat":[912],"product_tag":[],"yst_prominent_words":[],"class_list":{"0":"post-35244","1":"product","2":"type-product","3":"status-publish","4":"has-post-thumbnail","6":"product_cat-ara-virtenes","8":"first","9":"outofstock","10":"taxable","11":"shipping-taxable","12":"purchasable","13":"product-type-simple"},"jetpack_sharing_enabled":true,"_links":{"self":[{"href":"https:\/\/ddt.lv\/lv\/wp-json\/wp\/v2\/product\/35244"}],"collection":[{"href":"https:\/\/ddt.lv\/lv\/wp-json\/wp\/v2\/product"}],"about":[{"href":"https:\/\/ddt.lv\/lv\/wp-json\/wp\/v2\/types\/product"}],"replies":[{"embeddable":true,"href":"https:\/\/ddt.lv\/lv\/wp-json\/wp\/v2\/comments?post=35244"}],"wp:featuredmedia":[{"embeddable":true,"href":"https:\/\/ddt.lv\/lv\/wp-json\/wp\/v2\/media\/35337"}],"wp:attachment":[{"href":"https:\/\/ddt.lv\/lv\/wp-json\/wp\/v2\/media?parent=35244"}],"wp:term":[{"taxonomy":"product_cat","embeddable":true,"href":"https:\/\/ddt.lv\/lv\/wp-json\/wp\/v2\/product_cat?post=35244"},{"taxonomy":"product_tag","embeddable":true,"href":"https:\/\/ddt.lv\/lv\/wp-json\/wp\/v2\/product_tag?post=35244"},{"taxonomy":"yst_prominent_words","embeddable":true,"href":"https:\/\/ddt.lv\/lv\/wp-json\/wp\/v2\/yst_prominent_words?post=35244"}],"curies":[{"name":"wp","href":"https:\/\/api.w.org\/{rel}","templated":true}]}}