{"id":35243,"date":"2022-11-11T12:01:40","date_gmt":"2022-11-11T10:01:40","guid":{"rendered":"https:\/\/ddt.lv\/lv\/product\/led-virtene-emos-lastekas-300led-6w-baltas-rgb-cw-8mode-ip44-5m-ar-taimeri-ar-pulti\/"},"modified":"2026-04-13T10:05:45","modified_gmt":"2026-04-13T07:05:45","slug":"led-virtene-emos-lastekas-300led-6w-baltas-rgb-cw-8mode-ip44-5m-ar-taimeri-ar-pulti","status":"publish","type":"product","link":"https:\/\/ddt.lv\/lv\/product\/led-virtene-emos-lastekas-300led-6w-baltas-rgb-cw-8mode-ip44-5m-ar-taimeri-ar-pulti\/","title":{"rendered":"LED virtene EMOS L\u0101stekas 300LED 6W baltas\/RGB CW 8MODE IP44 5m, ar taimeri, ar pulti"},"content":{"rendered":"<p>Izgaismojiet savu Ziemassv\u0113tku egl\u012bti zaigojo\u0161\u0101s kr\u0101s\u0101s, siltaj\u0101 sv\u0113tku gaism\u0101 vai ledaini balt\u0101 kr\u0101s\u0101, lai izceltu Ziemassv\u0113tku prieka dzirksti!<\/p>\n<p>Ziemassv\u0113tku visten\u0113 ir 300 gaismas LED diodes un t\u0101 ir 5 metrus gara, ar 5 vertik\u0101liem aizkariem 0,7 m garum\u0101, kas padara to ide\u0101li piem\u0113rotu lieto\u0161anai logos vai uz balkona vai terases marg\u0101m. <span class=\"HwtZe\" lang=\"lv\"><span class=\"jCAhz\"><span class=\"ryNqvb\">EMOS z\u012bmola virtenes m\u0113s varam izmantot rot\u0101\u0161anai gan telp\u0101s, gan \u0101rpus telp\u0101m, ko nodro\u0161ina aizsardz\u012bbas pak\u0101pe &#8211;<\/span><\/span><\/span><span class=\"HwtZe\" lang=\"lv\"><span class=\"jCAhz\"><span class=\"ryNqvb\"> IP44<\/span><\/span><\/span>. Izstarot\u0101s gaismas kr\u0101sa ir v\u0113si balta un t\u0101d\u0113j\u0101di izsauc ledus un sniega kr\u0101su. \u0100r\u0101 var aizvietot tr\u016bksto\u0161o sniegu, savuk\u0101rt m\u0101j\u0101s ar gaismas balto kr\u0101su var pieska\u0146ot koka kop\u0113jo izskatu baltos un sudraba to\u0146os. Ziemassv\u0113tku virtenei ir t\u0101lvad\u012bbas pults, un j\u016bs varat iesl\u0113gt un izsl\u0113gt gaismu no jebkuras vietas telp\u0101.<\/p>\n<p><\/p>","protected":false},"excerpt":{"rendered":"<p>Izgaismojiet savu Ziemassv\u0113tku egl\u012bti zaigojo\u0161\u0101s kr\u0101s\u0101s, siltaj\u0101 sv\u0113tku gaism\u0101 vai ledaini balt\u0101 kr\u0101s\u0101, lai izceltu Ziemassv\u0113tku prieka dzirksti! Ziemassv\u0113tku visten\u0113 ir 300 gaismas LED diodes un t\u0101 ir 5 metrus gara, ar 5 vertik\u0101liem aizkariem 0,7 m garum\u0101, kas padara to ide\u0101li piem\u0113rotu lieto\u0161anai logos vai uz balkona vai terases marg\u0101m. EMOS z\u012bmola virtenes m\u0113s [&hellip;]<\/p>\n","protected":false},"featured_media":35331,"comment_status":"closed","ping_status":"closed","template":"","meta":{"inline_featured_image":false},"product_cat":[912],"product_tag":[],"yst_prominent_words":[],"class_list":{"0":"post-35243","1":"product","2":"type-product","3":"status-publish","4":"has-post-thumbnail","6":"product_cat-ara-virtenes","8":"first","9":"outofstock","10":"taxable","11":"shipping-taxable","12":"purchasable","13":"product-type-simple"},"jetpack_sharing_enabled":true,"_links":{"self":[{"href":"https:\/\/ddt.lv\/lv\/wp-json\/wp\/v2\/product\/35243"}],"collection":[{"href":"https:\/\/ddt.lv\/lv\/wp-json\/wp\/v2\/product"}],"about":[{"href":"https:\/\/ddt.lv\/lv\/wp-json\/wp\/v2\/types\/product"}],"replies":[{"embeddable":true,"href":"https:\/\/ddt.lv\/lv\/wp-json\/wp\/v2\/comments?post=35243"}],"wp:featuredmedia":[{"embeddable":true,"href":"https:\/\/ddt.lv\/lv\/wp-json\/wp\/v2\/media\/35331"}],"wp:attachment":[{"href":"https:\/\/ddt.lv\/lv\/wp-json\/wp\/v2\/media?parent=35243"}],"wp:term":[{"taxonomy":"product_cat","embeddable":true,"href":"https:\/\/ddt.lv\/lv\/wp-json\/wp\/v2\/product_cat?post=35243"},{"taxonomy":"product_tag","embeddable":true,"href":"https:\/\/ddt.lv\/lv\/wp-json\/wp\/v2\/product_tag?post=35243"},{"taxonomy":"yst_prominent_words","embeddable":true,"href":"https:\/\/ddt.lv\/lv\/wp-json\/wp\/v2\/yst_prominent_words?post=35243"}],"curies":[{"name":"wp","href":"https:\/\/api.w.org\/{rel}","templated":true}]}}