{"id":35242,"date":"2022-11-11T12:01:40","date_gmt":"2022-11-11T10:01:40","guid":{"rendered":"https:\/\/ddt.lv\/lv\/product\/lasteka-virtene-z-sv-melna-ww-40-10led-0-9w-ip44-3m-emos\/"},"modified":"2026-04-08T14:45:34","modified_gmt":"2026-04-08T11:45:34","slug":"lasteka-virtene-z-sv-melna-ww-40-10led-0-9w-ip44-3m-emos","status":"publish","type":"product","link":"https:\/\/ddt.lv\/lv\/product\/lasteka-virtene-z-sv-melna-ww-40-10led-0-9w-ip44-3m-emos\/","title":{"rendered":"L\u0101steka Virtene Z-sv.melna WW 40+10LED 0.9W IP44 3m EMOS"},"content":{"rendered":"<p>EMOS D2CW03 ziemassv\u0113tku virtene ar 50 LED gaismas diod\u0113m, silti balta gaisma. Virten\u0113 ir 40 gaismas diodes plus 10 mirgojo\u0161as gaismas diodes.<\/p>\n<p>Ar mirgojo\u0161u ziemassv\u0113tku virteni ik katri Ziemassv\u0113tki ir mazliet idillisk\u0101ki. \u0160\u012b ziemassv\u0113tku virtene ir ar silti baltu gaismu. <span class=\"HwtZe\" lang=\"lv\"><span class=\"jCAhz\"><span class=\"ryNqvb\">EMOS z\u012bmola virtenes m\u0113s varam izmantot rot\u0101\u0161anai gan telp\u0101s, gan \u0101rpus telp\u0101m, ko nodro\u0161ina aizsardz\u012bbas pak\u0101pe &#8211;<\/span><\/span><\/span><span class=\"HwtZe\" lang=\"lv\"><span class=\"jCAhz\"><span class=\"ryNqvb\"> IP44.<\/span><\/span><\/span>.<\/p>","protected":false},"excerpt":{"rendered":"<p>EMOS D2CW03 ziemassv\u0113tku virtene ar 50 LED gaismas diod\u0113m, silti balta gaisma. Virten\u0113 ir 40 gaismas diodes plus 10 mirgojo\u0161as gaismas diodes. Ar mirgojo\u0161u ziemassv\u0113tku virteni ik katri Ziemassv\u0113tki ir mazliet idillisk\u0101ki. \u0160\u012b ziemassv\u0113tku virtene ir ar silti baltu gaismu. EMOS z\u012bmola virtenes m\u0113s varam izmantot rot\u0101\u0161anai gan telp\u0101s, gan \u0101rpus telp\u0101m, ko nodro\u0161ina aizsardz\u012bbas [&hellip;]<\/p>\n","protected":false},"featured_media":35332,"comment_status":"closed","ping_status":"closed","template":"","meta":{"inline_featured_image":false},"product_cat":[912],"product_tag":[],"yst_prominent_words":[],"class_list":{"0":"post-35242","1":"product","2":"type-product","3":"status-publish","4":"has-post-thumbnail","6":"product_cat-ara-virtenes","8":"first","9":"instock","10":"taxable","11":"shipping-taxable","12":"purchasable","13":"product-type-simple"},"jetpack_sharing_enabled":true,"_links":{"self":[{"href":"https:\/\/ddt.lv\/lv\/wp-json\/wp\/v2\/product\/35242"}],"collection":[{"href":"https:\/\/ddt.lv\/lv\/wp-json\/wp\/v2\/product"}],"about":[{"href":"https:\/\/ddt.lv\/lv\/wp-json\/wp\/v2\/types\/product"}],"replies":[{"embeddable":true,"href":"https:\/\/ddt.lv\/lv\/wp-json\/wp\/v2\/comments?post=35242"}],"wp:featuredmedia":[{"embeddable":true,"href":"https:\/\/ddt.lv\/lv\/wp-json\/wp\/v2\/media\/35332"}],"wp:attachment":[{"href":"https:\/\/ddt.lv\/lv\/wp-json\/wp\/v2\/media?parent=35242"}],"wp:term":[{"taxonomy":"product_cat","embeddable":true,"href":"https:\/\/ddt.lv\/lv\/wp-json\/wp\/v2\/product_cat?post=35242"},{"taxonomy":"product_tag","embeddable":true,"href":"https:\/\/ddt.lv\/lv\/wp-json\/wp\/v2\/product_tag?post=35242"},{"taxonomy":"yst_prominent_words","embeddable":true,"href":"https:\/\/ddt.lv\/lv\/wp-json\/wp\/v2\/yst_prominent_words?post=35242"}],"curies":[{"name":"wp","href":"https:\/\/api.w.org\/{rel}","templated":true}]}}