{"id":35237,"date":"2022-11-11T11:00:17","date_gmt":"2022-11-11T09:00:17","guid":{"rendered":"https:\/\/ddt.lv\/lv\/product\/pagarinatajs-emos-virtenem-connecting-system-10m-balts\/"},"modified":"2026-04-08T14:45:36","modified_gmt":"2026-04-08T11:45:36","slug":"pagarinatajs-emos-virtenem-connecting-system-10m-balts","status":"publish","type":"product","link":"https:\/\/ddt.lv\/lv\/product\/pagarinatajs-emos-virtenem-connecting-system-10m-balts\/","title":{"rendered":"Pagarin\u0101t\u0101js EMOS virten\u0113m Connecting system 10m balts"},"content":{"rendered":"<p>Pagarin\u0101t\u0101js ziemassv\u0113tku virte\u0146u savieno\u0161anai EMOS Profi Connect sist\u0113ma. <span class=\"HwtZe\" lang=\"lv\"><span class=\"jCAhz\"><span class=\"ryNqvb\">EMOS z\u012bmola virtenes un to piederumus\/pagarin\u0101t\u0101jus\/savienot\u0101jus m\u0113s varam izmantot rot\u0101\u0161anai gan telp\u0101s, gan \u0101rpus telp\u0101m, ko nodro\u0161ina aizsardz\u012bbas pak\u0101pe &#8211;<\/span><\/span><\/span><span class=\"HwtZe\" lang=\"lv\"><span class=\"jCAhz\"><span class=\"ryNqvb\"> IP44.<\/span><\/span><\/span><\/p>\n<p>\u2022 izmanto\u0161ana: \u0101r\u0113ja un iek\u0161\u0113ja<br \/>\n\u2022 stieples kr\u0101sa: balta<br \/>\n\u2022 padeves garums: 10m<br \/>\n\u2022 aizsardz\u012bba: IP44<br \/>\n\u2022 materi\u0101ls: gumija<\/p>","protected":false},"excerpt":{"rendered":"<p>Pagarin\u0101t\u0101js ziemassv\u0113tku virte\u0146u savieno\u0161anai EMOS Profi Connect sist\u0113ma. EMOS z\u012bmola virtenes un to piederumus\/pagarin\u0101t\u0101jus\/savienot\u0101jus m\u0113s varam izmantot rot\u0101\u0161anai gan telp\u0101s, gan \u0101rpus telp\u0101m, ko nodro\u0161ina aizsardz\u012bbas pak\u0101pe &#8211; IP44. \u2022 izmanto\u0161ana: \u0101r\u0113ja un iek\u0161\u0113ja \u2022 stieples kr\u0101sa: balta \u2022 padeves garums: 10m \u2022 aizsardz\u012bba: IP44 \u2022 materi\u0101ls: gumija<\/p>\n","protected":false},"featured_media":35318,"comment_status":"closed","ping_status":"closed","template":"","meta":{"inline_featured_image":false},"product_cat":[912],"product_tag":[],"yst_prominent_words":[],"class_list":{"0":"post-35237","1":"product","2":"type-product","3":"status-publish","4":"has-post-thumbnail","6":"product_cat-ara-virtenes","8":"first","9":"instock","10":"taxable","11":"shipping-taxable","12":"purchasable","13":"product-type-simple"},"jetpack_sharing_enabled":true,"_links":{"self":[{"href":"https:\/\/ddt.lv\/lv\/wp-json\/wp\/v2\/product\/35237"}],"collection":[{"href":"https:\/\/ddt.lv\/lv\/wp-json\/wp\/v2\/product"}],"about":[{"href":"https:\/\/ddt.lv\/lv\/wp-json\/wp\/v2\/types\/product"}],"replies":[{"embeddable":true,"href":"https:\/\/ddt.lv\/lv\/wp-json\/wp\/v2\/comments?post=35237"}],"wp:featuredmedia":[{"embeddable":true,"href":"https:\/\/ddt.lv\/lv\/wp-json\/wp\/v2\/media\/35318"}],"wp:attachment":[{"href":"https:\/\/ddt.lv\/lv\/wp-json\/wp\/v2\/media?parent=35237"}],"wp:term":[{"taxonomy":"product_cat","embeddable":true,"href":"https:\/\/ddt.lv\/lv\/wp-json\/wp\/v2\/product_cat?post=35237"},{"taxonomy":"product_tag","embeddable":true,"href":"https:\/\/ddt.lv\/lv\/wp-json\/wp\/v2\/product_tag?post=35237"},{"taxonomy":"yst_prominent_words","embeddable":true,"href":"https:\/\/ddt.lv\/lv\/wp-json\/wp\/v2\/yst_prominent_words?post=35237"}],"curies":[{"name":"wp","href":"https:\/\/api.w.org\/{rel}","templated":true}]}}