{"id":35235,"date":"2022-11-11T11:00:16","date_gmt":"2022-11-11T09:00:16","guid":{"rendered":"https:\/\/ddt.lv\/lv\/product\/stravas-adapteris-z-sv-virt-starpsav-apg-stand-profi-ara-iekst\/"},"modified":"2026-04-08T14:45:33","modified_gmt":"2026-04-08T11:45:33","slug":"stravas-adapteris-z-sv-virt-starpsav-apg-stand-profi-ara-iekst","status":"publish","type":"product","link":"https:\/\/ddt.lv\/lv\/product\/stravas-adapteris-z-sv-virt-starpsav-apg-stand-profi-ara-iekst\/","title":{"rendered":"Str\u0101vas adapteris, baro\u0161anas bloks Z-sv. virten\u0113m Connect standard \/ profi \/ \u0101ra un iek\u0161telpu \/  ar taimera funkciju"},"content":{"rendered":"<p>CONNECT STANDARD vai CONNECT PROFI savienojo\u0161o Ziemassv\u0113tku lampi\u0146u baro\u0161anas avots\/savienot\u0101js ir piem\u0113rots lieto\u0161anai iek\u0161telp\u0101s un \u0101r\u0101, pateicoties augstajai IP44 aizsardz\u012bbai, kas pasarg\u0101 to no \u016bdens \u0161\u013cakat\u0101m. \u013bauj piesl\u0113gt l\u012bdz 800 CONNECT STANDARD tipa LED gaism\u0101m vai 500 CONNECT PROFI tipa LED gaism\u0101m. Tas ir apr\u012bkots ar 6 h\/18 h taimera funkciju, kur virtene vienm\u0113r pati izsl\u0113dzas p\u0113c 6 h gaismas un atkal iesl\u0113dzas p\u0113c v\u0113l 18 h. Tas ir paredz\u0113ts baro\u0161anai no 230 V t\u012bkla. Uz to attiecas 2 gadu garantija. Kr\u0101sa &#8211; melna. <\/p>","protected":false},"excerpt":{"rendered":"<p>CONNECT STANDARD vai CONNECT PROFI savienojo\u0161o Ziemassv\u0113tku lampi\u0146u baro\u0161anas avots\/savienot\u0101js ir piem\u0113rots lieto\u0161anai iek\u0161telp\u0101s un \u0101r\u0101, pateicoties augstajai IP44 aizsardz\u012bbai, kas pasarg\u0101 to no \u016bdens \u0161\u013cakat\u0101m. \u013bauj piesl\u0113gt l\u012bdz 800 CONNECT STANDARD tipa LED gaism\u0101m vai 500 CONNECT PROFI tipa LED gaism\u0101m. Tas ir apr\u012bkots ar 6 h\/18 h taimera funkciju, kur virtene vienm\u0113r pati [&hellip;]<\/p>\n","protected":false},"featured_media":35305,"comment_status":"closed","ping_status":"closed","template":"","meta":{"inline_featured_image":false},"product_cat":[772,912],"product_tag":[],"yst_prominent_words":[],"class_list":{"0":"post-35235","1":"product","2":"type-product","3":"status-publish","4":"has-post-thumbnail","6":"product_cat-atlaides","7":"product_cat-ara-virtenes","9":"first","10":"instock","11":"sale","12":"taxable","13":"shipping-taxable","14":"purchasable","15":"product-type-simple"},"jetpack_sharing_enabled":true,"_links":{"self":[{"href":"https:\/\/ddt.lv\/lv\/wp-json\/wp\/v2\/product\/35235"}],"collection":[{"href":"https:\/\/ddt.lv\/lv\/wp-json\/wp\/v2\/product"}],"about":[{"href":"https:\/\/ddt.lv\/lv\/wp-json\/wp\/v2\/types\/product"}],"replies":[{"embeddable":true,"href":"https:\/\/ddt.lv\/lv\/wp-json\/wp\/v2\/comments?post=35235"}],"wp:featuredmedia":[{"embeddable":true,"href":"https:\/\/ddt.lv\/lv\/wp-json\/wp\/v2\/media\/35305"}],"wp:attachment":[{"href":"https:\/\/ddt.lv\/lv\/wp-json\/wp\/v2\/media?parent=35235"}],"wp:term":[{"taxonomy":"product_cat","embeddable":true,"href":"https:\/\/ddt.lv\/lv\/wp-json\/wp\/v2\/product_cat?post=35235"},{"taxonomy":"product_tag","embeddable":true,"href":"https:\/\/ddt.lv\/lv\/wp-json\/wp\/v2\/product_tag?post=35235"},{"taxonomy":"yst_prominent_words","embeddable":true,"href":"https:\/\/ddt.lv\/lv\/wp-json\/wp\/v2\/yst_prominent_words?post=35235"}],"curies":[{"name":"wp","href":"https:\/\/api.w.org\/{rel}","templated":true}]}}