{"id":35234,"date":"2022-11-11T11:00:16","date_gmt":"2022-11-11T09:00:16","guid":{"rendered":"https:\/\/ddt.lv\/lv\/product\/barosanas-bloks-profi-un-standart-connect-virtenem-balts-12w-ip44-tlv-pults-emos\/"},"modified":"2026-04-08T14:45:35","modified_gmt":"2026-04-08T11:45:35","slug":"barosanas-bloks-profi-un-standart-connect-virtenem-balts-12w-ip44-tlv-pults-emos","status":"publish","type":"product","link":"https:\/\/ddt.lv\/lv\/product\/barosanas-bloks-profi-un-standart-connect-virtenem-balts-12w-ip44-tlv-pults-emos\/","title":{"rendered":"Baro\u0161anas bloks PROFI un STANDART CONNECT virten\u0113m, balts 12W IP44 +TLV Pults EMOS"},"content":{"rendered":"<p>Ieg\u016bstiet savienojuma sist\u0113mas baro\u0161anas avotu. Pateicoties \u0161im transformatoram\/savienot\u0101jam, vien\u0101 sist\u0113m\u0101 var piesl\u0113gt vair\u0101kas savstarp\u0113ji savienotas virtenes, aizkarus vai t\u012bklus un t\u0101d\u0113j\u0101di izrot\u0101t savas m\u0101jas jumtu un fas\u0101di vai savus kokus piem\u0101jas d\u0101rz\u0101. Ir piem\u0113rots lieto\u0161anai iek\u0161telp\u0101s un \u0101r\u0101, pateicoties augstajai IP44 aizsardz\u012bbai, kas pasarg\u0101 to no \u016bdens \u0161\u013cakat\u0101m. Darbin\u0101ms ar pulti, papildus tas ir apr\u012bkots ar 6 h\/18 h taimera funkciju, kur virtene vienm\u0113r pati izsl\u0113dzas p\u0113c 6 h gaismas un atkal iesl\u0113dzas p\u0113c v\u0113l 18 h. Kr\u0101sa &#8211; balta.<\/p>","protected":false},"excerpt":{"rendered":"<p>Ieg\u016bstiet savienojuma sist\u0113mas baro\u0161anas avotu. Pateicoties \u0161im transformatoram\/savienot\u0101jam, vien\u0101 sist\u0113m\u0101 var piesl\u0113gt vair\u0101kas savstarp\u0113ji savienotas virtenes, aizkarus vai t\u012bklus un t\u0101d\u0113j\u0101di izrot\u0101t savas m\u0101jas jumtu un fas\u0101di vai savus kokus piem\u0101jas d\u0101rz\u0101. Ir piem\u0113rots lieto\u0161anai iek\u0161telp\u0101s un \u0101r\u0101, pateicoties augstajai IP44 aizsardz\u012bbai, kas pasarg\u0101 to no \u016bdens \u0161\u013cakat\u0101m. Darbin\u0101ms ar pulti, papildus tas ir apr\u012bkots [&hellip;]<\/p>\n","protected":false},"featured_media":35310,"comment_status":"closed","ping_status":"closed","template":"","meta":{"inline_featured_image":false},"product_cat":[772,912],"product_tag":[],"yst_prominent_words":[],"class_list":{"0":"post-35234","1":"product","2":"type-product","3":"status-publish","4":"has-post-thumbnail","6":"product_cat-atlaides","7":"product_cat-ara-virtenes","9":"first","10":"instock","11":"sale","12":"taxable","13":"shipping-taxable","14":"purchasable","15":"product-type-simple"},"jetpack_sharing_enabled":true,"_links":{"self":[{"href":"https:\/\/ddt.lv\/lv\/wp-json\/wp\/v2\/product\/35234"}],"collection":[{"href":"https:\/\/ddt.lv\/lv\/wp-json\/wp\/v2\/product"}],"about":[{"href":"https:\/\/ddt.lv\/lv\/wp-json\/wp\/v2\/types\/product"}],"replies":[{"embeddable":true,"href":"https:\/\/ddt.lv\/lv\/wp-json\/wp\/v2\/comments?post=35234"}],"wp:featuredmedia":[{"embeddable":true,"href":"https:\/\/ddt.lv\/lv\/wp-json\/wp\/v2\/media\/35310"}],"wp:attachment":[{"href":"https:\/\/ddt.lv\/lv\/wp-json\/wp\/v2\/media?parent=35234"}],"wp:term":[{"taxonomy":"product_cat","embeddable":true,"href":"https:\/\/ddt.lv\/lv\/wp-json\/wp\/v2\/product_cat?post=35234"},{"taxonomy":"product_tag","embeddable":true,"href":"https:\/\/ddt.lv\/lv\/wp-json\/wp\/v2\/product_tag?post=35234"},{"taxonomy":"yst_prominent_words","embeddable":true,"href":"https:\/\/ddt.lv\/lv\/wp-json\/wp\/v2\/yst_prominent_words?post=35234"}],"curies":[{"name":"wp","href":"https:\/\/api.w.org\/{rel}","templated":true}]}}