{"id":35233,"date":"2022-11-11T11:00:15","date_gmt":"2022-11-11T09:00:15","guid":{"rendered":"https:\/\/ddt.lv\/lv\/product\/lasteka-profi-virt-bb-z-sv-melna-ww-50led-0-9w-ip44-3m-emos\/"},"modified":"2026-04-06T11:05:41","modified_gmt":"2026-04-06T08:05:41","slug":"lasteka-profi-virt-bb-z-sv-melna-ww-50led-0-9w-ip44-3m-emos","status":"publish","type":"product","link":"https:\/\/ddt.lv\/lv\/product\/lasteka-profi-virt-bb-z-sv-melna-ww-50led-0-9w-ip44-3m-emos\/","title":{"rendered":"L\u0101steka PROFI Virt BB Z-sv.melna WW 50LED 0.9W IP44 3m EMOS"},"content":{"rendered":"<p>EMOS ziemassv\u0113tku virtene ar 50 gaismas diod\u0113m un silti baltu gaismu.<\/p>\n<p>Ar mirgojo\u0161u ziemassv\u0113tku virteni ik katri Ziemassv\u0113tki ir mazliet idillisk\u0101ki. \u0160\u012b ziemassv\u0113tku virtene main\u0101s starp siltu un aukstu baltu, un to var izmantot gan telp\u0101s, gan \u0101r\u0101.<\/p>","protected":false},"excerpt":{"rendered":"<p>EMOS ziemassv\u0113tku virtene ar 50 gaismas diod\u0113m un silti baltu gaismu. Ar mirgojo\u0161u ziemassv\u0113tku virteni ik katri Ziemassv\u0113tki ir mazliet idillisk\u0101ki. \u0160\u012b ziemassv\u0113tku virtene main\u0101s starp siltu un aukstu baltu, un to var izmantot gan telp\u0101s, gan \u0101r\u0101.<\/p>\n","protected":false},"featured_media":35297,"comment_status":"closed","ping_status":"closed","template":"","meta":{"inline_featured_image":false},"product_cat":[912],"product_tag":[],"yst_prominent_words":[],"class_list":{"0":"post-35233","1":"product","2":"type-product","3":"status-publish","4":"has-post-thumbnail","6":"product_cat-ara-virtenes","8":"first","9":"outofstock","10":"taxable","11":"shipping-taxable","12":"purchasable","13":"product-type-simple"},"jetpack_sharing_enabled":true,"_links":{"self":[{"href":"https:\/\/ddt.lv\/lv\/wp-json\/wp\/v2\/product\/35233"}],"collection":[{"href":"https:\/\/ddt.lv\/lv\/wp-json\/wp\/v2\/product"}],"about":[{"href":"https:\/\/ddt.lv\/lv\/wp-json\/wp\/v2\/types\/product"}],"replies":[{"embeddable":true,"href":"https:\/\/ddt.lv\/lv\/wp-json\/wp\/v2\/comments?post=35233"}],"wp:featuredmedia":[{"embeddable":true,"href":"https:\/\/ddt.lv\/lv\/wp-json\/wp\/v2\/media\/35297"}],"wp:attachment":[{"href":"https:\/\/ddt.lv\/lv\/wp-json\/wp\/v2\/media?parent=35233"}],"wp:term":[{"taxonomy":"product_cat","embeddable":true,"href":"https:\/\/ddt.lv\/lv\/wp-json\/wp\/v2\/product_cat?post=35233"},{"taxonomy":"product_tag","embeddable":true,"href":"https:\/\/ddt.lv\/lv\/wp-json\/wp\/v2\/product_tag?post=35233"},{"taxonomy":"yst_prominent_words","embeddable":true,"href":"https:\/\/ddt.lv\/lv\/wp-json\/wp\/v2\/yst_prominent_words?post=35233"}],"curies":[{"name":"wp","href":"https:\/\/api.w.org\/{rel}","templated":true}]}}