{"id":35232,"date":"2022-11-11T11:00:15","date_gmt":"2022-11-11T09:00:15","guid":{"rendered":"https:\/\/ddt.lv\/lv\/product\/z-sv-virt-lasteka-ww-cw-mirg-bb-melna-50led-0-9w-ip44-3m\/"},"modified":"2026-04-08T14:45:35","modified_gmt":"2026-04-08T11:45:35","slug":"z-sv-virt-lasteka-ww-cw-mirg-bb-melna-50led-0-9w-ip44-3m","status":"publish","type":"product","link":"https:\/\/ddt.lv\/lv\/product\/z-sv-virt-lasteka-ww-cw-mirg-bb-melna-50led-0-9w-ip44-3m\/","title":{"rendered":"Z-sv virt. L\u0101steka WW+ CW mirg BB melna 50LED 0.9W IP44 3m"},"content":{"rendered":"<p>EMOS D2AN01 ziemassv\u0113tku virtene ar 50 LED gaismas diod\u0113m, auksti\/silti baltu gaisma, mirgojo\u0161a<\/p>\n<p>Ar mirgojo\u0161u ziemassv\u0113tku virteni ik katri Ziemassv\u0113tki ir mazliet idillisk\u0101ki. \u0160\u012b ziemassv\u0113tku virtene main\u0101s starp siltu un aukstu baltu, un to var izmantot gan telp\u0101s, gan \u0101r\u0101.<\/p>","protected":false},"excerpt":{"rendered":"<p>EMOS D2AN01 ziemassv\u0113tku virtene ar 50 LED gaismas diod\u0113m, auksti\/silti baltu gaisma, mirgojo\u0161a Ar mirgojo\u0161u ziemassv\u0113tku virteni ik katri Ziemassv\u0113tki ir mazliet idillisk\u0101ki. \u0160\u012b ziemassv\u0113tku virtene main\u0101s starp siltu un aukstu baltu, un to var izmantot gan telp\u0101s, gan \u0101r\u0101.<\/p>\n","protected":false},"featured_media":35291,"comment_status":"closed","ping_status":"closed","template":"","meta":{"inline_featured_image":false},"product_cat":[912],"product_tag":[],"yst_prominent_words":[],"class_list":{"0":"post-35232","1":"product","2":"type-product","3":"status-publish","4":"has-post-thumbnail","6":"product_cat-ara-virtenes","8":"first","9":"instock","10":"taxable","11":"shipping-taxable","12":"purchasable","13":"product-type-simple"},"jetpack_sharing_enabled":true,"_links":{"self":[{"href":"https:\/\/ddt.lv\/lv\/wp-json\/wp\/v2\/product\/35232"}],"collection":[{"href":"https:\/\/ddt.lv\/lv\/wp-json\/wp\/v2\/product"}],"about":[{"href":"https:\/\/ddt.lv\/lv\/wp-json\/wp\/v2\/types\/product"}],"replies":[{"embeddable":true,"href":"https:\/\/ddt.lv\/lv\/wp-json\/wp\/v2\/comments?post=35232"}],"wp:featuredmedia":[{"embeddable":true,"href":"https:\/\/ddt.lv\/lv\/wp-json\/wp\/v2\/media\/35291"}],"wp:attachment":[{"href":"https:\/\/ddt.lv\/lv\/wp-json\/wp\/v2\/media?parent=35232"}],"wp:term":[{"taxonomy":"product_cat","embeddable":true,"href":"https:\/\/ddt.lv\/lv\/wp-json\/wp\/v2\/product_cat?post=35232"},{"taxonomy":"product_tag","embeddable":true,"href":"https:\/\/ddt.lv\/lv\/wp-json\/wp\/v2\/product_tag?post=35232"},{"taxonomy":"yst_prominent_words","embeddable":true,"href":"https:\/\/ddt.lv\/lv\/wp-json\/wp\/v2\/yst_prominent_words?post=35232"}],"curies":[{"name":"wp","href":"https:\/\/api.w.org\/{rel}","templated":true}]}}