{"id":35231,"date":"2022-11-11T11:00:14","date_gmt":"2022-11-11T09:00:14","guid":{"rendered":"https:\/\/ddt.lv\/lv\/product\/lasteka-profi-virtene-z-sv-50led-0-9w-3m-ww-ip44-bez-bb\/"},"modified":"2026-04-08T14:45:34","modified_gmt":"2026-04-08T11:45:34","slug":"lasteka-profi-virtene-z-sv-50led-0-9w-3m-ww-ip44-bez-bb","status":"publish","type":"product","link":"https:\/\/ddt.lv\/lv\/product\/lasteka-profi-virtene-z-sv-50led-0-9w-3m-ww-ip44-bez-bb\/","title":{"rendered":"L\u0100STEKA profi virtene Z-sv.50LED 0.9W 3m WW IP44 bez BB"},"content":{"rendered":"<p>LED ziemassv\u0113tku virtene ar 50 LED lampi\u0146\u0101m ar siltu gaismas toni ir 3 metrus gara. Virtenei ir taimeris, un t\u0101 tiek darbin\u0101ta, izmantojot t\u012bkla adapteri. <span class=\"HwtZe\" lang=\"lv\"><span class=\"jCAhz\"><span class=\"ryNqvb\">EMOS z\u012bmola virtenes m\u0113s varam izmantot rot\u0101\u0161anai gan telp\u0101s, gan \u0101rpus telp\u0101m, ko nodro\u0161ina aizsardz\u012bbas pak\u0101pe &#8211;<\/span><\/span><\/span><span class=\"HwtZe\" lang=\"lv\"><span class=\"jCAhz\"><span class=\"ryNqvb\"> IP44.<\/span><\/span><\/span><\/p>","protected":false},"excerpt":{"rendered":"<p>LED ziemassv\u0113tku virtene ar 50 LED lampi\u0146\u0101m ar siltu gaismas toni ir 3 metrus gara. Virtenei ir taimeris, un t\u0101 tiek darbin\u0101ta, izmantojot t\u012bkla adapteri. EMOS z\u012bmola virtenes m\u0113s varam izmantot rot\u0101\u0161anai gan telp\u0101s, gan \u0101rpus telp\u0101m, ko nodro\u0161ina aizsardz\u012bbas pak\u0101pe &#8211; IP44.<\/p>\n","protected":false},"featured_media":35282,"comment_status":"closed","ping_status":"closed","template":"","meta":{"inline_featured_image":false},"product_cat":[912],"product_tag":[],"yst_prominent_words":[],"class_list":{"0":"post-35231","1":"product","2":"type-product","3":"status-publish","4":"has-post-thumbnail","6":"product_cat-ara-virtenes","8":"first","9":"outofstock","10":"taxable","11":"shipping-taxable","12":"purchasable","13":"product-type-simple"},"jetpack_sharing_enabled":true,"_links":{"self":[{"href":"https:\/\/ddt.lv\/lv\/wp-json\/wp\/v2\/product\/35231"}],"collection":[{"href":"https:\/\/ddt.lv\/lv\/wp-json\/wp\/v2\/product"}],"about":[{"href":"https:\/\/ddt.lv\/lv\/wp-json\/wp\/v2\/types\/product"}],"replies":[{"embeddable":true,"href":"https:\/\/ddt.lv\/lv\/wp-json\/wp\/v2\/comments?post=35231"}],"wp:featuredmedia":[{"embeddable":true,"href":"https:\/\/ddt.lv\/lv\/wp-json\/wp\/v2\/media\/35282"}],"wp:attachment":[{"href":"https:\/\/ddt.lv\/lv\/wp-json\/wp\/v2\/media?parent=35231"}],"wp:term":[{"taxonomy":"product_cat","embeddable":true,"href":"https:\/\/ddt.lv\/lv\/wp-json\/wp\/v2\/product_cat?post=35231"},{"taxonomy":"product_tag","embeddable":true,"href":"https:\/\/ddt.lv\/lv\/wp-json\/wp\/v2\/product_tag?post=35231"},{"taxonomy":"yst_prominent_words","embeddable":true,"href":"https:\/\/ddt.lv\/lv\/wp-json\/wp\/v2\/yst_prominent_words?post=35231"}],"curies":[{"name":"wp","href":"https:\/\/api.w.org\/{rel}","templated":true}]}}