{"id":35228,"date":"2022-11-11T11:00:13","date_gmt":"2022-11-11T09:00:13","guid":{"rendered":"https:\/\/ddt.lv\/lv\/product\/z-sv-virt-chain-mirg-bb-melna-ww-cw-100led-1-2w-ip44-10m\/"},"modified":"2026-04-08T14:45:35","modified_gmt":"2026-04-08T11:45:35","slug":"z-sv-virt-chain-mirg-bb-melna-ww-cw-100led-1-2w-ip44-10m","status":"publish","type":"product","link":"https:\/\/ddt.lv\/lv\/product\/z-sv-virt-chain-mirg-bb-melna-ww-cw-100led-1-2w-ip44-10m\/","title":{"rendered":"Z-sv virt. CHAIN mirg BB melna WW+CW 100LED 1.2W IP44 10m"},"content":{"rendered":"<p>EMOS D2AN01 ziemassv\u0113tku virtene ar\u00a0 100 gaismas diod\u0113m, auksti\/silti balta gaisma.<\/p>\n<p>Ar mirgojo\u0161u ziemassv\u0113tku virteni ik katri Ziemassv\u0113tki ir mazliet idillisk\u0101ki. \u0160\u012b ziemassv\u0113tku virtene main\u0101s starp siltu un aukstu baltu gaismu.<\/p>\n<p><span class=\"HwtZe\" lang=\"lv\"><span class=\"jCAhz\"><span class=\"ryNqvb\">EMOS z\u012bmola virtenes m\u0113s varam izmantot rot\u0101\u0161anai gan telp\u0101s, gan \u0101rpus telp\u0101m, ko nodro\u0161ina aizsardz\u012bbas pak\u0101pe &#8211;<\/span><\/span><\/span><span class=\"HwtZe\" lang=\"lv\"><span class=\"jCAhz\"><span class=\"ryNqvb\"> IP44.<\/span><\/span><\/span><\/p>","protected":false},"excerpt":{"rendered":"<p>EMOS D2AN01 ziemassv\u0113tku virtene ar\u00a0 100 gaismas diod\u0113m, auksti\/silti balta gaisma. Ar mirgojo\u0161u ziemassv\u0113tku virteni ik katri Ziemassv\u0113tki ir mazliet idillisk\u0101ki. \u0160\u012b ziemassv\u0113tku virtene main\u0101s starp siltu un aukstu baltu gaismu. EMOS z\u012bmola virtenes m\u0113s varam izmantot rot\u0101\u0161anai gan telp\u0101s, gan \u0101rpus telp\u0101m, ko nodro\u0161ina aizsardz\u012bbas pak\u0101pe &#8211; IP44.<\/p>\n","protected":false},"featured_media":35266,"comment_status":"closed","ping_status":"closed","template":"","meta":{"inline_featured_image":false},"product_cat":[912],"product_tag":[],"yst_prominent_words":[],"class_list":{"0":"post-35228","1":"product","2":"type-product","3":"status-publish","4":"has-post-thumbnail","6":"product_cat-ara-virtenes","8":"first","9":"outofstock","10":"taxable","11":"shipping-taxable","12":"purchasable","13":"product-type-simple"},"jetpack_sharing_enabled":true,"_links":{"self":[{"href":"https:\/\/ddt.lv\/lv\/wp-json\/wp\/v2\/product\/35228"}],"collection":[{"href":"https:\/\/ddt.lv\/lv\/wp-json\/wp\/v2\/product"}],"about":[{"href":"https:\/\/ddt.lv\/lv\/wp-json\/wp\/v2\/types\/product"}],"replies":[{"embeddable":true,"href":"https:\/\/ddt.lv\/lv\/wp-json\/wp\/v2\/comments?post=35228"}],"wp:featuredmedia":[{"embeddable":true,"href":"https:\/\/ddt.lv\/lv\/wp-json\/wp\/v2\/media\/35266"}],"wp:attachment":[{"href":"https:\/\/ddt.lv\/lv\/wp-json\/wp\/v2\/media?parent=35228"}],"wp:term":[{"taxonomy":"product_cat","embeddable":true,"href":"https:\/\/ddt.lv\/lv\/wp-json\/wp\/v2\/product_cat?post=35228"},{"taxonomy":"product_tag","embeddable":true,"href":"https:\/\/ddt.lv\/lv\/wp-json\/wp\/v2\/product_tag?post=35228"},{"taxonomy":"yst_prominent_words","embeddable":true,"href":"https:\/\/ddt.lv\/lv\/wp-json\/wp\/v2\/yst_prominent_words?post=35228"}],"curies":[{"name":"wp","href":"https:\/\/api.w.org\/{rel}","templated":true}]}}