{"id":35226,"date":"2022-11-11T11:00:12","date_gmt":"2022-11-11T09:00:12","guid":{"rendered":"https:\/\/ddt.lv\/lv\/product\/z-sv-virt-chain-mirg-bb-melna-ww-150led-6w-ip44-3m\/"},"modified":"2026-04-08T14:45:34","modified_gmt":"2026-04-08T11:45:34","slug":"z-sv-virt-chain-mirg-bb-melna-ww-150led-6w-ip44-3m","status":"publish","type":"product","link":"https:\/\/ddt.lv\/lv\/product\/z-sv-virt-chain-mirg-bb-melna-ww-150led-6w-ip44-3m\/","title":{"rendered":"Z-sv virt. CHAIN mirg BB melna WW 150LED 6W IP44 3m"},"content":{"rendered":"<p>CONNECT SYSTEM PROFI sist\u0113mas LED ziemassv\u0113tku virtenes visvair\u0101k izce\u013cas, ja t\u0101s ir apt\u012btas ap sij\u0101m, marg\u0101m, durvju r\u0101mjiem vai uz \u0101ra koka m\u0101jas priek\u0161\u0101. J\u016bs varat savienot vair\u0101kas virtenes vienu ar otru un apvienot t\u0101s ar citiem CONNECT SYSTEM PROFI sist\u0113mas LED gaismas elementiem. <span class=\"HwtZe\" lang=\"lv\"><span class=\"jCAhz\"><span class=\"ryNqvb\">EMOS z\u012bmola virtenes m\u0113s varam izmantot rot\u0101\u0161anai gan telp\u0101s, gan \u0101rpus telp\u0101m, ko nodro\u0161ina aizsardz\u012bbas pak\u0101pe &#8211;<\/span><\/span><\/span><span class=\"HwtZe\" lang=\"lv\"><span class=\"jCAhz\"><span class=\"ryNqvb\"> IP44.<\/span><\/span><\/span><\/p>\n<p>Pateicoties moderno un ener\u0123iju taupo\u0161o LED mikrosh\u0113mu izmanto\u0161anai, \u0161\u012bs apgaismojuma sist\u0113mas neapgr\u016btin\u0101s j\u016bs finansi\u0101li un pal\u012bdz\u0113s rad\u012bt m\u0101j\u012bgu atmosf\u0113ru daudzos sv\u0113tku gad\u012bjumos.<\/p>","protected":false},"excerpt":{"rendered":"<p>CONNECT SYSTEM PROFI sist\u0113mas LED ziemassv\u0113tku virtenes visvair\u0101k izce\u013cas, ja t\u0101s ir apt\u012btas ap sij\u0101m, marg\u0101m, durvju r\u0101mjiem vai uz \u0101ra koka m\u0101jas priek\u0161\u0101. J\u016bs varat savienot vair\u0101kas virtenes vienu ar otru un apvienot t\u0101s ar citiem CONNECT SYSTEM PROFI sist\u0113mas LED gaismas elementiem. EMOS z\u012bmola virtenes m\u0113s varam izmantot rot\u0101\u0161anai gan telp\u0101s, gan \u0101rpus [&hellip;]<\/p>\n","protected":false},"featured_media":35263,"comment_status":"closed","ping_status":"closed","template":"","meta":{"inline_featured_image":false},"product_cat":[912],"product_tag":[],"yst_prominent_words":[],"class_list":{"0":"post-35226","1":"product","2":"type-product","3":"status-publish","4":"has-post-thumbnail","6":"product_cat-ara-virtenes","8":"first","9":"outofstock","10":"taxable","11":"shipping-taxable","12":"purchasable","13":"product-type-simple"},"jetpack_sharing_enabled":true,"_links":{"self":[{"href":"https:\/\/ddt.lv\/lv\/wp-json\/wp\/v2\/product\/35226"}],"collection":[{"href":"https:\/\/ddt.lv\/lv\/wp-json\/wp\/v2\/product"}],"about":[{"href":"https:\/\/ddt.lv\/lv\/wp-json\/wp\/v2\/types\/product"}],"replies":[{"embeddable":true,"href":"https:\/\/ddt.lv\/lv\/wp-json\/wp\/v2\/comments?post=35226"}],"wp:featuredmedia":[{"embeddable":true,"href":"https:\/\/ddt.lv\/lv\/wp-json\/wp\/v2\/media\/35263"}],"wp:attachment":[{"href":"https:\/\/ddt.lv\/lv\/wp-json\/wp\/v2\/media?parent=35226"}],"wp:term":[{"taxonomy":"product_cat","embeddable":true,"href":"https:\/\/ddt.lv\/lv\/wp-json\/wp\/v2\/product_cat?post=35226"},{"taxonomy":"product_tag","embeddable":true,"href":"https:\/\/ddt.lv\/lv\/wp-json\/wp\/v2\/product_tag?post=35226"},{"taxonomy":"yst_prominent_words","embeddable":true,"href":"https:\/\/ddt.lv\/lv\/wp-json\/wp\/v2\/yst_prominent_words?post=35226"}],"curies":[{"name":"wp","href":"https:\/\/api.w.org\/{rel}","templated":true}]}}