{"id":35223,"date":"2022-11-11T11:00:11","date_gmt":"2022-11-11T09:00:11","guid":{"rendered":"https:\/\/ddt.lv\/lv\/product\/z-sv-virt-chain-mirg-bb-balta-ww-100led-6w-ip44-10m\/"},"modified":"2026-04-08T14:45:34","modified_gmt":"2026-04-08T11:45:34","slug":"z-sv-virt-chain-mirg-bb-balta-ww-100led-6w-ip44-10m","status":"publish","type":"product","link":"https:\/\/ddt.lv\/lv\/product\/z-sv-virt-chain-mirg-bb-balta-ww-100led-6w-ip44-10m\/","title":{"rendered":"Z-sv virt. CHAIN mirg BB balta WW 100LED 6W IP44 10m"},"content":{"rendered":"<p><span class=\"HwtZe\" lang=\"lv\"><span class=\"jCAhz ChMk0b\"><span class=\"ryNqvb\">CONNECT SYSTEM PROFI LED ziemassv\u0113tku gaismas virtenes ir pieejamas 5 m vai 10 m garum\u0101. Ja mekl\u0113jat kr\u0101su, kas vislab\u0101k atbilst j\u016bsu m\u0101jas eksterjeram vai interjeram, varat izv\u0113l\u0113ties no silti baltas vai v\u0113si baltas. <span class=\"jCAhz\">EMOS z\u012bmola virtenes m\u0113s varam izmantot rot\u0101\u0161anai gan telp\u0101s, gan \u0101rpus telp\u0101m, ko nodro\u0161ina aizsardz\u012bbas pak\u0101pe &#8211;<\/span><span class=\"jCAhz\"> IP44.<\/span><br \/>\n<\/span><\/span><\/span><\/p>\n<p><span class=\"HwtZe\" lang=\"lv\"><span class=\"jCAhz\"><span class=\"ryNqvb\">Ziemassv\u0113tku virtene, mirgojo\u0161a,\u00a0 silti balt\u0101 kr\u0101s\u0101. Izm\u0113rs: 10 m, izmanto\u0161ana: \u0101r\u0101 un iek\u0161telp\u0101s, t\u0101lvad\u012bbas pults: nav, funkcija: gaisma, baro\u0161anas veids: t\u012bkla adapteris (nav iek\u013cauts), forma: klasiska, LED skaits: 100, LED atstarpe: 10 cm, LED izm\u0113rs: 7 mm, vadu garums: 10 cm, koka augstumam: nav nor\u0101d\u012bts, vadu kr\u0101sa: balta, str\u0101vas pat\u0113ri\u0146\u0161: maks. 6 W, ieejas spriegums: 30 V DC, piesl\u0113guma iesp\u0113ja: j\u0101, v\u0101ks: IP44, kalpo\u0161anas laiks: 10 000 stundas, materi\u0101ls: gumija, garantijas laiks: 3 gadi, p\u0101rdo\u0161anas iepakojums: 1 gab, kaste.<\/span><\/span><\/span><\/p>","protected":false},"excerpt":{"rendered":"<p>CONNECT SYSTEM PROFI LED ziemassv\u0113tku gaismas virtenes ir pieejamas 5 m vai 10 m garum\u0101. Ja mekl\u0113jat kr\u0101su, kas vislab\u0101k atbilst j\u016bsu m\u0101jas eksterjeram vai interjeram, varat izv\u0113l\u0113ties no silti baltas vai v\u0113si baltas. EMOS z\u012bmola virtenes m\u0113s varam izmantot rot\u0101\u0161anai gan telp\u0101s, gan \u0101rpus telp\u0101m, ko nodro\u0161ina aizsardz\u012bbas pak\u0101pe &#8211; IP44. Ziemassv\u0113tku virtene, mirgojo\u0161a,\u00a0 [&hellip;]<\/p>\n","protected":false},"featured_media":35245,"comment_status":"closed","ping_status":"closed","template":"","meta":{"inline_featured_image":false},"product_cat":[912],"product_tag":[],"yst_prominent_words":[],"class_list":{"0":"post-35223","1":"product","2":"type-product","3":"status-publish","4":"has-post-thumbnail","6":"product_cat-ara-virtenes","8":"first","9":"outofstock","10":"taxable","11":"shipping-taxable","12":"purchasable","13":"product-type-simple"},"jetpack_sharing_enabled":true,"_links":{"self":[{"href":"https:\/\/ddt.lv\/lv\/wp-json\/wp\/v2\/product\/35223"}],"collection":[{"href":"https:\/\/ddt.lv\/lv\/wp-json\/wp\/v2\/product"}],"about":[{"href":"https:\/\/ddt.lv\/lv\/wp-json\/wp\/v2\/types\/product"}],"replies":[{"embeddable":true,"href":"https:\/\/ddt.lv\/lv\/wp-json\/wp\/v2\/comments?post=35223"}],"wp:featuredmedia":[{"embeddable":true,"href":"https:\/\/ddt.lv\/lv\/wp-json\/wp\/v2\/media\/35245"}],"wp:attachment":[{"href":"https:\/\/ddt.lv\/lv\/wp-json\/wp\/v2\/media?parent=35223"}],"wp:term":[{"taxonomy":"product_cat","embeddable":true,"href":"https:\/\/ddt.lv\/lv\/wp-json\/wp\/v2\/product_cat?post=35223"},{"taxonomy":"product_tag","embeddable":true,"href":"https:\/\/ddt.lv\/lv\/wp-json\/wp\/v2\/product_tag?post=35223"},{"taxonomy":"yst_prominent_words","embeddable":true,"href":"https:\/\/ddt.lv\/lv\/wp-json\/wp\/v2\/yst_prominent_words?post=35223"}],"curies":[{"name":"wp","href":"https:\/\/api.w.org\/{rel}","templated":true}]}}