{"id":35145,"date":"2022-10-31T22:40:21","date_gmt":"2022-10-31T20:40:21","guid":{"rendered":"https:\/\/ddt.lv\/lv\/product\/17608-aluminium-light-f30-pro-34906-lukturis-varta\/"},"modified":"2026-04-06T11:02:24","modified_gmt":"2026-04-06T08:02:24","slug":"17608-aluminium-light-f30-pro-34906-lukturis-varta","status":"publish","type":"product","link":"https:\/\/ddt.lv\/lv\/product\/17608-aluminium-light-f30-pro-34906-lukturis-varta\/","title":{"rendered":"17608 ALUMINIUM LIGHT F30 PRO 3*4906 Lukturis VARTA"},"content":{"rendered":"<p>VARTA Aluminium Light F30 Pro ir \u0113rts un paroc\u012bgs rokas lukturis, kas darbojass ar prec\u012bzu fokusu vai ar platle\u0146\u0137i. Tas ir elegants luktur\u012btis ar melnu anod\u0113tu alum\u012bnija korpusu ar 3 apgaismojuma re\u017e\u012bmiem, augstu gaismas jaudu un ilgu darb\u012bbas laiku!<\/p>\n<p>&nbsp;<\/p>","protected":false},"excerpt":{"rendered":"<p>VARTA Aluminium Light F30 Pro ir \u0113rts un paroc\u012bgs rokas lukturis, kas darbojass ar prec\u012bzu fokusu vai ar platle\u0146\u0137i. Tas ir elegants luktur\u012btis ar melnu anod\u0113tu alum\u012bnija korpusu ar 3 apgaismojuma re\u017e\u012bmiem, augstu gaismas jaudu un ilgu darb\u012bbas laiku! &nbsp;<\/p>\n","protected":false},"featured_media":35194,"comment_status":"closed","ping_status":"closed","template":"","meta":{"inline_featured_image":false},"product_cat":[772,727,726],"product_tag":[],"yst_prominent_words":[],"class_list":{"0":"post-35145","1":"product","2":"type-product","3":"status-publish","4":"has-post-thumbnail","6":"product_cat-atlaides","7":"product_cat-galvas","8":"product_cat-kabatas","10":"first","11":"instock","12":"sale","13":"taxable","14":"shipping-taxable","15":"purchasable","16":"product-type-simple"},"jetpack_sharing_enabled":true,"_links":{"self":[{"href":"https:\/\/ddt.lv\/lv\/wp-json\/wp\/v2\/product\/35145"}],"collection":[{"href":"https:\/\/ddt.lv\/lv\/wp-json\/wp\/v2\/product"}],"about":[{"href":"https:\/\/ddt.lv\/lv\/wp-json\/wp\/v2\/types\/product"}],"replies":[{"embeddable":true,"href":"https:\/\/ddt.lv\/lv\/wp-json\/wp\/v2\/comments?post=35145"}],"wp:featuredmedia":[{"embeddable":true,"href":"https:\/\/ddt.lv\/lv\/wp-json\/wp\/v2\/media\/35194"}],"wp:attachment":[{"href":"https:\/\/ddt.lv\/lv\/wp-json\/wp\/v2\/media?parent=35145"}],"wp:term":[{"taxonomy":"product_cat","embeddable":true,"href":"https:\/\/ddt.lv\/lv\/wp-json\/wp\/v2\/product_cat?post=35145"},{"taxonomy":"product_tag","embeddable":true,"href":"https:\/\/ddt.lv\/lv\/wp-json\/wp\/v2\/product_tag?post=35145"},{"taxonomy":"yst_prominent_words","embeddable":true,"href":"https:\/\/ddt.lv\/lv\/wp-json\/wp\/v2\/yst_prominent_words?post=35145"}],"curies":[{"name":"wp","href":"https:\/\/api.w.org\/{rel}","templated":true}]}}