{"id":35143,"date":"2022-10-31T22:40:21","date_gmt":"2022-10-31T20:40:21","guid":{"rendered":"https:\/\/ddt.lv\/lv\/product\/18650-outdoor-sports-h30r-wireless-pro-lukturis-varta\/"},"modified":"2026-04-22T08:47:11","modified_gmt":"2026-04-22T05:47:11","slug":"18650-outdoor-sports-h30r-wireless-pro-lukturis-varta","status":"publish","type":"product","link":"https:\/\/ddt.lv\/lv\/product\/18650-outdoor-sports-h30r-wireless-pro-lukturis-varta\/","title":{"rendered":"18650 uzl\u0101d\u0113jams OUTDOOR SPORTS H30R WIRELESS PRO Lukturis VARTA"},"content":{"rendered":"<p>Outdoor Sports Lights s\u0113rija pied\u0101v\u0101 perfektu gaismu ikvienam piedz\u012bvojumam. \u0160im diapazonam ir rakstur\u012bgas lieliskas \u0101ra funkcijas, piem\u0113ram, \u016bdens un triecieniztur\u012bba, spilgtas kr\u0101sas un noder\u012bgas funkcijas.<\/p>\n<p>Uzl\u0101d\u0113jami \u0101ra galvas lukturis, jauda l\u012bdz 400lm, inovat\u012bva bezvadu uzl\u0101des tehnolo\u0123ija, aptum\u0161o\u0161anas funkcija, groz\u0101ma galva un regul\u0113jama galva, regul\u0113jama siksna atbilsto\u0161i galvas izm\u0113ram.<\/p>","protected":false},"excerpt":{"rendered":"<p>Outdoor Sports Lights s\u0113rija pied\u0101v\u0101 perfektu gaismu ikvienam piedz\u012bvojumam. \u0160im diapazonam ir rakstur\u012bgas lieliskas \u0101ra funkcijas, piem\u0113ram, \u016bdens un triecieniztur\u012bba, spilgtas kr\u0101sas un noder\u012bgas funkcijas. Uzl\u0101d\u0113jami \u0101ra galvas lukturis, jauda l\u012bdz 400lm, inovat\u012bva bezvadu uzl\u0101des tehnolo\u0123ija, aptum\u0161o\u0161anas funkcija, groz\u0101ma galva un regul\u0113jama galva, regul\u0113jama siksna atbilsto\u0161i galvas izm\u0113ram.<\/p>\n","protected":false},"featured_media":35189,"comment_status":"closed","ping_status":"closed","template":"","meta":{"inline_featured_image":false},"product_cat":[772,727],"product_tag":[],"yst_prominent_words":[],"class_list":{"0":"post-35143","1":"product","2":"type-product","3":"status-publish","4":"has-post-thumbnail","6":"product_cat-atlaides","7":"product_cat-galvas","9":"first","10":"instock","11":"sale","12":"taxable","13":"shipping-taxable","14":"purchasable","15":"product-type-simple"},"jetpack_sharing_enabled":true,"_links":{"self":[{"href":"https:\/\/ddt.lv\/lv\/wp-json\/wp\/v2\/product\/35143"}],"collection":[{"href":"https:\/\/ddt.lv\/lv\/wp-json\/wp\/v2\/product"}],"about":[{"href":"https:\/\/ddt.lv\/lv\/wp-json\/wp\/v2\/types\/product"}],"replies":[{"embeddable":true,"href":"https:\/\/ddt.lv\/lv\/wp-json\/wp\/v2\/comments?post=35143"}],"wp:featuredmedia":[{"embeddable":true,"href":"https:\/\/ddt.lv\/lv\/wp-json\/wp\/v2\/media\/35189"}],"wp:attachment":[{"href":"https:\/\/ddt.lv\/lv\/wp-json\/wp\/v2\/media?parent=35143"}],"wp:term":[{"taxonomy":"product_cat","embeddable":true,"href":"https:\/\/ddt.lv\/lv\/wp-json\/wp\/v2\/product_cat?post=35143"},{"taxonomy":"product_tag","embeddable":true,"href":"https:\/\/ddt.lv\/lv\/wp-json\/wp\/v2\/product_tag?post=35143"},{"taxonomy":"yst_prominent_words","embeddable":true,"href":"https:\/\/ddt.lv\/lv\/wp-json\/wp\/v2\/yst_prominent_words?post=35143"}],"curies":[{"name":"wp","href":"https:\/\/api.w.org\/{rel}","templated":true}]}}