{"id":35137,"date":"2022-10-31T22:20:23","date_gmt":"2022-10-31T20:20:23","guid":{"rendered":"https:\/\/ddt.lv\/lv\/product\/57656-mini-ladejama-ierice-2xaaa-800mah-varta\/"},"modified":"2026-04-08T14:42:03","modified_gmt":"2026-04-08T11:42:03","slug":"57656-mini-ladejama-ierice-2xaaa-800mah-varta","status":"publish","type":"product","link":"https:\/\/ddt.lv\/lv\/product\/57656-mini-ladejama-ierice-2xaaa-800mah-varta\/","title":{"rendered":"57656 Mini L\u0101d\u0113jam\u0101 ier\u012bce + 2xAAA 800mAh VARTA"},"content":{"rendered":"<p>Uzl\u0101d\u0113 2 AA vai 2 AAA baterijas l\u012bdz pat 4,5 stund\u0101m<br \/>\nAr za\u013c\u0101m gaismas diod\u0113m uzl\u0101des indikatoram<br \/>\nVar izmantot vis\u0101 pasaul\u0113 (100-240V)<br \/>\nUzlabota dro\u0161\u012bbas tehnolo\u0123ija: taimera izsl\u0113g\u0161ana, negat\u012bva delta V izsl\u0113g\u0161ana, slikta \u0161\u016bnu noteik\u0161ana un daudz kas cits.<\/p>","protected":false},"excerpt":{"rendered":"<p>Uzl\u0101d\u0113 2 AA vai 2 AAA baterijas l\u012bdz pat 4,5 stund\u0101m Ar za\u013c\u0101m gaismas diod\u0113m uzl\u0101des indikatoram Var izmantot vis\u0101 pasaul\u0113 (100-240V) Uzlabota dro\u0161\u012bbas tehnolo\u0123ija: taimera izsl\u0113g\u0161ana, negat\u012bva delta V izsl\u0113g\u0161ana, slikta \u0161\u016bnu noteik\u0161ana un daudz kas cits.<\/p>\n","protected":false},"featured_media":35142,"comment_status":"closed","ping_status":"closed","template":"","meta":{"inline_featured_image":false},"product_cat":[772,453],"product_tag":[],"yst_prominent_words":[],"class_list":{"0":"post-35137","1":"product","2":"type-product","3":"status-publish","4":"has-post-thumbnail","6":"product_cat-atlaides","7":"product_cat-ladesanas-ierices","9":"first","10":"instock","11":"sale","12":"taxable","13":"shipping-taxable","14":"purchasable","15":"product-type-simple"},"jetpack_sharing_enabled":true,"_links":{"self":[{"href":"https:\/\/ddt.lv\/lv\/wp-json\/wp\/v2\/product\/35137"}],"collection":[{"href":"https:\/\/ddt.lv\/lv\/wp-json\/wp\/v2\/product"}],"about":[{"href":"https:\/\/ddt.lv\/lv\/wp-json\/wp\/v2\/types\/product"}],"replies":[{"embeddable":true,"href":"https:\/\/ddt.lv\/lv\/wp-json\/wp\/v2\/comments?post=35137"}],"wp:featuredmedia":[{"embeddable":true,"href":"https:\/\/ddt.lv\/lv\/wp-json\/wp\/v2\/media\/35142"}],"wp:attachment":[{"href":"https:\/\/ddt.lv\/lv\/wp-json\/wp\/v2\/media?parent=35137"}],"wp:term":[{"taxonomy":"product_cat","embeddable":true,"href":"https:\/\/ddt.lv\/lv\/wp-json\/wp\/v2\/product_cat?post=35137"},{"taxonomy":"product_tag","embeddable":true,"href":"https:\/\/ddt.lv\/lv\/wp-json\/wp\/v2\/product_tag?post=35137"},{"taxonomy":"yst_prominent_words","embeddable":true,"href":"https:\/\/ddt.lv\/lv\/wp-json\/wp\/v2\/yst_prominent_words?post=35137"}],"curies":[{"name":"wp","href":"https:\/\/api.w.org\/{rel}","templated":true}]}}