{"id":35136,"date":"2022-10-31T22:20:23","date_gmt":"2022-10-31T20:20:23","guid":{"rendered":"https:\/\/ddt.lv\/lv\/product\/57656-mini-2-viet-ladejama-ierice-2xaa-2100mah-bl1-varta\/"},"modified":"2026-04-08T14:42:03","modified_gmt":"2026-04-08T11:42:03","slug":"57656-mini-2-viet-ladejama-ierice-2xaa-2100mah-bl1-varta","status":"publish","type":"product","link":"https:\/\/ddt.lv\/lv\/product\/57656-mini-2-viet-ladejama-ierice-2xaa-2100mah-bl1-varta\/","title":{"rendered":"57656 MINI 2.viet. l\u0101d\u0113jam\u0101 ier\u012bce+2XAA 2100mAh BL1 VARTA"},"content":{"rendered":"<p>- Uzl\u0101d\u0113 2 AA vai AAA NiMH baterijas<\/p>\n<p>&#8211;\u00a0Uzl\u0101des laiks: 4,5\u00a0h (pamatojoties uz 2x AA\u00a01600\u00a0mAh. Veiktsp\u0113ja var at\u0161\u0137irties)<\/p>\n<p>&#8211; ES spraudnis<\/p>\n<p>&#8211; Var izmantot vis\u0101 pasaul\u0113 (100-240V)<\/p>\n<p>&#8211; Za\u013cas gaismas diodes uzl\u0101des indikatoram<\/p>\n<p>&#8211; Peldo\u0161\u0101 uzl\u0101de vislab\u0101kajiem uzl\u0101des rezult\u0101tiem<\/p>\n<p>&#8211; Uzlabota un visaptvero\u0161a dro\u0161\u012bbas tehnolo\u0123ija: taimera izsl\u0113g\u0161ana, negat\u012bva delta V atsl\u0113g\u0161an\u0101s, sliktu elementu un s\u0101rma bateriju noteik\u0161ana, apgriezt\u0101s polarit\u0101tes aizsardz\u012bba, \u012bssavienojuma aizsardz\u012bba<\/p>\n<p>&#8211; Unik\u0101ls un augstas kvalit\u0101tes VARTA dizains izcilam produkta izskatam<\/p>\n<p>&#8211; Apr\u012bkots ar 2x Recharge Accu Power AAA 800 mAh<\/p>","protected":false},"excerpt":{"rendered":"<p>&#8211; Uzl\u0101d\u0113 2 AA vai AAA NiMH baterijas &#8211;\u00a0Uzl\u0101des laiks: 4,5\u00a0h (pamatojoties uz 2x AA\u00a01600\u00a0mAh. Veiktsp\u0113ja var at\u0161\u0137irties) &#8211; ES spraudnis &#8211; Var izmantot vis\u0101 pasaul\u0113 (100-240V) &#8211; Za\u013cas gaismas diodes uzl\u0101des indikatoram &#8211; Peldo\u0161\u0101 uzl\u0101de vislab\u0101kajiem uzl\u0101des rezult\u0101tiem &#8211; Uzlabota un visaptvero\u0161a dro\u0161\u012bbas tehnolo\u0123ija: taimera izsl\u0113g\u0161ana, negat\u012bva delta V atsl\u0113g\u0161an\u0101s, sliktu elementu un s\u0101rma [&hellip;]<\/p>\n","protected":false},"featured_media":35142,"comment_status":"closed","ping_status":"closed","template":"","meta":{"inline_featured_image":false},"product_cat":[772,453],"product_tag":[],"yst_prominent_words":[],"class_list":{"0":"post-35136","1":"product","2":"type-product","3":"status-publish","4":"has-post-thumbnail","6":"product_cat-atlaides","7":"product_cat-ladesanas-ierices","9":"first","10":"instock","11":"sale","12":"taxable","13":"shipping-taxable","14":"purchasable","15":"product-type-simple"},"jetpack_sharing_enabled":true,"_links":{"self":[{"href":"https:\/\/ddt.lv\/lv\/wp-json\/wp\/v2\/product\/35136"}],"collection":[{"href":"https:\/\/ddt.lv\/lv\/wp-json\/wp\/v2\/product"}],"about":[{"href":"https:\/\/ddt.lv\/lv\/wp-json\/wp\/v2\/types\/product"}],"replies":[{"embeddable":true,"href":"https:\/\/ddt.lv\/lv\/wp-json\/wp\/v2\/comments?post=35136"}],"wp:featuredmedia":[{"embeddable":true,"href":"https:\/\/ddt.lv\/lv\/wp-json\/wp\/v2\/media\/35142"}],"wp:attachment":[{"href":"https:\/\/ddt.lv\/lv\/wp-json\/wp\/v2\/media?parent=35136"}],"wp:term":[{"taxonomy":"product_cat","embeddable":true,"href":"https:\/\/ddt.lv\/lv\/wp-json\/wp\/v2\/product_cat?post=35136"},{"taxonomy":"product_tag","embeddable":true,"href":"https:\/\/ddt.lv\/lv\/wp-json\/wp\/v2\/product_tag?post=35136"},{"taxonomy":"yst_prominent_words","embeddable":true,"href":"https:\/\/ddt.lv\/lv\/wp-json\/wp\/v2\/yst_prominent_words?post=35136"}],"curies":[{"name":"wp","href":"https:\/\/api.w.org\/{rel}","templated":true}]}}